{"id":5733,"date":"2019-07-10T18:04:13","date_gmt":"2019-07-10T16:04:13","guid":{"rendered":"https:\/\/www.grupoauximara.com\/producto\/lata-redonda-abocardada-productos-carnicos\/"},"modified":"2019-10-04T14:02:24","modified_gmt":"2019-10-04T12:02:24","slug":"round-flared-rim-cans-meat-products","status":"publish","type":"product","link":"https:\/\/www.grupoauximara.com\/en\/product\/round-flared-rim-cans-meat-products\/","title":{"rendered":"Round \/ flared rim cans meat products"},"content":{"rendered":"\t\t<div data-elementor-type=\"product-post\" data-elementor-id=\"5733\" class=\"elementor elementor-5733 elementor-5500\" data-elementor-post-type=\"product\">\n\t\t\t\t\t\t<section class=\"elementor-section elementor-top-section elementor-element elementor-element-b548530 elementor-section-stretched elementor-section-content-middle elementor-section-boxed elementor-section-height-default elementor-section-height-default\" data-id=\"b548530\" data-element_type=\"section\" data-settings=\"{&quot;stretch_section&quot;:&quot;section-stretched&quot;,&quot;background_background&quot;:&quot;classic&quot;,&quot;background_motion_fx_motion_fx_scrolling&quot;:&quot;yes&quot;,&quot;background_motion_fx_translateY_effect&quot;:&quot;yes&quot;,&quot;background_motion_fx_translateY_speed&quot;:{&quot;unit&quot;:&quot;px&quot;,&quot;size&quot;:2,&quot;sizes&quot;:[]},&quot;background_motion_fx_translateY_affectedRange&quot;:{&quot;unit&quot;:&quot;%&quot;,&quot;size&quot;:&quot;&quot;,&quot;sizes&quot;:{&quot;start&quot;:0,&quot;end&quot;:100}},&quot;background_motion_fx_devices&quot;:[&quot;desktop&quot;,&quot;tablet&quot;,&quot;mobile&quot;]}\">\n\t\t\t\t\t\t<div class=\"elementor-container elementor-column-gap-default\">\n\t\t\t\t\t<div class=\"elementor-column elementor-col-100 elementor-top-column elementor-element elementor-element-16bf8ec\" data-id=\"16bf8ec\" data-element_type=\"column\">\n\t\t\t<div class=\"elementor-widget-wrap elementor-element-populated\">\n\t\t\t\t\t\t<div class=\"elementor-element elementor-element-dec0eef elementor-button-info elementor-align-center elementor-mobile-align-center elementor-widget elementor-widget-button\" data-id=\"dec0eef\" data-element_type=\"widget\" data-widget_type=\"button.default\">\n\t\t\t\t<div class=\"elementor-widget-container\">\n\t\t\t\t\t\t\t\t\t<div class=\"elementor-button-wrapper\">\n\t\t\t\t\t<a class=\"elementor-button elementor-button-link elementor-size-md\" href=\"#contacto-prod\">\n\t\t\t\t\t\t<span class=\"elementor-button-content-wrapper\">\n\t\t\t\t\t\t<span class=\"elementor-button-icon\">\n\t\t\t\t<i aria-hidden=\"true\" class=\"fasopal-icon-arrow-right\"><\/i>\t\t\t<\/span>\n\t\t\t\t\t\t\t\t\t<span class=\"elementor-button-text\">REQUEST SAMPLES<\/span>\n\t\t\t\t\t<\/span>\n\t\t\t\t\t<\/a>\n\t\t\t\t<\/div>\n\t\t\t\t\t\t\t\t<\/div>\n\t\t\t\t<\/div>\n\t\t\t\t\t<\/div>\n\t\t<\/div>\n\t\t\t\t\t<\/div>\n\t\t<\/section>\n\t\t\t\t<section class=\"elementor-section elementor-top-section elementor-element elementor-element-57a5f38 elementor-section-stretched elementor-section-boxed elementor-section-height-default elementor-section-height-default\" data-id=\"57a5f38\" data-element_type=\"section\" data-settings=\"{&quot;stretch_section&quot;:&quot;section-stretched&quot;}\">\n\t\t\t\t\t\t<div class=\"elementor-container elementor-column-gap-default\">\n\t\t\t\t\t<div class=\"elementor-column elementor-col-100 elementor-top-column elementor-element elementor-element-f944cbc\" data-id=\"f944cbc\" data-element_type=\"column\">\n\t\t\t<div class=\"elementor-widget-wrap elementor-element-populated\">\n\t\t\t\t\t\t<div class=\"elementor-element elementor-element-6cfcd78 elementor-widget elementor-widget-text-editor\" data-id=\"6cfcd78\" data-element_type=\"widget\" data-widget_type=\"text-editor.default\">\n\t\t\t\t<div class=\"elementor-widget-container\">\n\t\t\t\t\t\t\t<div class=\"elementor-text-editor elementor-clearfix\"><p style=\"text-align: center;\"><span class=\"h2 sub-blue\">Data Sheet<\/span><\/p><\/div>\n\t\t\t\t\t\t<\/div>\n\t\t\t\t<\/div>\n\t\t\t\t<div class=\"elementor-element elementor-element-71bafbc table-responsive elementor-widget elementor-widget-text-editor\" data-id=\"71bafbc\" data-element_type=\"widget\" data-widget_type=\"text-editor.default\">\n\t\t\t\t<div class=\"elementor-widget-container\">\n\t\t\t\t\t\t\t<div class=\"elementor-text-editor elementor-clearfix\"><table cellspacing=\"0\" cellpadding=\"0\"><tbody><tr><th rowspan=\"2\" valign=\"middle\">FORMAT<br \/>mm<\/th><th rowspan=\"2\" valign=\"middle\">HEIGHT<br \/>mm<\/th><th rowspan=\"2\" valign=\"middle\">DESCRIPTION<\/th><th colspan=\"1\" align=\"center\" valign=\"middle\">OPTIONS<\/th><\/tr><tr><th valign=\"middle\">Easy open cap<\/th><\/tr><tr><td>\u220573<\/td><td>110<\/td><td>1\/2 Kg.<\/td><td>OP<\/td><\/tr><tr><td>\u220573\/\u220583<\/td><td>80<\/td><td>Flared 300 gr.<\/td><td>OP<\/td><\/tr><tr><td>\u220573\/\u220583<\/td><td>125<\/td><td>Flared 1\/2 Kg.<\/td><td>OP<\/td><\/tr><tr><td>\u00d873\/\u00d883<\/td><td>230<\/td><td>Flared 800 gr.<\/td><td>OP<\/td><\/tr><tr><td>\u00d893\/\u00d899<\/td><td>251<\/td><td>Flared 1,700 Kg.<\/td><td>OP<\/td><\/tr><\/tbody><\/table><\/div>\n\t\t\t\t\t\t<\/div>\n\t\t\t\t<\/div>\n\t\t\t\t\t<\/div>\n\t\t<\/div>\n\t\t\t\t\t<\/div>\n\t\t<\/section>\n\t\t\t\t<section class=\"elementor-section elementor-top-section elementor-element elementor-element-cf3799d elementor-section-boxed elementor-section-height-default elementor-section-height-default\" data-id=\"cf3799d\" data-element_type=\"section\">\n\t\t\t\t\t\t<div class=\"elementor-container elementor-column-gap-default\">\n\t\t\t\t\t<div class=\"elementor-column elementor-col-100 elementor-top-column elementor-element elementor-element-0df7b32\" data-id=\"0df7b32\" data-element_type=\"column\">\n\t\t\t<div class=\"elementor-widget-wrap elementor-element-populated\">\n\t\t\t\t\t\t<div class=\"elementor-element elementor-element-801a4c8 elementor-widget elementor-widget-spacer\" data-id=\"801a4c8\" data-element_type=\"widget\" data-widget_type=\"spacer.default\">\n\t\t\t\t<div class=\"elementor-widget-container\">\n\t\t\t\t\t\t\t<div class=\"elementor-spacer\">\n\t\t\t<div class=\"elementor-spacer-inner\"><\/div>\n\t\t<\/div>\n\t\t\t\t\t\t<\/div>\n\t\t\t\t<\/div>\n\t\t\t\t\t<\/div>\n\t\t<\/div>\n\t\t\t\t\t<\/div>\n\t\t<\/section>\n\t\t\t\t<section class=\"elementor-section elementor-top-section elementor-element elementor-element-dce2d62 elementor-section-stretched elementor-section-boxed elementor-section-height-default elementor-section-height-default\" data-id=\"dce2d62\" data-element_type=\"section\" id=\"contacto-prod\" data-settings=\"{&quot;stretch_section&quot;:&quot;section-stretched&quot;}\">\n\t\t\t\t\t\t<div class=\"elementor-container elementor-column-gap-default\">\n\t\t\t\t\t<div class=\"elementor-column elementor-col-50 elementor-top-column elementor-element elementor-element-9ff5441\" data-id=\"9ff5441\" data-element_type=\"column\">\n\t\t\t<div class=\"elementor-widget-wrap elementor-element-populated\">\n\t\t\t\t\t\t<div class=\"elementor-element elementor-element-d091192 elementor-widget elementor-widget-heading\" data-id=\"d091192\" data-element_type=\"widget\" data-widget_type=\"heading.default\">\n\t\t\t\t<div class=\"elementor-widget-container\">\n\t\t\t\t\t<h3 class=\"elementor-heading-title elementor-size-default\">Request samples<\/h3>\t\t\t\t<\/div>\n\t\t\t\t<\/div>\n\t\t\t\t<div class=\"elementor-element elementor-element-c2b45d1 elementor-widget-divider--view-line elementor-widget elementor-widget-divider\" data-id=\"c2b45d1\" data-element_type=\"widget\" data-widget_type=\"divider.default\">\n\t\t\t\t<div class=\"elementor-widget-container\">\n\t\t\t\t\t\t\t<div class=\"elementor-divider\">\n\t\t\t<span class=\"elementor-divider-separator\">\n\t\t\t\t\t\t<\/span>\n\t\t<\/div>\n\t\t\t\t\t\t<\/div>\n\t\t\t\t<\/div>\n\t\t\t\t<div class=\"elementor-element elementor-element-15154c0 elementor-widget elementor-widget-text-editor\" data-id=\"15154c0\" data-element_type=\"widget\" data-widget_type=\"text-editor.default\">\n\t\t\t\t<div class=\"elementor-widget-container\">\n\t\t\t\t\t\t\t<div class=\"elementor-text-editor elementor-clearfix\">If you need more product information, or the sending of samples, please fill in the form. We will get back to you as soon as possible.\n\n<\/div>\n\t\t\t\t\t\t<\/div>\n\t\t\t\t<\/div>\n\t\t\t\t\t<\/div>\n\t\t<\/div>\n\t\t\t\t<div class=\"elementor-column elementor-col-50 elementor-top-column elementor-element elementor-element-2f4505f\" data-id=\"2f4505f\" data-element_type=\"column\">\n\t\t\t<div class=\"elementor-widget-wrap elementor-element-populated\">\n\t\t\t\t\t\t<div class=\"elementor-element elementor-element-91847d5 elementor-widget elementor-widget-html\" data-id=\"91847d5\" data-element_type=\"widget\" data-widget_type=\"html.default\">\n\t\t\t\t<div class=\"elementor-widget-container\">\n\t\t\t\t\t\n<div class=\"wpcf7 no-js\" id=\"wpcf7-f6085-o1\" lang=\"en-US\" dir=\"ltr\" data-wpcf7-id=\"6085\">\n<div class=\"screen-reader-response\"><p role=\"status\" aria-live=\"polite\" aria-atomic=\"true\"><\/p> <ul><\/ul><\/div>\n<form action=\"\/en\/wp-json\/wp\/v2\/product\/5733#wpcf7-f6085-o1\" method=\"post\" class=\"wpcf7-form init\" aria-label=\"Contact form\" novalidate=\"novalidate\" data-status=\"init\">\n<fieldset class=\"hidden-fields-container\"><input type=\"hidden\" name=\"_wpcf7\" value=\"6085\" \/><input type=\"hidden\" name=\"_wpcf7_version\" value=\"6.1.3\" \/><input type=\"hidden\" name=\"_wpcf7_locale\" value=\"en_US\" \/><input type=\"hidden\" name=\"_wpcf7_unit_tag\" value=\"wpcf7-f6085-o1\" \/><input type=\"hidden\" name=\"_wpcf7_container_post\" value=\"0\" \/><input type=\"hidden\" name=\"_wpcf7_posted_data_hash\" value=\"\" \/><input type=\"hidden\" name=\"_wpcf7_recaptcha_response\" value=\"\" \/>\n<\/fieldset>\n<div class=\"mainform row\">\n\t<div class=\"one-half first\">\n\t\t<div class=\"box form-nombre one-half first\">\n\t\t\t<p><label><span class=\"form-label\">* Name:<\/span><\/label><span class=\"wpcf7-form-control-wrap\" data-name=\"your-name\"><input size=\"40\" maxlength=\"400\" class=\"wpcf7-form-control wpcf7-text wpcf7-validates-as-required\" aria-required=\"true\" aria-invalid=\"false\" placeholder=\"Your name\" value=\"\" type=\"text\" name=\"your-name\" \/><\/span>\n\t\t\t<\/p>\n\t\t<\/div>\n\t\t<div class=\"box form-email one-half\">\n\t\t\t<p><label><span class=\"form-label\">* Email:<\/span><\/label><span class=\"wpcf7-form-control-wrap\" data-name=\"your-email\"><input size=\"40\" maxlength=\"400\" class=\"wpcf7-form-control wpcf7-email wpcf7-validates-as-required wpcf7-text wpcf7-validates-as-email\" aria-required=\"true\" aria-invalid=\"false\" placeholder=\"Your email\" value=\"\" type=\"email\" name=\"your-email\" \/><\/span>\n\t\t\t<\/p>\n\t\t<\/div>\n\t\t<div class=\"form-mensaje\">\n\t\t\t<p><label><span class=\"form-label\">* Message:<\/span><\/label><span class=\"wpcf7-form-control-wrap\" data-name=\"mensaje\"><textarea cols=\"40\" rows=\"10\" maxlength=\"2000\" minlength=\"1\" class=\"wpcf7-form-control wpcf7-textarea wpcf7-validates-as-required\" aria-required=\"true\" aria-invalid=\"false\" placeholder=\"What would you like to ask?\" name=\"mensaje\"><\/textarea><\/span>\n\t\t\t<\/p>\n\t\t<\/div>\n\t<\/div>\n\t<div class=\"one-half\">\n\t\t<div class=\"row\">\n\t\t\t<div class=\"box form-check columns small-6 medium-12 large-12\">\n\t\t\t\t<p><span class=\"wpcf7-form-control-wrap\" data-name=\"acceptance-828\"><span class=\"wpcf7-form-control wpcf7-acceptance\"><span class=\"wpcf7-list-item\"><input type=\"checkbox\" name=\"acceptance-828\" value=\"1\" aria-invalid=\"false\" \/><\/span><\/span><\/span> Accept <a href=\"\/en\/privacy-policy\/\" target=\"_blank\">privacy policy<\/a> and I am in accordance with the use of my data to resolve my question.\n\t\t\t\t<\/p>\n\t\t\t\t<p><span class=\"wpcf7-form-control-wrap\" data-name=\"checkbox-459\"><span class=\"wpcf7-form-control wpcf7-checkbox\" id=\"consiento\"><span class=\"wpcf7-list-item first last\"><input type=\"checkbox\" name=\"checkbox-459[]\" value=\"I am in accordance with the use of my data to receive information and news\" \/><span class=\"wpcf7-list-item-label\">I am in accordance with the use of my data to receive information and news<\/span><\/span><\/span><\/span>\n\t\t\t\t<\/p>\n\t\t\t\t<p>\n\t\t\t\t\n\t\t\t\t<\/p>\n\t\t\t\t<p><input class=\"wpcf7-form-control wpcf7-submit has-spinner\" id=\"contactar\" type=\"submit\" value=\"Submit\" \/>\n\t\t\t\t<\/p>\n\t\t\t<\/div>\n\t\t<\/div>\n\t<\/div>\n\t<div class=\"row lgpd full-width\">\n\t\t<div class=\"box\">\n\t\t\t<p><small class=\"intro-lgpd\"><br \/>\nIn compliance with the provisions in the regulation General of protection of data 2016\/679, GRUPO AUXIMARA informs that its e-mail address, as well as other personal data that may be included in this form form part of a treatment of personal data whose features are detailed below:<\/small><br \/>\n<small><b>Responsible:<\/b> GRUPO AUXIMARA<\/small><br \/>\n<small><b>Purpose:<\/b> Manage queries and comments. Also send you information of our products and the sector, in case that you've accepted it expressly<\/small><br \/>\n<small><b>Legitimation:<\/b> Consent of the interested party or his legal representative.<\/small><br \/>\n<small><b>Recipients:<\/b> GRUPO AUXIMARA does not yield data to third parties. Only if you have consented to the sending of information. <\/small><br \/>\n<small><b>Rights:<\/b> Access, rectify and delete data, such as explained in our <a href=\"\/en\/privacy-policy\/\" target=\"_blank\">privacy policy<\/a>.<\/small><br \/>\n<small><b>Additional information:<\/b> <a href=\"\/en\/privacy-policy\/\" target=\"_blank\">Privacy policy<\/a><\/small>\n\t\t\t<\/p>\n\t\t<\/div>\n\t<\/div>\n<\/div><p style=\"display: none !important;\" class=\"akismet-fields-container\" data-prefix=\"_wpcf7_ak_\"><label>&#916;<textarea name=\"_wpcf7_ak_hp_textarea\" cols=\"45\" rows=\"8\" maxlength=\"100\"><\/textarea><\/label><input type=\"hidden\" id=\"ak_js_1\" name=\"_wpcf7_ak_js\" value=\"203\"\/><script>document.getElementById( \"ak_js_1\" ).setAttribute( \"value\", ( new Date() ).getTime() );<\/script><\/p><div class=\"wpcf7-response-output\" aria-hidden=\"true\"><\/div>\n<\/form>\n<\/div>\n\t\t\t\t<\/div>\n\t\t\t\t<\/div>\n\t\t\t\t\t<\/div>\n\t\t<\/div>\n\t\t\t\t\t<\/div>\n\t\t<\/section>\n\t\t\t\t<section class=\"elementor-section elementor-top-section elementor-element elementor-element-e593b7c elementor-section-boxed elementor-section-height-default elementor-section-height-default\" data-id=\"e593b7c\" data-element_type=\"section\">\n\t\t\t\t\t\t<div class=\"elementor-container elementor-column-gap-default\">\n\t\t\t\t\t<div class=\"elementor-column elementor-col-100 elementor-top-column elementor-element elementor-element-51efd20\" data-id=\"51efd20\" data-element_type=\"column\">\n\t\t\t<div class=\"elementor-widget-wrap elementor-element-populated\">\n\t\t\t\t\t\t<div class=\"elementor-element elementor-element-8ed3067 elementor-widget elementor-widget-spacer\" data-id=\"8ed3067\" data-element_type=\"widget\" data-widget_type=\"spacer.default\">\n\t\t\t\t<div class=\"elementor-widget-container\">\n\t\t\t\t\t\t\t<div class=\"elementor-spacer\">\n\t\t\t<div class=\"elementor-spacer-inner\"><\/div>\n\t\t<\/div>\n\t\t\t\t\t\t<\/div>\n\t\t\t\t<\/div>\n\t\t\t\t\t<\/div>\n\t\t<\/div>\n\t\t\t\t\t<\/div>\n\t\t<\/section>\n\t\t\t\t<\/div>\n\t\t","protected":false},"excerpt":{"rendered":"<p>Designed to make the product easy to extract. Anonymous or printed exterior finish. Wide variety of interior coatings: clear, gold, aluminium, porcelain enamel, meat release, etc.<\/p>\n","protected":false},"featured_media":5502,"template":"","meta":{"inline_featured_image":false},"product_cat":[87,84],"product_tag":[110],"class_list":{"0":"post-5733","1":"product","2":"type-product","3":"status-publish","4":"has-post-thumbnail","6":"product_cat-meat-products-en","7":"product_cat-metal-food-containers-en","8":"product_tag-meat-products","10":"first","11":"instock","12":"shipping-taxable","13":"product-type-simple"},"yoast_head":"<!-- This site is optimized with the Yoast SEO plugin v26.4 - https:\/\/yoast.com\/wordpress\/plugins\/seo\/ -->\n<title>Round \/ flared rim cans meat products | Grupo Auximara<\/title>\n<meta name=\"description\" content=\"Designed to make the product easy to extract. Anonymous or printed exterior finish. Wide variety of interior coatings: clear, gold,...\" \/>\n<meta name=\"robots\" content=\"index, follow, max-snippet:-1, max-image-preview:large, max-video-preview:-1\" \/>\n<link rel=\"canonical\" href=\"https:\/\/www.grupoauximara.com\/en\/product\/round-flared-rim-cans-meat-products\/\" \/>\n<meta property=\"og:locale\" content=\"en_US\" \/>\n<meta property=\"og:type\" content=\"article\" \/>\n<meta property=\"og:title\" content=\"Round \/ flared rim cans meat products | Grupo Auximara\" \/>\n<meta property=\"og:description\" content=\"Designed to make the product easy to extract. Anonymous or printed exterior finish. Wide variety of interior coatings: clear, gold,...\" \/>\n<meta property=\"og:url\" content=\"https:\/\/www.grupoauximara.com\/en\/product\/round-flared-rim-cans-meat-products\/\" \/>\n<meta property=\"og:site_name\" content=\"Auximara\" \/>\n<meta property=\"article:modified_time\" content=\"2019-10-04T12:02:24+00:00\" \/>\n<meta property=\"og:image\" content=\"https:\/\/www.grupoauximara.com\/wp-content\/uploads\/2019\/07\/lata-carnico-redondo-carnicos.jpg\" \/>\n\t<meta property=\"og:image:width\" content=\"800\" \/>\n\t<meta property=\"og:image:height\" content=\"600\" \/>\n\t<meta property=\"og:image:type\" content=\"image\/jpeg\" \/>\n<meta name=\"twitter:card\" content=\"summary_large_image\" \/>\n<script type=\"application\/ld+json\" class=\"yoast-schema-graph\">{\"@context\":\"https:\/\/schema.org\",\"@graph\":[{\"@type\":\"WebPage\",\"@id\":\"https:\/\/www.grupoauximara.com\/en\/product\/round-flared-rim-cans-meat-products\/\",\"url\":\"https:\/\/www.grupoauximara.com\/en\/product\/round-flared-rim-cans-meat-products\/\",\"name\":\"Round \/ flared rim cans meat products | Grupo Auximara\",\"isPartOf\":{\"@id\":\"https:\/\/www.grupoauximara.com\/en\/#website\"},\"primaryImageOfPage\":{\"@id\":\"https:\/\/www.grupoauximara.com\/en\/product\/round-flared-rim-cans-meat-products\/#primaryimage\"},\"image\":{\"@id\":\"https:\/\/www.grupoauximara.com\/en\/product\/round-flared-rim-cans-meat-products\/#primaryimage\"},\"thumbnailUrl\":\"https:\/\/www.grupoauximara.com\/wp-content\/uploads\/2019\/07\/lata-carnico-redondo-carnicos.jpg\",\"datePublished\":\"2019-07-10T16:04:13+00:00\",\"dateModified\":\"2019-10-04T12:02:24+00:00\",\"description\":\"Designed to make the product easy to extract. Anonymous or printed exterior finish. Wide variety of interior coatings: clear, gold,...\",\"breadcrumb\":{\"@id\":\"https:\/\/www.grupoauximara.com\/en\/product\/round-flared-rim-cans-meat-products\/#breadcrumb\"},\"inLanguage\":\"en-US\",\"potentialAction\":[{\"@type\":\"ReadAction\",\"target\":[\"https:\/\/www.grupoauximara.com\/en\/product\/round-flared-rim-cans-meat-products\/\"]}]},{\"@type\":\"ImageObject\",\"inLanguage\":\"en-US\",\"@id\":\"https:\/\/www.grupoauximara.com\/en\/product\/round-flared-rim-cans-meat-products\/#primaryimage\",\"url\":\"https:\/\/www.grupoauximara.com\/wp-content\/uploads\/2019\/07\/lata-carnico-redondo-carnicos.jpg\",\"contentUrl\":\"https:\/\/www.grupoauximara.com\/wp-content\/uploads\/2019\/07\/lata-carnico-redondo-carnicos.jpg\",\"width\":800,\"height\":600,\"caption\":\"Lata redonda productos carnicos\"},{\"@type\":\"BreadcrumbList\",\"@id\":\"https:\/\/www.grupoauximara.com\/en\/product\/round-flared-rim-cans-meat-products\/#breadcrumb\",\"itemListElement\":[{\"@type\":\"ListItem\",\"position\":1,\"name\":\"Portada\",\"item\":\"https:\/\/www.grupoauximara.com\/en\/\"},{\"@type\":\"ListItem\",\"position\":2,\"name\":\"Products\",\"item\":\"https:\/\/www.grupoauximara.com\/en\/shop\/\"},{\"@type\":\"ListItem\",\"position\":3,\"name\":\"Round \/ flared rim cans meat products\"}]},{\"@type\":\"WebSite\",\"@id\":\"https:\/\/www.grupoauximara.com\/en\/#website\",\"url\":\"https:\/\/www.grupoauximara.com\/en\/\",\"name\":\"Auximara\",\"description\":\"Empresa dedicada al dise\u00f1o y fabricaci\u00f3n de latas y envases met\u00e1licos litografiados\",\"potentialAction\":[{\"@type\":\"SearchAction\",\"target\":{\"@type\":\"EntryPoint\",\"urlTemplate\":\"https:\/\/www.grupoauximara.com\/en\/?s={search_term_string}\"},\"query-input\":{\"@type\":\"PropertyValueSpecification\",\"valueRequired\":true,\"valueName\":\"search_term_string\"}}],\"inLanguage\":\"en-US\"}]}<\/script>\n<!-- \/ Yoast SEO plugin. -->","yoast_head_json":{"title":"Round \/ flared rim cans meat products | Grupo Auximara","description":"Designed to make the product easy to extract. Anonymous or printed exterior finish. Wide variety of interior coatings: clear, gold,...","robots":{"index":"index","follow":"follow","max-snippet":"max-snippet:-1","max-image-preview":"max-image-preview:large","max-video-preview":"max-video-preview:-1"},"canonical":"https:\/\/www.grupoauximara.com\/en\/product\/round-flared-rim-cans-meat-products\/","og_locale":"en_US","og_type":"article","og_title":"Round \/ flared rim cans meat products | Grupo Auximara","og_description":"Designed to make the product easy to extract. Anonymous or printed exterior finish. Wide variety of interior coatings: clear, gold,...","og_url":"https:\/\/www.grupoauximara.com\/en\/product\/round-flared-rim-cans-meat-products\/","og_site_name":"Auximara","article_modified_time":"2019-10-04T12:02:24+00:00","og_image":[{"width":800,"height":600,"url":"https:\/\/www.grupoauximara.com\/wp-content\/uploads\/2019\/07\/lata-carnico-redondo-carnicos.jpg","type":"image\/jpeg"}],"twitter_card":"summary_large_image","schema":{"@context":"https:\/\/schema.org","@graph":[{"@type":"WebPage","@id":"https:\/\/www.grupoauximara.com\/en\/product\/round-flared-rim-cans-meat-products\/","url":"https:\/\/www.grupoauximara.com\/en\/product\/round-flared-rim-cans-meat-products\/","name":"Round \/ flared rim cans meat products | Grupo Auximara","isPartOf":{"@id":"https:\/\/www.grupoauximara.com\/en\/#website"},"primaryImageOfPage":{"@id":"https:\/\/www.grupoauximara.com\/en\/product\/round-flared-rim-cans-meat-products\/#primaryimage"},"image":{"@id":"https:\/\/www.grupoauximara.com\/en\/product\/round-flared-rim-cans-meat-products\/#primaryimage"},"thumbnailUrl":"https:\/\/www.grupoauximara.com\/wp-content\/uploads\/2019\/07\/lata-carnico-redondo-carnicos.jpg","datePublished":"2019-07-10T16:04:13+00:00","dateModified":"2019-10-04T12:02:24+00:00","description":"Designed to make the product easy to extract. Anonymous or printed exterior finish. Wide variety of interior coatings: clear, gold,...","breadcrumb":{"@id":"https:\/\/www.grupoauximara.com\/en\/product\/round-flared-rim-cans-meat-products\/#breadcrumb"},"inLanguage":"en-US","potentialAction":[{"@type":"ReadAction","target":["https:\/\/www.grupoauximara.com\/en\/product\/round-flared-rim-cans-meat-products\/"]}]},{"@type":"ImageObject","inLanguage":"en-US","@id":"https:\/\/www.grupoauximara.com\/en\/product\/round-flared-rim-cans-meat-products\/#primaryimage","url":"https:\/\/www.grupoauximara.com\/wp-content\/uploads\/2019\/07\/lata-carnico-redondo-carnicos.jpg","contentUrl":"https:\/\/www.grupoauximara.com\/wp-content\/uploads\/2019\/07\/lata-carnico-redondo-carnicos.jpg","width":800,"height":600,"caption":"Lata redonda productos carnicos"},{"@type":"BreadcrumbList","@id":"https:\/\/www.grupoauximara.com\/en\/product\/round-flared-rim-cans-meat-products\/#breadcrumb","itemListElement":[{"@type":"ListItem","position":1,"name":"Portada","item":"https:\/\/www.grupoauximara.com\/en\/"},{"@type":"ListItem","position":2,"name":"Products","item":"https:\/\/www.grupoauximara.com\/en\/shop\/"},{"@type":"ListItem","position":3,"name":"Round \/ flared rim cans meat products"}]},{"@type":"WebSite","@id":"https:\/\/www.grupoauximara.com\/en\/#website","url":"https:\/\/www.grupoauximara.com\/en\/","name":"Auximara","description":"Empresa dedicada al dise\u00f1o y fabricaci\u00f3n de latas y envases met\u00e1licos litografiados","potentialAction":[{"@type":"SearchAction","target":{"@type":"EntryPoint","urlTemplate":"https:\/\/www.grupoauximara.com\/en\/?s={search_term_string}"},"query-input":{"@type":"PropertyValueSpecification","valueRequired":true,"valueName":"search_term_string"}}],"inLanguage":"en-US"}]}},"_links":{"self":[{"href":"https:\/\/www.grupoauximara.com\/en\/wp-json\/wp\/v2\/product\/5733","targetHints":{"allow":["GET"]}}],"collection":[{"href":"https:\/\/www.grupoauximara.com\/en\/wp-json\/wp\/v2\/product"}],"about":[{"href":"https:\/\/www.grupoauximara.com\/en\/wp-json\/wp\/v2\/types\/product"}],"version-history":[{"count":0,"href":"https:\/\/www.grupoauximara.com\/en\/wp-json\/wp\/v2\/product\/5733\/revisions"}],"wp:featuredmedia":[{"embeddable":true,"href":"https:\/\/www.grupoauximara.com\/en\/wp-json\/wp\/v2\/media\/5502"}],"wp:attachment":[{"href":"https:\/\/www.grupoauximara.com\/en\/wp-json\/wp\/v2\/media?parent=5733"}],"wp:term":[{"taxonomy":"product_cat","embeddable":true,"href":"https:\/\/www.grupoauximara.com\/en\/wp-json\/wp\/v2\/product_cat?post=5733"},{"taxonomy":"product_tag","embeddable":true,"href":"https:\/\/www.grupoauximara.com\/en\/wp-json\/wp\/v2\/product_tag?post=5733"}],"curies":[{"name":"wp","href":"https:\/\/api.w.org\/{rel}","templated":true}]}}