{"id":5729,"date":"2019-07-11T18:16:16","date_gmt":"2019-07-11T16:16:16","guid":{"rendered":"https:\/\/www.grupoauximara.com\/producto\/lata-pimenton-tapa-metalica\/"},"modified":"2019-10-04T14:01:24","modified_gmt":"2019-10-04T12:01:24","slug":"can-paprika-metal-lid","status":"publish","type":"product","link":"https:\/\/www.grupoauximara.com\/en\/product\/can-paprika-metal-lid\/","title":{"rendered":"Can paprika metal lid"},"content":{"rendered":"\t\t<div data-elementor-type=\"product-post\" data-elementor-id=\"5729\" class=\"elementor elementor-5729 elementor-5535\" data-elementor-post-type=\"product\">\n\t\t\t\t\t\t<section class=\"elementor-section elementor-top-section elementor-element elementor-element-bea8ad2 elementor-section-stretched elementor-section-content-middle elementor-section-boxed elementor-section-height-default elementor-section-height-default\" data-id=\"bea8ad2\" data-element_type=\"section\" data-settings=\"{&quot;stretch_section&quot;:&quot;section-stretched&quot;,&quot;background_background&quot;:&quot;classic&quot;,&quot;background_motion_fx_motion_fx_scrolling&quot;:&quot;yes&quot;,&quot;background_motion_fx_translateY_effect&quot;:&quot;yes&quot;,&quot;background_motion_fx_translateY_speed&quot;:{&quot;unit&quot;:&quot;px&quot;,&quot;size&quot;:2,&quot;sizes&quot;:[]},&quot;background_motion_fx_translateY_affectedRange&quot;:{&quot;unit&quot;:&quot;%&quot;,&quot;size&quot;:&quot;&quot;,&quot;sizes&quot;:{&quot;start&quot;:0,&quot;end&quot;:100}},&quot;background_motion_fx_devices&quot;:[&quot;desktop&quot;,&quot;tablet&quot;,&quot;mobile&quot;]}\">\n\t\t\t\t\t\t<div class=\"elementor-container elementor-column-gap-default\">\n\t\t\t\t\t<div class=\"elementor-column elementor-col-100 elementor-top-column elementor-element elementor-element-14bfd16\" data-id=\"14bfd16\" data-element_type=\"column\">\n\t\t\t<div class=\"elementor-widget-wrap elementor-element-populated\">\n\t\t\t\t\t\t<div class=\"elementor-element elementor-element-479657d elementor-button-info elementor-align-center elementor-mobile-align-center elementor-widget elementor-widget-button\" data-id=\"479657d\" data-element_type=\"widget\" data-widget_type=\"button.default\">\n\t\t\t\t<div class=\"elementor-widget-container\">\n\t\t\t\t\t\t\t\t\t<div class=\"elementor-button-wrapper\">\n\t\t\t\t\t<a class=\"elementor-button elementor-button-link elementor-size-md\" href=\"#contacto-prod\">\n\t\t\t\t\t\t<span class=\"elementor-button-content-wrapper\">\n\t\t\t\t\t\t<span class=\"elementor-button-icon\">\n\t\t\t\t<i aria-hidden=\"true\" class=\"fasopal-icon-arrow-right\"><\/i>\t\t\t<\/span>\n\t\t\t\t\t\t\t\t\t<span class=\"elementor-button-text\">REQUEST SAMPLES<\/span>\n\t\t\t\t\t<\/span>\n\t\t\t\t\t<\/a>\n\t\t\t\t<\/div>\n\t\t\t\t\t\t\t\t<\/div>\n\t\t\t\t<\/div>\n\t\t\t\t\t<\/div>\n\t\t<\/div>\n\t\t\t\t\t<\/div>\n\t\t<\/section>\n\t\t\t\t<section class=\"elementor-section elementor-top-section elementor-element elementor-element-e73c69f elementor-section-stretched elementor-section-boxed elementor-section-height-default elementor-section-height-default\" data-id=\"e73c69f\" data-element_type=\"section\" data-settings=\"{&quot;stretch_section&quot;:&quot;section-stretched&quot;}\">\n\t\t\t\t\t\t<div class=\"elementor-container elementor-column-gap-default\">\n\t\t\t\t\t<div class=\"elementor-column elementor-col-100 elementor-top-column elementor-element elementor-element-691455a\" data-id=\"691455a\" data-element_type=\"column\">\n\t\t\t<div class=\"elementor-widget-wrap elementor-element-populated\">\n\t\t\t\t\t\t<div class=\"elementor-element elementor-element-1204773 elementor-widget elementor-widget-text-editor\" data-id=\"1204773\" data-element_type=\"widget\" data-widget_type=\"text-editor.default\">\n\t\t\t\t<div class=\"elementor-widget-container\">\n\t\t\t\t\t\t\t<div class=\"elementor-text-editor elementor-clearfix\"><p style=\"text-align: center;\"><span class=\"h2 sub-blue\">Data Sheet<\/span><\/p><\/div>\n\t\t\t\t\t\t<\/div>\n\t\t\t\t<\/div>\n\t\t\t\t<div class=\"elementor-element elementor-element-57cc585 table-responsive elementor-widget elementor-widget-text-editor\" data-id=\"57cc585\" data-element_type=\"widget\" data-widget_type=\"text-editor.default\">\n\t\t\t\t<div class=\"elementor-widget-container\">\n\t\t\t\t\t\t\t<div class=\"elementor-text-editor elementor-clearfix\"><table cellspacing=\"0\" cellpadding=\"0\">\n<tbody>\n<tr>\n<th valign=\"middle\">FORMAT\nmm<\/th>\n<th valign=\"middle\">HEIGHT\nmm<\/th>\n<th valign=\"middle\">CAPACITY<\/th>\n<\/tr>\n<tr>\n<td>102 x 102<\/td>\n<td>95<\/td>\n<td>500 gr.<\/td>\n<\/tr><tr>\n<td>102 x 102<\/td>\n<td>165<\/td>\n<td>800 gr.<\/td>\n<\/tr><tr>\n<td>102 x 102<\/td>\n<td>210<\/td>\n<td>1 Kg.<\/td>\n<\/tr><tr>\n<td>164 x 110<\/td>\n<td>170<\/td>\n<td>1,750 Kg.<\/td>\n<\/tr><tr>\n<td>164 x 110<\/td>\n<td>240<\/td>\n<td>2,650 Kg.<\/td>\n<\/tr>\n<\/tbody>\n<\/table><\/div>\n\t\t\t\t\t\t<\/div>\n\t\t\t\t<\/div>\n\t\t\t\t\t<\/div>\n\t\t<\/div>\n\t\t\t\t\t<\/div>\n\t\t<\/section>\n\t\t\t\t<section class=\"elementor-section elementor-top-section elementor-element elementor-element-b978d2a elementor-section-stretched elementor-section-boxed elementor-section-height-default elementor-section-height-default\" data-id=\"b978d2a\" data-element_type=\"section\" id=\"contacto-prod\" data-settings=\"{&quot;stretch_section&quot;:&quot;section-stretched&quot;}\">\n\t\t\t\t\t\t<div class=\"elementor-container elementor-column-gap-default\">\n\t\t\t\t\t<div class=\"elementor-column elementor-col-50 elementor-top-column elementor-element elementor-element-6e0947e\" data-id=\"6e0947e\" data-element_type=\"column\">\n\t\t\t<div class=\"elementor-widget-wrap elementor-element-populated\">\n\t\t\t\t\t\t<div class=\"elementor-element elementor-element-5f37bf1 elementor-widget elementor-widget-heading\" data-id=\"5f37bf1\" data-element_type=\"widget\" data-widget_type=\"heading.default\">\n\t\t\t\t<div class=\"elementor-widget-container\">\n\t\t\t\t\t<h3 class=\"elementor-heading-title elementor-size-default\">Request samples<\/h3>\t\t\t\t<\/div>\n\t\t\t\t<\/div>\n\t\t\t\t<div class=\"elementor-element elementor-element-bf34171 elementor-widget-divider--view-line elementor-widget elementor-widget-divider\" data-id=\"bf34171\" data-element_type=\"widget\" data-widget_type=\"divider.default\">\n\t\t\t\t<div class=\"elementor-widget-container\">\n\t\t\t\t\t\t\t<div class=\"elementor-divider\">\n\t\t\t<span class=\"elementor-divider-separator\">\n\t\t\t\t\t\t<\/span>\n\t\t<\/div>\n\t\t\t\t\t\t<\/div>\n\t\t\t\t<\/div>\n\t\t\t\t<div class=\"elementor-element elementor-element-9d16a4f elementor-widget elementor-widget-text-editor\" data-id=\"9d16a4f\" data-element_type=\"widget\" data-widget_type=\"text-editor.default\">\n\t\t\t\t<div class=\"elementor-widget-container\">\n\t\t\t\t\t\t\t<div class=\"elementor-text-editor elementor-clearfix\">If you need more product information, or the sending of samples, please fill in the form. We will get back to you as soon as possible.\n\n<\/div>\n\t\t\t\t\t\t<\/div>\n\t\t\t\t<\/div>\n\t\t\t\t\t<\/div>\n\t\t<\/div>\n\t\t\t\t<div class=\"elementor-column elementor-col-50 elementor-top-column elementor-element elementor-element-dd4c49f\" data-id=\"dd4c49f\" data-element_type=\"column\">\n\t\t\t<div class=\"elementor-widget-wrap elementor-element-populated\">\n\t\t\t\t\t\t<div class=\"elementor-element elementor-element-73b2546 elementor-widget elementor-widget-html\" data-id=\"73b2546\" data-element_type=\"widget\" data-widget_type=\"html.default\">\n\t\t\t\t<div class=\"elementor-widget-container\">\n\t\t\t\t\t\n<div class=\"wpcf7 no-js\" id=\"wpcf7-f6085-o1\" lang=\"en-US\" dir=\"ltr\" data-wpcf7-id=\"6085\">\n<div class=\"screen-reader-response\"><p role=\"status\" aria-live=\"polite\" aria-atomic=\"true\"><\/p> <ul><\/ul><\/div>\n<form action=\"\/en\/wp-json\/wp\/v2\/product\/5729#wpcf7-f6085-o1\" method=\"post\" class=\"wpcf7-form init\" aria-label=\"Contact form\" novalidate=\"novalidate\" data-status=\"init\">\n<fieldset class=\"hidden-fields-container\"><input type=\"hidden\" name=\"_wpcf7\" value=\"6085\" \/><input type=\"hidden\" name=\"_wpcf7_version\" value=\"6.1.3\" \/><input type=\"hidden\" name=\"_wpcf7_locale\" value=\"en_US\" \/><input type=\"hidden\" name=\"_wpcf7_unit_tag\" value=\"wpcf7-f6085-o1\" \/><input type=\"hidden\" name=\"_wpcf7_container_post\" value=\"0\" \/><input type=\"hidden\" name=\"_wpcf7_posted_data_hash\" value=\"\" \/><input type=\"hidden\" name=\"_wpcf7_recaptcha_response\" value=\"\" \/>\n<\/fieldset>\n<div class=\"mainform row\">\n\t<div class=\"one-half first\">\n\t\t<div class=\"box form-nombre one-half first\">\n\t\t\t<p><label><span class=\"form-label\">* Name:<\/span><\/label><span class=\"wpcf7-form-control-wrap\" data-name=\"your-name\"><input size=\"40\" maxlength=\"400\" class=\"wpcf7-form-control wpcf7-text wpcf7-validates-as-required\" aria-required=\"true\" aria-invalid=\"false\" placeholder=\"Your name\" value=\"\" type=\"text\" name=\"your-name\" \/><\/span>\n\t\t\t<\/p>\n\t\t<\/div>\n\t\t<div class=\"box form-email one-half\">\n\t\t\t<p><label><span class=\"form-label\">* Email:<\/span><\/label><span class=\"wpcf7-form-control-wrap\" data-name=\"your-email\"><input size=\"40\" maxlength=\"400\" class=\"wpcf7-form-control wpcf7-email wpcf7-validates-as-required wpcf7-text wpcf7-validates-as-email\" aria-required=\"true\" aria-invalid=\"false\" placeholder=\"Your email\" value=\"\" type=\"email\" name=\"your-email\" \/><\/span>\n\t\t\t<\/p>\n\t\t<\/div>\n\t\t<div class=\"form-mensaje\">\n\t\t\t<p><label><span class=\"form-label\">* Message:<\/span><\/label><span class=\"wpcf7-form-control-wrap\" data-name=\"mensaje\"><textarea cols=\"40\" rows=\"10\" maxlength=\"2000\" minlength=\"1\" class=\"wpcf7-form-control wpcf7-textarea wpcf7-validates-as-required\" aria-required=\"true\" aria-invalid=\"false\" placeholder=\"What would you like to ask?\" name=\"mensaje\"><\/textarea><\/span>\n\t\t\t<\/p>\n\t\t<\/div>\n\t<\/div>\n\t<div class=\"one-half\">\n\t\t<div class=\"row\">\n\t\t\t<div class=\"box form-check columns small-6 medium-12 large-12\">\n\t\t\t\t<p><span class=\"wpcf7-form-control-wrap\" data-name=\"acceptance-828\"><span class=\"wpcf7-form-control wpcf7-acceptance\"><span class=\"wpcf7-list-item\"><input type=\"checkbox\" name=\"acceptance-828\" value=\"1\" aria-invalid=\"false\" \/><\/span><\/span><\/span> Accept <a href=\"\/en\/privacy-policy\/\" target=\"_blank\">privacy policy<\/a> and I am in accordance with the use of my data to resolve my question.\n\t\t\t\t<\/p>\n\t\t\t\t<p><span class=\"wpcf7-form-control-wrap\" data-name=\"checkbox-459\"><span class=\"wpcf7-form-control wpcf7-checkbox\" id=\"consiento\"><span class=\"wpcf7-list-item first last\"><input type=\"checkbox\" name=\"checkbox-459[]\" value=\"I am in accordance with the use of my data to receive information and news\" \/><span class=\"wpcf7-list-item-label\">I am in accordance with the use of my data to receive information and news<\/span><\/span><\/span><\/span>\n\t\t\t\t<\/p>\n\t\t\t\t<p>\n\t\t\t\t\n\t\t\t\t<\/p>\n\t\t\t\t<p><input class=\"wpcf7-form-control wpcf7-submit has-spinner\" id=\"contactar\" type=\"submit\" value=\"Submit\" \/>\n\t\t\t\t<\/p>\n\t\t\t<\/div>\n\t\t<\/div>\n\t<\/div>\n\t<div class=\"row lgpd full-width\">\n\t\t<div class=\"box\">\n\t\t\t<p><small class=\"intro-lgpd\"><br \/>\nIn compliance with the provisions in the regulation General of protection of data 2016\/679, GRUPO AUXIMARA informs that its e-mail address, as well as other personal data that may be included in this form form part of a treatment of personal data whose features are detailed below:<\/small><br \/>\n<small><b>Responsible:<\/b> GRUPO AUXIMARA<\/small><br \/>\n<small><b>Purpose:<\/b> Manage queries and comments. Also send you information of our products and the sector, in case that you've accepted it expressly<\/small><br \/>\n<small><b>Legitimation:<\/b> Consent of the interested party or his legal representative.<\/small><br \/>\n<small><b>Recipients:<\/b> GRUPO AUXIMARA does not yield data to third parties. Only if you have consented to the sending of information. <\/small><br \/>\n<small><b>Rights:<\/b> Access, rectify and delete data, such as explained in our <a href=\"\/en\/privacy-policy\/\" target=\"_blank\">privacy policy<\/a>.<\/small><br \/>\n<small><b>Additional information:<\/b> <a href=\"\/en\/privacy-policy\/\" target=\"_blank\">Privacy policy<\/a><\/small>\n\t\t\t<\/p>\n\t\t<\/div>\n\t<\/div>\n<\/div><p style=\"display: none !important;\" class=\"akismet-fields-container\" data-prefix=\"_wpcf7_ak_\"><label>&#916;<textarea name=\"_wpcf7_ak_hp_textarea\" cols=\"45\" rows=\"8\" maxlength=\"100\"><\/textarea><\/label><input type=\"hidden\" id=\"ak_js_1\" name=\"_wpcf7_ak_js\" value=\"204\"\/><script>document.getElementById( \"ak_js_1\" ).setAttribute( \"value\", ( new Date() ).getTime() );<\/script><\/p><div class=\"wpcf7-response-output\" aria-hidden=\"true\"><\/div>\n<\/form>\n<\/div>\n\t\t\t\t<\/div>\n\t\t\t\t<\/div>\n\t\t\t\t\t<\/div>\n\t\t<\/div>\n\t\t\t\t\t<\/div>\n\t\t<\/section>\n\t\t\t\t<section class=\"elementor-section elementor-top-section elementor-element elementor-element-4d4b220 elementor-section-boxed elementor-section-height-default elementor-section-height-default\" data-id=\"4d4b220\" data-element_type=\"section\">\n\t\t\t\t\t\t<div class=\"elementor-container elementor-column-gap-default\">\n\t\t\t\t\t<div class=\"elementor-column elementor-col-100 elementor-top-column elementor-element elementor-element-3ea2b6b\" data-id=\"3ea2b6b\" data-element_type=\"column\">\n\t\t\t<div class=\"elementor-widget-wrap elementor-element-populated\">\n\t\t\t\t\t\t<div class=\"elementor-element elementor-element-4c5dd47 elementor-widget elementor-widget-spacer\" data-id=\"4c5dd47\" data-element_type=\"widget\" data-widget_type=\"spacer.default\">\n\t\t\t\t<div class=\"elementor-widget-container\">\n\t\t\t\t\t\t\t<div class=\"elementor-spacer\">\n\t\t\t<div class=\"elementor-spacer-inner\"><\/div>\n\t\t<\/div>\n\t\t\t\t\t\t<\/div>\n\t\t\t\t<\/div>\n\t\t\t\t\t<\/div>\n\t\t<\/div>\n\t\t\t\t\t<\/div>\n\t\t<\/section>\n\t\t\t\t<\/div>\n\t\t","protected":false},"excerpt":{"rendered":"<p>In square or rectangular formats with attractive printed finishes. Capacities ranging from 350g to 1.75kg.<\/p>\n","protected":false},"featured_media":7160,"template":"","meta":{"inline_featured_image":false},"product_cat":[84,85],"product_tag":[106],"class_list":{"0":"post-5729","1":"product","2":"type-product","3":"status-publish","4":"has-post-thumbnail","6":"product_cat-metal-food-containers-en","7":"product_cat-paprika-spices-en","8":"product_tag-paprika","10":"first","11":"instock","12":"shipping-taxable","13":"product-type-simple"},"yoast_head":"<!-- This site is optimized with the Yoast SEO plugin v26.4 - https:\/\/yoast.com\/wordpress\/plugins\/seo\/ -->\n<title>Can paprika metal lid | Grupo Auximara<\/title>\n<meta name=\"description\" content=\"In square or rectangular formats with attractive printed finishes. Capacities ranging from 350g to 1.75kg.\" \/>\n<meta name=\"robots\" content=\"index, follow, max-snippet:-1, max-image-preview:large, max-video-preview:-1\" \/>\n<link rel=\"canonical\" href=\"https:\/\/www.grupoauximara.com\/en\/product\/can-paprika-metal-lid\/\" \/>\n<meta property=\"og:locale\" content=\"en_US\" \/>\n<meta property=\"og:type\" content=\"article\" \/>\n<meta property=\"og:title\" content=\"Can paprika metal lid | Grupo Auximara\" \/>\n<meta property=\"og:description\" content=\"In square or rectangular formats with attractive printed finishes. Capacities ranging from 350g to 1.75kg.\" \/>\n<meta property=\"og:url\" content=\"https:\/\/www.grupoauximara.com\/en\/product\/can-paprika-metal-lid\/\" \/>\n<meta property=\"og:site_name\" content=\"Auximara\" \/>\n<meta property=\"article:modified_time\" content=\"2019-10-04T12:01:24+00:00\" \/>\n<meta property=\"og:image\" content=\"https:\/\/www.grupoauximara.com\/wp-content\/uploads\/2019\/09\/lata-pimenton-tapa-metal.jpg\" \/>\n\t<meta property=\"og:image:width\" content=\"800\" \/>\n\t<meta property=\"og:image:height\" content=\"600\" \/>\n\t<meta property=\"og:image:type\" content=\"image\/jpeg\" \/>\n<meta name=\"twitter:card\" content=\"summary_large_image\" \/>\n<script type=\"application\/ld+json\" class=\"yoast-schema-graph\">{\"@context\":\"https:\/\/schema.org\",\"@graph\":[{\"@type\":\"WebPage\",\"@id\":\"https:\/\/www.grupoauximara.com\/en\/product\/can-paprika-metal-lid\/\",\"url\":\"https:\/\/www.grupoauximara.com\/en\/product\/can-paprika-metal-lid\/\",\"name\":\"Can paprika metal lid | Grupo Auximara\",\"isPartOf\":{\"@id\":\"https:\/\/www.grupoauximara.com\/en\/#website\"},\"primaryImageOfPage\":{\"@id\":\"https:\/\/www.grupoauximara.com\/en\/product\/can-paprika-metal-lid\/#primaryimage\"},\"image\":{\"@id\":\"https:\/\/www.grupoauximara.com\/en\/product\/can-paprika-metal-lid\/#primaryimage\"},\"thumbnailUrl\":\"https:\/\/www.grupoauximara.com\/wp-content\/uploads\/2019\/09\/lata-pimenton-tapa-metal.jpg\",\"datePublished\":\"2019-07-11T16:16:16+00:00\",\"dateModified\":\"2019-10-04T12:01:24+00:00\",\"description\":\"In square or rectangular formats with attractive printed finishes. Capacities ranging from 350g to 1.75kg.\",\"breadcrumb\":{\"@id\":\"https:\/\/www.grupoauximara.com\/en\/product\/can-paprika-metal-lid\/#breadcrumb\"},\"inLanguage\":\"en-US\",\"potentialAction\":[{\"@type\":\"ReadAction\",\"target\":[\"https:\/\/www.grupoauximara.com\/en\/product\/can-paprika-metal-lid\/\"]}]},{\"@type\":\"ImageObject\",\"inLanguage\":\"en-US\",\"@id\":\"https:\/\/www.grupoauximara.com\/en\/product\/can-paprika-metal-lid\/#primaryimage\",\"url\":\"https:\/\/www.grupoauximara.com\/wp-content\/uploads\/2019\/09\/lata-pimenton-tapa-metal.jpg\",\"contentUrl\":\"https:\/\/www.grupoauximara.com\/wp-content\/uploads\/2019\/09\/lata-pimenton-tapa-metal.jpg\",\"width\":800,\"height\":600},{\"@type\":\"BreadcrumbList\",\"@id\":\"https:\/\/www.grupoauximara.com\/en\/product\/can-paprika-metal-lid\/#breadcrumb\",\"itemListElement\":[{\"@type\":\"ListItem\",\"position\":1,\"name\":\"Portada\",\"item\":\"https:\/\/www.grupoauximara.com\/en\/\"},{\"@type\":\"ListItem\",\"position\":2,\"name\":\"Products\",\"item\":\"https:\/\/www.grupoauximara.com\/en\/shop\/\"},{\"@type\":\"ListItem\",\"position\":3,\"name\":\"Can paprika metal lid\"}]},{\"@type\":\"WebSite\",\"@id\":\"https:\/\/www.grupoauximara.com\/en\/#website\",\"url\":\"https:\/\/www.grupoauximara.com\/en\/\",\"name\":\"Auximara\",\"description\":\"Empresa dedicada al dise\u00f1o y fabricaci\u00f3n de latas y envases met\u00e1licos litografiados\",\"potentialAction\":[{\"@type\":\"SearchAction\",\"target\":{\"@type\":\"EntryPoint\",\"urlTemplate\":\"https:\/\/www.grupoauximara.com\/en\/?s={search_term_string}\"},\"query-input\":{\"@type\":\"PropertyValueSpecification\",\"valueRequired\":true,\"valueName\":\"search_term_string\"}}],\"inLanguage\":\"en-US\"}]}<\/script>\n<!-- \/ Yoast SEO plugin. -->","yoast_head_json":{"title":"Can paprika metal lid | Grupo Auximara","description":"In square or rectangular formats with attractive printed finishes. Capacities ranging from 350g to 1.75kg.","robots":{"index":"index","follow":"follow","max-snippet":"max-snippet:-1","max-image-preview":"max-image-preview:large","max-video-preview":"max-video-preview:-1"},"canonical":"https:\/\/www.grupoauximara.com\/en\/product\/can-paprika-metal-lid\/","og_locale":"en_US","og_type":"article","og_title":"Can paprika metal lid | Grupo Auximara","og_description":"In square or rectangular formats with attractive printed finishes. Capacities ranging from 350g to 1.75kg.","og_url":"https:\/\/www.grupoauximara.com\/en\/product\/can-paprika-metal-lid\/","og_site_name":"Auximara","article_modified_time":"2019-10-04T12:01:24+00:00","og_image":[{"width":800,"height":600,"url":"https:\/\/www.grupoauximara.com\/wp-content\/uploads\/2019\/09\/lata-pimenton-tapa-metal.jpg","type":"image\/jpeg"}],"twitter_card":"summary_large_image","schema":{"@context":"https:\/\/schema.org","@graph":[{"@type":"WebPage","@id":"https:\/\/www.grupoauximara.com\/en\/product\/can-paprika-metal-lid\/","url":"https:\/\/www.grupoauximara.com\/en\/product\/can-paprika-metal-lid\/","name":"Can paprika metal lid | Grupo Auximara","isPartOf":{"@id":"https:\/\/www.grupoauximara.com\/en\/#website"},"primaryImageOfPage":{"@id":"https:\/\/www.grupoauximara.com\/en\/product\/can-paprika-metal-lid\/#primaryimage"},"image":{"@id":"https:\/\/www.grupoauximara.com\/en\/product\/can-paprika-metal-lid\/#primaryimage"},"thumbnailUrl":"https:\/\/www.grupoauximara.com\/wp-content\/uploads\/2019\/09\/lata-pimenton-tapa-metal.jpg","datePublished":"2019-07-11T16:16:16+00:00","dateModified":"2019-10-04T12:01:24+00:00","description":"In square or rectangular formats with attractive printed finishes. Capacities ranging from 350g to 1.75kg.","breadcrumb":{"@id":"https:\/\/www.grupoauximara.com\/en\/product\/can-paprika-metal-lid\/#breadcrumb"},"inLanguage":"en-US","potentialAction":[{"@type":"ReadAction","target":["https:\/\/www.grupoauximara.com\/en\/product\/can-paprika-metal-lid\/"]}]},{"@type":"ImageObject","inLanguage":"en-US","@id":"https:\/\/www.grupoauximara.com\/en\/product\/can-paprika-metal-lid\/#primaryimage","url":"https:\/\/www.grupoauximara.com\/wp-content\/uploads\/2019\/09\/lata-pimenton-tapa-metal.jpg","contentUrl":"https:\/\/www.grupoauximara.com\/wp-content\/uploads\/2019\/09\/lata-pimenton-tapa-metal.jpg","width":800,"height":600},{"@type":"BreadcrumbList","@id":"https:\/\/www.grupoauximara.com\/en\/product\/can-paprika-metal-lid\/#breadcrumb","itemListElement":[{"@type":"ListItem","position":1,"name":"Portada","item":"https:\/\/www.grupoauximara.com\/en\/"},{"@type":"ListItem","position":2,"name":"Products","item":"https:\/\/www.grupoauximara.com\/en\/shop\/"},{"@type":"ListItem","position":3,"name":"Can paprika metal lid"}]},{"@type":"WebSite","@id":"https:\/\/www.grupoauximara.com\/en\/#website","url":"https:\/\/www.grupoauximara.com\/en\/","name":"Auximara","description":"Empresa dedicada al dise\u00f1o y fabricaci\u00f3n de latas y envases met\u00e1licos litografiados","potentialAction":[{"@type":"SearchAction","target":{"@type":"EntryPoint","urlTemplate":"https:\/\/www.grupoauximara.com\/en\/?s={search_term_string}"},"query-input":{"@type":"PropertyValueSpecification","valueRequired":true,"valueName":"search_term_string"}}],"inLanguage":"en-US"}]}},"_links":{"self":[{"href":"https:\/\/www.grupoauximara.com\/en\/wp-json\/wp\/v2\/product\/5729","targetHints":{"allow":["GET"]}}],"collection":[{"href":"https:\/\/www.grupoauximara.com\/en\/wp-json\/wp\/v2\/product"}],"about":[{"href":"https:\/\/www.grupoauximara.com\/en\/wp-json\/wp\/v2\/types\/product"}],"version-history":[{"count":0,"href":"https:\/\/www.grupoauximara.com\/en\/wp-json\/wp\/v2\/product\/5729\/revisions"}],"wp:featuredmedia":[{"embeddable":true,"href":"https:\/\/www.grupoauximara.com\/en\/wp-json\/wp\/v2\/media\/7160"}],"wp:attachment":[{"href":"https:\/\/www.grupoauximara.com\/en\/wp-json\/wp\/v2\/media?parent=5729"}],"wp:term":[{"taxonomy":"product_cat","embeddable":true,"href":"https:\/\/www.grupoauximara.com\/en\/wp-json\/wp\/v2\/product_cat?post=5729"},{"taxonomy":"product_tag","embeddable":true,"href":"https:\/\/www.grupoauximara.com\/en\/wp-json\/wp\/v2\/product_tag?post=5729"}],"curies":[{"name":"wp","href":"https:\/\/api.w.org\/{rel}","templated":true}]}}