{"id":8142,"date":"2020-05-12T05:45:11","date_gmt":"2020-05-12T03:45:11","guid":{"rendered":"https:\/\/www.grupoauximara.com\/?page_id=8142"},"modified":"2020-05-12T05:45:11","modified_gmt":"2020-05-12T03:45:11","slug":"apuntarse","status":"publish","type":"page","link":"https:\/\/www.grupoauximara.com\/en\/apuntarse\/","title":{"rendered":"Apuntarse"},"content":{"rendered":"","protected":false},"excerpt":{"rendered":"","protected":false},"author":1,"featured_media":0,"parent":0,"menu_order":0,"comment_status":"closed","ping_status":"closed","template":"apuntarse.php","meta":{"inline_featured_image":false,"footnotes":""},"class_list":["post-8142","page","type-page","status-publish","hentry"],"yoast_head":"<!-- This site is optimized with the Yoast SEO plugin v26.4 - https:\/\/yoast.com\/wordpress\/plugins\/seo\/ -->\n<title>Apuntarse - Auximara<\/title>\n<meta name=\"robots\" content=\"index, nofollow, max-snippet:-1, max-image-preview:large, max-video-preview:-1\" \/>\n<link rel=\"canonical\" href=\"https:\/\/www.grupoauximara.com\/en\/apuntarse\/\" \/>\n<meta property=\"og:locale\" content=\"en_US\" \/>\n<meta property=\"og:type\" content=\"article\" \/>\n<meta property=\"og:title\" content=\"Apuntarse - Auximara\" \/>\n<meta property=\"og:url\" content=\"https:\/\/www.grupoauximara.com\/en\/apuntarse\/\" \/>\n<meta property=\"og:site_name\" content=\"Auximara\" \/>\n<meta name=\"twitter:card\" content=\"summary_large_image\" \/>\n<script type=\"application\/ld+json\" class=\"yoast-schema-graph\">{\"@context\":\"https:\/\/schema.org\",\"@graph\":[{\"@type\":\"WebPage\",\"@id\":\"https:\/\/www.grupoauximara.com\/en\/apuntarse\/\",\"url\":\"https:\/\/www.grupoauximara.com\/en\/apuntarse\/\",\"name\":\"Apuntarse - Auximara\",\"isPartOf\":{\"@id\":\"https:\/\/www.grupoauximara.com\/en\/#website\"},\"datePublished\":\"2020-05-12T03:45:11+00:00\",\"breadcrumb\":{\"@id\":\"https:\/\/www.grupoauximara.com\/en\/apuntarse\/#breadcrumb\"},\"inLanguage\":\"en-US\",\"potentialAction\":[{\"@type\":\"ReadAction\",\"target\":[\"https:\/\/www.grupoauximara.com\/en\/apuntarse\/\"]}]},{\"@type\":\"BreadcrumbList\",\"@id\":\"https:\/\/www.grupoauximara.com\/en\/apuntarse\/#breadcrumb\",\"itemListElement\":[{\"@type\":\"ListItem\",\"position\":1,\"name\":\"Portada\",\"item\":\"https:\/\/www.grupoauximara.com\/en\/\"},{\"@type\":\"ListItem\",\"position\":2,\"name\":\"Apuntarse\"}]},{\"@type\":\"WebSite\",\"@id\":\"https:\/\/www.grupoauximara.com\/en\/#website\",\"url\":\"https:\/\/www.grupoauximara.com\/en\/\",\"name\":\"Auximara\",\"description\":\"Empresa dedicada al dise\u00f1o y fabricaci\u00f3n de latas y envases met\u00e1licos litografiados\",\"potentialAction\":[{\"@type\":\"SearchAction\",\"target\":{\"@type\":\"EntryPoint\",\"urlTemplate\":\"https:\/\/www.grupoauximara.com\/en\/?s={search_term_string}\"},\"query-input\":{\"@type\":\"PropertyValueSpecification\",\"valueRequired\":true,\"valueName\":\"search_term_string\"}}],\"inLanguage\":\"en-US\"}]}<\/script>\n<!-- \/ Yoast SEO plugin. -->","yoast_head_json":{"title":"Apuntarse - Auximara","robots":{"index":"index","follow":"nofollow","max-snippet":"max-snippet:-1","max-image-preview":"max-image-preview:large","max-video-preview":"max-video-preview:-1"},"canonical":"https:\/\/www.grupoauximara.com\/en\/apuntarse\/","og_locale":"en_US","og_type":"article","og_title":"Apuntarse - Auximara","og_url":"https:\/\/www.grupoauximara.com\/en\/apuntarse\/","og_site_name":"Auximara","twitter_card":"summary_large_image","schema":{"@context":"https:\/\/schema.org","@graph":[{"@type":"WebPage","@id":"https:\/\/www.grupoauximara.com\/en\/apuntarse\/","url":"https:\/\/www.grupoauximara.com\/en\/apuntarse\/","name":"Apuntarse - Auximara","isPartOf":{"@id":"https:\/\/www.grupoauximara.com\/en\/#website"},"datePublished":"2020-05-12T03:45:11+00:00","breadcrumb":{"@id":"https:\/\/www.grupoauximara.com\/en\/apuntarse\/#breadcrumb"},"inLanguage":"en-US","potentialAction":[{"@type":"ReadAction","target":["https:\/\/www.grupoauximara.com\/en\/apuntarse\/"]}]},{"@type":"BreadcrumbList","@id":"https:\/\/www.grupoauximara.com\/en\/apuntarse\/#breadcrumb","itemListElement":[{"@type":"ListItem","position":1,"name":"Portada","item":"https:\/\/www.grupoauximara.com\/en\/"},{"@type":"ListItem","position":2,"name":"Apuntarse"}]},{"@type":"WebSite","@id":"https:\/\/www.grupoauximara.com\/en\/#website","url":"https:\/\/www.grupoauximara.com\/en\/","name":"Auximara","description":"Empresa dedicada al dise\u00f1o y fabricaci\u00f3n de latas y envases met\u00e1licos litografiados","potentialAction":[{"@type":"SearchAction","target":{"@type":"EntryPoint","urlTemplate":"https:\/\/www.grupoauximara.com\/en\/?s={search_term_string}"},"query-input":{"@type":"PropertyValueSpecification","valueRequired":true,"valueName":"search_term_string"}}],"inLanguage":"en-US"}]}},"_links":{"self":[{"href":"https:\/\/www.grupoauximara.com\/en\/wp-json\/wp\/v2\/pages\/8142","targetHints":{"allow":["GET"]}}],"collection":[{"href":"https:\/\/www.grupoauximara.com\/en\/wp-json\/wp\/v2\/pages"}],"about":[{"href":"https:\/\/www.grupoauximara.com\/en\/wp-json\/wp\/v2\/types\/page"}],"author":[{"embeddable":true,"href":"https:\/\/www.grupoauximara.com\/en\/wp-json\/wp\/v2\/users\/1"}],"replies":[{"embeddable":true,"href":"https:\/\/www.grupoauximara.com\/en\/wp-json\/wp\/v2\/comments?post=8142"}],"version-history":[{"count":0,"href":"https:\/\/www.grupoauximara.com\/en\/wp-json\/wp\/v2\/pages\/8142\/revisions"}],"wp:attachment":[{"href":"https:\/\/www.grupoauximara.com\/en\/wp-json\/wp\/v2\/media?parent=8142"}],"curies":[{"name":"wp","href":"https:\/\/api.w.org\/{rel}","templated":true}]}}