{"id":5709,"date":"2018-09-10T10:28:27","date_gmt":"2018-09-10T10:28:27","guid":{"rendered":"https:\/\/www.grupoauximara.com\/404-page\/"},"modified":"2019-07-23T20:03:36","modified_gmt":"2019-07-23T18:03:36","slug":"404-pagina","status":"publish","type":"page","link":"https:\/\/www.grupoauximara.com\/en\/404-pagina\/","title":{"rendered":"404"},"content":{"rendered":"\t\t<div data-elementor-type=\"wp-post\" data-elementor-id=\"5709\" class=\"elementor elementor-5709 elementor-291\" data-elementor-post-type=\"page\">\n\t\t\t\t\t\t<section class=\"elementor-section elementor-top-section elementor-element elementor-element-66ae756 elementor-section-boxed elementor-section-height-default elementor-section-height-default\" data-id=\"66ae756\" data-element_type=\"section\">\n\t\t\t\t\t\t<div class=\"elementor-container elementor-column-gap-no\">\n\t\t\t\t\t<div class=\"elementor-column elementor-col-100 elementor-top-column elementor-element elementor-element-f75b9fa\" data-id=\"f75b9fa\" data-element_type=\"column\">\n\t\t\t<div class=\"elementor-widget-wrap elementor-element-populated\">\n\t\t\t\t\t\t<div class=\"elementor-element elementor-element-fe5cead elementor-widget elementor-widget-heading\" data-id=\"fe5cead\" data-element_type=\"widget\" data-widget_type=\"heading.default\">\n\t\t\t\t<div class=\"elementor-widget-container\">\n\t\t\t\t\t<h2 class=\"elementor-heading-title elementor-size-default\">404<\/h2>\t\t\t\t<\/div>\n\t\t\t\t<\/div>\n\t\t\t\t<div class=\"elementor-element elementor-element-7f5e16e elementor-widget elementor-widget-heading\" data-id=\"7f5e16e\" data-element_type=\"widget\" data-widget_type=\"heading.default\">\n\t\t\t\t<div class=\"elementor-widget-container\">\n\t\t\t\t\t<div class=\"elementor-heading-title elementor-size-default\">No encontrado<\/div>\t\t\t\t<\/div>\n\t\t\t\t<\/div>\n\t\t\t\t<div class=\"elementor-element elementor-element-e9803ad elementor-widget-divider--view-line elementor-widget elementor-widget-divider\" data-id=\"e9803ad\" data-element_type=\"widget\" data-widget_type=\"divider.default\">\n\t\t\t\t<div class=\"elementor-widget-container\">\n\t\t\t\t\t\t\t<div class=\"elementor-divider\">\n\t\t\t<span class=\"elementor-divider-separator\">\n\t\t\t\t\t\t<\/span>\n\t\t<\/div>\n\t\t\t\t\t\t<\/div>\n\t\t\t\t<\/div>\n\t\t\t\t<div class=\"elementor-element elementor-element-3a5adb5 elementor-widget elementor-widget-text-editor\" data-id=\"3a5adb5\" data-element_type=\"widget\" data-widget_type=\"text-editor.default\">\n\t\t\t\t<div class=\"elementor-widget-container\">\n\t\t\t\t\t\t\t<div class=\"elementor-text-editor elementor-clearfix\"><p>Parece que no existe el contenido que est\u00e1s buscando. \u00bfQuieres buscar otra cosa?<\/p><\/div>\n\t\t\t\t\t\t<\/div>\n\t\t\t\t<\/div>\n\t\t\t\t\t<\/div>\n\t\t<\/div>\n\t\t\t\t\t<\/div>\n\t\t<\/section>\n\t\t\t\t<section class=\"elementor-section elementor-top-section elementor-element elementor-element-a0c87f2 elementor-section-boxed elementor-section-height-default elementor-section-height-default\" data-id=\"a0c87f2\" data-element_type=\"section\">\n\t\t\t\t\t\t<div class=\"elementor-container elementor-column-gap-default\">\n\t\t\t\t\t<div class=\"elementor-column elementor-col-50 elementor-top-column elementor-element elementor-element-c87e02c\" data-id=\"c87e02c\" data-element_type=\"column\">\n\t\t\t<div class=\"elementor-widget-wrap elementor-element-populated\">\n\t\t\t\t\t\t<div class=\"elementor-element elementor-element-577efe7 elementor-align-right elementor-tablet-align-center elementor-widget elementor-widget-button\" data-id=\"577efe7\" data-element_type=\"widget\" data-widget_type=\"button.default\">\n\t\t\t\t<div class=\"elementor-widget-container\">\n\t\t\t\t\t\t\t\t\t<div class=\"elementor-button-wrapper\">\n\t\t\t\t\t<a class=\"elementor-button elementor-button-link elementor-size-md\" href=\"\">\n\t\t\t\t\t\t<span class=\"elementor-button-content-wrapper\">\n\t\t\t\t\t\t\t\t\t<span class=\"elementor-button-text\">Volver a p\u00e1gina anterior<\/span>\n\t\t\t\t\t<\/span>\n\t\t\t\t\t<\/a>\n\t\t\t\t<\/div>\n\t\t\t\t\t\t\t\t<\/div>\n\t\t\t\t<\/div>\n\t\t\t\t\t<\/div>\n\t\t<\/div>\n\t\t\t\t<div class=\"elementor-column elementor-col-50 elementor-top-column elementor-element elementor-element-74ba4bd\" data-id=\"74ba4bd\" data-element_type=\"column\">\n\t\t\t<div class=\"elementor-widget-wrap elementor-element-populated\">\n\t\t\t\t\t\t<div class=\"elementor-element elementor-element-c7b6b7c elementor-align-left elementor-tablet-align-center elementor-widget elementor-widget-button\" data-id=\"c7b6b7c\" data-element_type=\"widget\" data-widget_type=\"button.default\">\n\t\t\t\t<div class=\"elementor-widget-container\">\n\t\t\t\t\t\t\t\t\t<div class=\"elementor-button-wrapper\">\n\t\t\t\t\t<a class=\"elementor-button elementor-button-link elementor-size-md\" href=\"https:\/\/demo1.wpopal.com\/strollik\/\">\n\t\t\t\t\t\t<span class=\"elementor-button-content-wrapper\">\n\t\t\t\t\t\t\t\t\t<span class=\"elementor-button-text\">Volver a inicio<\/span>\n\t\t\t\t\t<\/span>\n\t\t\t\t\t<\/a>\n\t\t\t\t<\/div>\n\t\t\t\t\t\t\t\t<\/div>\n\t\t\t\t<\/div>\n\t\t\t\t\t<\/div>\n\t\t<\/div>\n\t\t\t\t\t<\/div>\n\t\t<\/section>\n\t\t\t\t<\/div>\n\t\t","protected":false},"excerpt":{"rendered":"<p>404 No encontrado Parece que no existe el contenido que est\u00e1s buscando. \u00bfQuieres buscar otra cosa? Volver a p\u00e1gina anterior Volver a inicio<\/p>\n","protected":false},"author":1,"featured_media":0,"parent":0,"menu_order":0,"comment_status":"closed","ping_status":"closed","template":"","meta":{"inline_featured_image":false,"footnotes":""},"class_list":["post-5709","page","type-page","status-publish","hentry"],"yoast_head":"<!-- This site is optimized with the Yoast SEO plugin v26.4 - https:\/\/yoast.com\/wordpress\/plugins\/seo\/ -->\n<title>404 - Auximara<\/title>\n<meta name=\"robots\" content=\"index, follow, max-snippet:-1, max-image-preview:large, max-video-preview:-1\" \/>\n<link rel=\"canonical\" href=\"https:\/\/www.grupoauximara.com\/en\/404-pagina\/\" \/>\n<meta property=\"og:locale\" content=\"en_US\" \/>\n<meta property=\"og:type\" content=\"article\" \/>\n<meta property=\"og:title\" content=\"404 - Auximara\" \/>\n<meta property=\"og:description\" content=\"404 No encontrado Parece que no existe el contenido que est\u00e1s buscando. \u00bfQuieres buscar otra cosa? Volver a p\u00e1gina anterior Volver a inicio\" \/>\n<meta property=\"og:url\" content=\"https:\/\/www.grupoauximara.com\/en\/404-pagina\/\" \/>\n<meta property=\"og:site_name\" content=\"Auximara\" \/>\n<meta property=\"article:modified_time\" content=\"2019-07-23T18:03:36+00:00\" \/>\n<meta name=\"twitter:card\" content=\"summary_large_image\" \/>\n<script type=\"application\/ld+json\" class=\"yoast-schema-graph\">{\"@context\":\"https:\/\/schema.org\",\"@graph\":[{\"@type\":\"WebPage\",\"@id\":\"https:\/\/www.grupoauximara.com\/en\/404-pagina\/\",\"url\":\"https:\/\/www.grupoauximara.com\/en\/404-pagina\/\",\"name\":\"404 - Auximara\",\"isPartOf\":{\"@id\":\"https:\/\/www.grupoauximara.com\/en\/#website\"},\"datePublished\":\"2018-09-10T10:28:27+00:00\",\"dateModified\":\"2019-07-23T18:03:36+00:00\",\"breadcrumb\":{\"@id\":\"https:\/\/www.grupoauximara.com\/en\/404-pagina\/#breadcrumb\"},\"inLanguage\":\"en-US\",\"potentialAction\":[{\"@type\":\"ReadAction\",\"target\":[\"https:\/\/www.grupoauximara.com\/en\/404-pagina\/\"]}]},{\"@type\":\"BreadcrumbList\",\"@id\":\"https:\/\/www.grupoauximara.com\/en\/404-pagina\/#breadcrumb\",\"itemListElement\":[{\"@type\":\"ListItem\",\"position\":1,\"name\":\"Portada\",\"item\":\"https:\/\/www.grupoauximara.com\/en\/\"},{\"@type\":\"ListItem\",\"position\":2,\"name\":\"404\"}]},{\"@type\":\"WebSite\",\"@id\":\"https:\/\/www.grupoauximara.com\/en\/#website\",\"url\":\"https:\/\/www.grupoauximara.com\/en\/\",\"name\":\"Auximara\",\"description\":\"Empresa dedicada al dise\u00f1o y fabricaci\u00f3n de latas y envases met\u00e1licos litografiados\",\"potentialAction\":[{\"@type\":\"SearchAction\",\"target\":{\"@type\":\"EntryPoint\",\"urlTemplate\":\"https:\/\/www.grupoauximara.com\/en\/?s={search_term_string}\"},\"query-input\":{\"@type\":\"PropertyValueSpecification\",\"valueRequired\":true,\"valueName\":\"search_term_string\"}}],\"inLanguage\":\"en-US\"}]}<\/script>\n<!-- \/ Yoast SEO plugin. -->","yoast_head_json":{"title":"404 - Auximara","robots":{"index":"index","follow":"follow","max-snippet":"max-snippet:-1","max-image-preview":"max-image-preview:large","max-video-preview":"max-video-preview:-1"},"canonical":"https:\/\/www.grupoauximara.com\/en\/404-pagina\/","og_locale":"en_US","og_type":"article","og_title":"404 - Auximara","og_description":"404 No encontrado Parece que no existe el contenido que est\u00e1s buscando. \u00bfQuieres buscar otra cosa? Volver a p\u00e1gina anterior Volver a inicio","og_url":"https:\/\/www.grupoauximara.com\/en\/404-pagina\/","og_site_name":"Auximara","article_modified_time":"2019-07-23T18:03:36+00:00","twitter_card":"summary_large_image","schema":{"@context":"https:\/\/schema.org","@graph":[{"@type":"WebPage","@id":"https:\/\/www.grupoauximara.com\/en\/404-pagina\/","url":"https:\/\/www.grupoauximara.com\/en\/404-pagina\/","name":"404 - Auximara","isPartOf":{"@id":"https:\/\/www.grupoauximara.com\/en\/#website"},"datePublished":"2018-09-10T10:28:27+00:00","dateModified":"2019-07-23T18:03:36+00:00","breadcrumb":{"@id":"https:\/\/www.grupoauximara.com\/en\/404-pagina\/#breadcrumb"},"inLanguage":"en-US","potentialAction":[{"@type":"ReadAction","target":["https:\/\/www.grupoauximara.com\/en\/404-pagina\/"]}]},{"@type":"BreadcrumbList","@id":"https:\/\/www.grupoauximara.com\/en\/404-pagina\/#breadcrumb","itemListElement":[{"@type":"ListItem","position":1,"name":"Portada","item":"https:\/\/www.grupoauximara.com\/en\/"},{"@type":"ListItem","position":2,"name":"404"}]},{"@type":"WebSite","@id":"https:\/\/www.grupoauximara.com\/en\/#website","url":"https:\/\/www.grupoauximara.com\/en\/","name":"Auximara","description":"Empresa dedicada al dise\u00f1o y fabricaci\u00f3n de latas y envases met\u00e1licos litografiados","potentialAction":[{"@type":"SearchAction","target":{"@type":"EntryPoint","urlTemplate":"https:\/\/www.grupoauximara.com\/en\/?s={search_term_string}"},"query-input":{"@type":"PropertyValueSpecification","valueRequired":true,"valueName":"search_term_string"}}],"inLanguage":"en-US"}]}},"_links":{"self":[{"href":"https:\/\/www.grupoauximara.com\/en\/wp-json\/wp\/v2\/pages\/5709","targetHints":{"allow":["GET"]}}],"collection":[{"href":"https:\/\/www.grupoauximara.com\/en\/wp-json\/wp\/v2\/pages"}],"about":[{"href":"https:\/\/www.grupoauximara.com\/en\/wp-json\/wp\/v2\/types\/page"}],"author":[{"embeddable":true,"href":"https:\/\/www.grupoauximara.com\/en\/wp-json\/wp\/v2\/users\/1"}],"replies":[{"embeddable":true,"href":"https:\/\/www.grupoauximara.com\/en\/wp-json\/wp\/v2\/comments?post=5709"}],"version-history":[{"count":0,"href":"https:\/\/www.grupoauximara.com\/en\/wp-json\/wp\/v2\/pages\/5709\/revisions"}],"wp:attachment":[{"href":"https:\/\/www.grupoauximara.com\/en\/wp-json\/wp\/v2\/media?parent=5709"}],"curies":[{"name":"wp","href":"https:\/\/api.w.org\/{rel}","templated":true}]}}