{"id":5707,"date":"2019-05-21T17:13:00","date_gmt":"2019-05-21T15:13:00","guid":{"rendered":"https:\/\/www.grupoauximara.com\/politica-privacidad\/"},"modified":"2019-07-31T16:48:32","modified_gmt":"2019-07-31T14:48:32","slug":"privacy-policy","status":"publish","type":"page","link":"https:\/\/www.grupoauximara.com\/en\/privacy-policy\/","title":{"rendered":"Privacy policy"},"content":{"rendered":"\t\t<div data-elementor-type=\"wp-post\" data-elementor-id=\"5707\" class=\"elementor elementor-5707 elementor-3\" data-elementor-post-type=\"page\">\n\t\t\t\t\t\t<section class=\"elementor-section elementor-top-section elementor-element elementor-element-e0ae671 elementor-section-boxed elementor-section-height-default elementor-section-height-default\" data-id=\"e0ae671\" data-element_type=\"section\">\n\t\t\t\t\t\t<div class=\"elementor-container elementor-column-gap-default\">\n\t\t\t\t\t<div class=\"elementor-column elementor-col-100 elementor-top-column elementor-element elementor-element-e337870\" data-id=\"e337870\" data-element_type=\"column\">\n\t\t\t<div class=\"elementor-widget-wrap elementor-element-populated\">\n\t\t\t\t\t\t<div class=\"elementor-element elementor-element-eaeb1dd elementor-widget elementor-widget-spacer\" data-id=\"eaeb1dd\" data-element_type=\"widget\" data-widget_type=\"spacer.default\">\n\t\t\t\t<div class=\"elementor-widget-container\">\n\t\t\t\t\t\t\t<div class=\"elementor-spacer\">\n\t\t\t<div class=\"elementor-spacer-inner\"><\/div>\n\t\t<\/div>\n\t\t\t\t\t\t<\/div>\n\t\t\t\t<\/div>\n\t\t\t\t\t<\/div>\n\t\t<\/div>\n\t\t\t\t\t<\/div>\n\t\t<\/section>\n\t\t\t\t<section class=\"elementor-section elementor-top-section elementor-element elementor-element-3b53e9e elementor-section-boxed elementor-section-height-default elementor-section-height-default\" data-id=\"3b53e9e\" data-element_type=\"section\">\n\t\t\t\t\t\t<div class=\"elementor-container elementor-column-gap-default\">\n\t\t\t\t\t<div class=\"elementor-column elementor-col-100 elementor-top-column elementor-element elementor-element-922ea71\" data-id=\"922ea71\" data-element_type=\"column\">\n\t\t\t<div class=\"elementor-widget-wrap elementor-element-populated\">\n\t\t\t\t\t\t<div class=\"elementor-element elementor-element-9165867 elementor-widget elementor-widget-heading\" data-id=\"9165867\" data-element_type=\"widget\" data-widget_type=\"heading.default\">\n\t\t\t\t<div class=\"elementor-widget-container\">\n\t\t\t\t\t<h1 class=\"elementor-heading-title elementor-size-default\">Privacy policy<\/h1>\t\t\t\t<\/div>\n\t\t\t\t<\/div>\n\t\t\t\t<div class=\"elementor-element elementor-element-fac881f elementor-widget-divider--view-line elementor-widget elementor-widget-divider\" data-id=\"fac881f\" data-element_type=\"widget\" data-widget_type=\"divider.default\">\n\t\t\t\t<div class=\"elementor-widget-container\">\n\t\t\t\t\t\t\t<div class=\"elementor-divider\">\n\t\t\t<span class=\"elementor-divider-separator\">\n\t\t\t\t\t\t<\/span>\n\t\t<\/div>\n\t\t\t\t\t\t<\/div>\n\t\t\t\t<\/div>\n\t\t\t\t<div class=\"elementor-element elementor-element-a776859 elementor-widget elementor-widget-text-editor\" data-id=\"a776859\" data-element_type=\"widget\" data-widget_type=\"text-editor.default\">\n\t\t\t\t<div class=\"elementor-widget-container\">\n\t\t\t\t\t\t\t<div class=\"elementor-text-editor elementor-clearfix\"><strong>GRUPO AUXIMARA<\/strong> in its commitment to the protection of personal data of its clients, and as a maximum guarantor of the privacy of the same, has made a review of all its business processes and especially those that imply a Processing of personal data, adapting to the new requirements of Community legislation, General regulations on Data Protection (RGPD), implementing the appropriate security measures in response to the results obtained from the analysis carried out and Updated your privacy policies and consequently this legal notice.\n\nThe user and\/or client guarantees that the data provided are true, accurate, complete and updated, being responsible for any damage, direct or indirect, that could be caused as a result of the breach of such obligation. In the event that the data provided belong to a third party, the user and\/or client, guarantees that it has informed the third party of the aspects contained in this document and obtained its authorization to facilitate its data to <strong>GRUPO AUXIMARA<\/strong> For the purposes indicated.\n\nThe Portal can host blogs, forums, and other social networking applications or services in order to facilitate the exchange of knowledge and content. Any personal information provided by the user can be shared with other users of that service, on which <strong>GRUPO AUXIMARA<\/strong> has no control whatsoever.\n\n\nFor the purposes of technical security and system diagnostics, in a anonymized or Pseudonimizada way, <strong>GRUPO AUXIMARA<\/strong> will be able to register the IP address (Internet Access identification number of the device, which allows the devices, Systems and servers recognize and communicate with each other). This information may also be used for analytical purposes of Web performance.\n\nIn accordance with the provisions of the applicable legislation for the protection of personal data, the user and\/or client of <strong>GRUPO AUXIMARA<\/strong> is informed of the following:\n\n\n<strong>HEAD OF TREATMENT<\/strong>\nThe Company in charge of the treatment of the data voluntarily provided by the user is <strong>GRUPO AUXIMARA<\/strong> is composed by:\n\n<strong>AUXILIAR METALGRAFICA Arag\u00f3n, S.L.<\/strong>\nC.I.F. B99387953\nAdress: Pol\u00edgono Industrial\nValdemuel, S\/n \u00ba 50290 \u00c9pila (Zaragoza)\n\n<strong>METALGR\u00c1FICA DEL SUR S.L.<\/strong>\nCIF B90091844\nDomicilio: P.A.M.A. C\/El Matorral, parc. 59 41870 \u00b7 Aznalc\u00f3llar \u00b7 (Sevilla)\n\n<strong>PURPOSES OF THE PROCESSING OF PERSONAL DATA<\/strong>\nThe personal data provided voluntarily by the user, will be incorporated to records of treatment owned by <strong>GRUPO AUXIMARA<\/strong> with the following purposes:\n<ul>\n \t<li style=\"list-style-type: none;\">\n<ul>\n \t<li>The processing and management of the request for information and\/or advice, precontracting or agreement made by the user and\/or client through this site, the telephone, or the e-mail.<\/li>\n \t<li>The management and control of the services offered through the Web page, the telephone or the electronic mail, related to the advice and the provision of services that could require their derivation to other professionals of the sector.<\/li>\n \t<li>The sending of commercial information about services and products of <strong>GRUPO AUXIMARA<\/strong> whose recruitment could be of the interest of the user, provided that he has expressly accepted it.<\/li>\n \t<li>Manage the users of the Web site and, where appropriate, the activation and administration of the Alta as user in the reserved area of the Web site.<\/li>\n \t<li>To provide the services included in the Web site and\/or to provide the requested information, either via web, by e-mail or by telephone. Emails will be able to report a confirmation of your reception and reading.<\/li>\n \t<li>Manage the contractual or commercial relationship established between <strong>GRUPO AUXIMARA<\/strong> and the users and\/or clients.<\/li>\n \t<li>Manage compliance with contractual or non-contractual obligations assumed by <strong>GRUPO AUXIMARA<\/strong><\/li>\n \t<li>To manage and maintain a unique register of clients, in the promotional system of <strong>GRUPO AUXIMARA<\/strong> if it has been expressly accepted<\/li>\n \t<li>In those cases in which the user expressly consents, send advertising communications and commercial information, by different means (emails, SMS, ticket of Purchase&#8230;), about <strong>GRUPO AUXIMARA<\/strong> or of third parties ( Always through the auxiliary METALGRAFICA Aragonese, S.L. as a result of their collaboration agreements with them), on their activities, products, services, offers, competitions, special promotions, as well as documentation of diverse Nature that may be of interest or utility to the user and\/or client, related to the sectors of transport, leisure, travel, culture, cards and means of payment, automotive, insurance, financing, gifts, or technology.<\/li>\n<\/ul>\n<\/li>\n<\/ul>\nLikewise, in each process where the user facilitates his personal data will be informed of the obligatory or optional nature of its completion, and the consequences of not supplying them.\n\n\n<strong>INFORMATION ABOUT DATA PROCESSING FOR SUBMISSION OF COMMUNICATIONS<\/strong>\n\nThe data used, or facilitated, in the informative and\/or promotional communications are treated by <strong>GRUPO AUXIMARA<\/strong> for purposes consistent in the sending of electronic communications of informative nature on services, Activities, publications, celebrations, congratulations and social and professional events of <strong>GRUPO AUXIMARA<\/strong> that could be of interest of the user and\/or client; The monitoring and optimization of marketing campaigns will be carried out through technologies for the purpose.\n\n\nThe consent for the submission of such communications may be revoked at all times in each of the communications received through the mechanism enabled for the purpose.\n\n\nThe data conservation criterion will be based on the demonstration contrary to the treatment on their part. In any case, you may exercise your rights of access, rectification or suppression, limitation of your treatment, opposition and portability by e-mail to auximara@grupoauximara.com.\n\n\n<strong>PERSONAL DATA OF THIRD PARTIES<\/strong><br\/>\nIn the case of personal data provided by a person other than the user or holder of the data acting as its representative, the representative guarantees that he has informed the owner of the data that facilitates this privacy policy and has obtained his Authorization to facilitate your data to <strong>GRUPO AUXIMARA<\/strong> with the stated purposes. It also guarantees that the data provided are accurate and updated, being responsible for any damage, direct or indirect, that could be caused as a result of the breach of such obligation.\n\nTime to maintain personal data\nThe personal data provided shall be retained while the contractual relationship is maintained, no request for deletion by the person concerned and must not be eliminated as necessary for the fulfilment of a legal obligation, for the formulation, exercise and Defense of claims, or when its conservation is required to enable the application of some benefit, discount or promotional advantage for the client.\nIn the event that the user revokes his consent to the processing of his data or exercises the rights of cancellation or suppression, his personal data will be kept blocked at the disposal of the administration of justice during the legally established time limits To meet the possible responsibilities born of the treatment of them.\n\nRights of stakeholders\nThe user and\/or client may exercise before auxiliary <strong>GRUPO AUXIMARA<\/strong> the rights of access, rectification or suppression, limitation of its treatment, opposition, portability, and to oppose to individual decisions automated. They may also revoke their consent if they have granted it for any specific purpose, and can modify their preferences at all times.\n\nThe user and\/or client may exercise any of the rights reported in the preceding paragraph, by sending an email indicating the right that exercises directed to <strong>GRUPO AUXIMARA <\/strong>address: auximara@grupoauximara.com\n\nIt is informed to the user and\/or client that can direct any type of claim in matter of protection of personal data to the Spanish agency of Protection of Data www.agpd.es, authority of Control of the Spanish state.\n<br\/><br\/>\n<strong>UPDATING THE POLICY<\/strong><br\/>\nThis policy has been updated in accordance with the requirements of the Community rules for the protection of personal data, the General Regulations on Data Protection (RGPD).\nIt is also reported that this policy may be amended because of changes in the requirements established by the legislation in force at any time, by judicial decisions and jurisprudential changes, as well as by changes in the action and strategy Enterprise of <strong>GRUPO AUXIMARA<\/strong> The publication, and access by users, will be made through this same site, understanding that the relationships established with the same prior to the change will be governed by the rules provided at the time the website was accessed for Establishment.<\/div>\n\t\t\t\t\t\t<\/div>\n\t\t\t\t<\/div>\n\t\t\t\t\t<\/div>\n\t\t<\/div>\n\t\t\t\t\t<\/div>\n\t\t<\/section>\n\t\t\t\t<section class=\"elementor-section elementor-top-section elementor-element elementor-element-a19cb76 elementor-section-boxed elementor-section-height-default elementor-section-height-default\" data-id=\"a19cb76\" data-element_type=\"section\">\n\t\t\t\t\t\t<div class=\"elementor-container elementor-column-gap-default\">\n\t\t\t\t\t<div class=\"elementor-column elementor-col-100 elementor-top-column elementor-element elementor-element-8e212d3\" data-id=\"8e212d3\" data-element_type=\"column\">\n\t\t\t<div class=\"elementor-widget-wrap elementor-element-populated\">\n\t\t\t\t\t\t<div class=\"elementor-element elementor-element-3818a82 elementor-widget elementor-widget-spacer\" data-id=\"3818a82\" data-element_type=\"widget\" data-widget_type=\"spacer.default\">\n\t\t\t\t<div class=\"elementor-widget-container\">\n\t\t\t\t\t\t\t<div class=\"elementor-spacer\">\n\t\t\t<div class=\"elementor-spacer-inner\"><\/div>\n\t\t<\/div>\n\t\t\t\t\t\t<\/div>\n\t\t\t\t<\/div>\n\t\t\t\t\t<\/div>\n\t\t<\/div>\n\t\t\t\t\t<\/div>\n\t\t<\/section>\n\t\t\t\t<\/div>\n\t\t","protected":false},"excerpt":{"rendered":"<p>Privacy policy GRUPO AUXIMARA in its commitment to the protection of personal data of its clients, and as a maximum guarantor of the privacy of the same, has made a review of all its business processes and especially those that imply a Processing of personal data, adapting to the new requirements of Community legislation, General &hellip; <\/p>\n<p class=\"link-more\"><a href=\"https:\/\/www.grupoauximara.com\/en\/privacy-policy\/\" class=\"more-link\">Read More <span class=\"screen-reader-text\"> &#8220;Privacy policy&#8221;<\/span><\/a><\/p>\n","protected":false},"author":1,"featured_media":0,"parent":0,"menu_order":0,"comment_status":"closed","ping_status":"open","template":"","meta":{"inline_featured_image":false,"footnotes":""},"class_list":["post-5707","page","type-page","status-publish","hentry"],"yoast_head":"<!-- This site is optimized with the Yoast SEO plugin v26.4 - https:\/\/yoast.com\/wordpress\/plugins\/seo\/ -->\n<title>Privacy Policy | Grupo Auximara<\/title>\n<meta name=\"description\" content=\"Discover the privacy policy of Grupo Auximara. Your privacy is important for us.\" \/>\n<meta name=\"robots\" content=\"index, follow, max-snippet:-1, max-image-preview:large, max-video-preview:-1\" \/>\n<link rel=\"canonical\" href=\"https:\/\/www.grupoauximara.com\/en\/privacy-policy\/\" \/>\n<meta property=\"og:locale\" content=\"en_US\" \/>\n<meta property=\"og:type\" content=\"article\" \/>\n<meta property=\"og:title\" content=\"Privacy Policy | Grupo Auximara\" \/>\n<meta property=\"og:description\" content=\"Discover the privacy policy of Grupo Auximara. Your privacy is important for us.\" \/>\n<meta property=\"og:url\" content=\"https:\/\/www.grupoauximara.com\/en\/privacy-policy\/\" \/>\n<meta property=\"og:site_name\" content=\"Auximara\" \/>\n<meta property=\"article:modified_time\" content=\"2019-07-31T14:48:32+00:00\" \/>\n<meta name=\"twitter:card\" content=\"summary_large_image\" \/>\n<meta name=\"twitter:label1\" content=\"Est. reading time\" \/>\n\t<meta name=\"twitter:data1\" content=\"7 minutes\" \/>\n<script type=\"application\/ld+json\" class=\"yoast-schema-graph\">{\"@context\":\"https:\/\/schema.org\",\"@graph\":[{\"@type\":\"WebPage\",\"@id\":\"https:\/\/www.grupoauximara.com\/en\/privacy-policy\/\",\"url\":\"https:\/\/www.grupoauximara.com\/en\/privacy-policy\/\",\"name\":\"Privacy Policy | Grupo Auximara\",\"isPartOf\":{\"@id\":\"https:\/\/www.grupoauximara.com\/en\/#website\"},\"datePublished\":\"2019-05-21T15:13:00+00:00\",\"dateModified\":\"2019-07-31T14:48:32+00:00\",\"description\":\"Discover the privacy policy of Grupo Auximara. Your privacy is important for us.\",\"breadcrumb\":{\"@id\":\"https:\/\/www.grupoauximara.com\/en\/privacy-policy\/#breadcrumb\"},\"inLanguage\":\"en-US\",\"potentialAction\":[{\"@type\":\"ReadAction\",\"target\":[\"https:\/\/www.grupoauximara.com\/en\/privacy-policy\/\"]}]},{\"@type\":\"BreadcrumbList\",\"@id\":\"https:\/\/www.grupoauximara.com\/en\/privacy-policy\/#breadcrumb\",\"itemListElement\":[{\"@type\":\"ListItem\",\"position\":1,\"name\":\"Portada\",\"item\":\"https:\/\/www.grupoauximara.com\/en\/\"},{\"@type\":\"ListItem\",\"position\":2,\"name\":\"Privacy policy\"}]},{\"@type\":\"WebSite\",\"@id\":\"https:\/\/www.grupoauximara.com\/en\/#website\",\"url\":\"https:\/\/www.grupoauximara.com\/en\/\",\"name\":\"Auximara\",\"description\":\"Empresa dedicada al dise\u00f1o y fabricaci\u00f3n de latas y envases met\u00e1licos litografiados\",\"potentialAction\":[{\"@type\":\"SearchAction\",\"target\":{\"@type\":\"EntryPoint\",\"urlTemplate\":\"https:\/\/www.grupoauximara.com\/en\/?s={search_term_string}\"},\"query-input\":{\"@type\":\"PropertyValueSpecification\",\"valueRequired\":true,\"valueName\":\"search_term_string\"}}],\"inLanguage\":\"en-US\"}]}<\/script>\n<!-- \/ Yoast SEO plugin. -->","yoast_head_json":{"title":"Privacy Policy | Grupo Auximara","description":"Discover the privacy policy of Grupo Auximara. Your privacy is important for us.","robots":{"index":"index","follow":"follow","max-snippet":"max-snippet:-1","max-image-preview":"max-image-preview:large","max-video-preview":"max-video-preview:-1"},"canonical":"https:\/\/www.grupoauximara.com\/en\/privacy-policy\/","og_locale":"en_US","og_type":"article","og_title":"Privacy Policy | Grupo Auximara","og_description":"Discover the privacy policy of Grupo Auximara. Your privacy is important for us.","og_url":"https:\/\/www.grupoauximara.com\/en\/privacy-policy\/","og_site_name":"Auximara","article_modified_time":"2019-07-31T14:48:32+00:00","twitter_card":"summary_large_image","twitter_misc":{"Est. reading time":"7 minutes"},"schema":{"@context":"https:\/\/schema.org","@graph":[{"@type":"WebPage","@id":"https:\/\/www.grupoauximara.com\/en\/privacy-policy\/","url":"https:\/\/www.grupoauximara.com\/en\/privacy-policy\/","name":"Privacy Policy | Grupo Auximara","isPartOf":{"@id":"https:\/\/www.grupoauximara.com\/en\/#website"},"datePublished":"2019-05-21T15:13:00+00:00","dateModified":"2019-07-31T14:48:32+00:00","description":"Discover the privacy policy of Grupo Auximara. Your privacy is important for us.","breadcrumb":{"@id":"https:\/\/www.grupoauximara.com\/en\/privacy-policy\/#breadcrumb"},"inLanguage":"en-US","potentialAction":[{"@type":"ReadAction","target":["https:\/\/www.grupoauximara.com\/en\/privacy-policy\/"]}]},{"@type":"BreadcrumbList","@id":"https:\/\/www.grupoauximara.com\/en\/privacy-policy\/#breadcrumb","itemListElement":[{"@type":"ListItem","position":1,"name":"Portada","item":"https:\/\/www.grupoauximara.com\/en\/"},{"@type":"ListItem","position":2,"name":"Privacy policy"}]},{"@type":"WebSite","@id":"https:\/\/www.grupoauximara.com\/en\/#website","url":"https:\/\/www.grupoauximara.com\/en\/","name":"Auximara","description":"Empresa dedicada al dise\u00f1o y fabricaci\u00f3n de latas y envases met\u00e1licos litografiados","potentialAction":[{"@type":"SearchAction","target":{"@type":"EntryPoint","urlTemplate":"https:\/\/www.grupoauximara.com\/en\/?s={search_term_string}"},"query-input":{"@type":"PropertyValueSpecification","valueRequired":true,"valueName":"search_term_string"}}],"inLanguage":"en-US"}]}},"_links":{"self":[{"href":"https:\/\/www.grupoauximara.com\/en\/wp-json\/wp\/v2\/pages\/5707","targetHints":{"allow":["GET"]}}],"collection":[{"href":"https:\/\/www.grupoauximara.com\/en\/wp-json\/wp\/v2\/pages"}],"about":[{"href":"https:\/\/www.grupoauximara.com\/en\/wp-json\/wp\/v2\/types\/page"}],"author":[{"embeddable":true,"href":"https:\/\/www.grupoauximara.com\/en\/wp-json\/wp\/v2\/users\/1"}],"replies":[{"embeddable":true,"href":"https:\/\/www.grupoauximara.com\/en\/wp-json\/wp\/v2\/comments?post=5707"}],"version-history":[{"count":0,"href":"https:\/\/www.grupoauximara.com\/en\/wp-json\/wp\/v2\/pages\/5707\/revisions"}],"wp:attachment":[{"href":"https:\/\/www.grupoauximara.com\/en\/wp-json\/wp\/v2\/media?parent=5707"}],"curies":[{"name":"wp","href":"https:\/\/api.w.org\/{rel}","templated":true}]}}