{"id":5697,"date":"2019-05-22T09:37:04","date_gmt":"2019-05-22T07:37:04","guid":{"rendered":"https:\/\/www.grupoauximara.com\/envases-metalicos\/"},"modified":"2019-10-23T11:15:47","modified_gmt":"2019-10-23T09:15:47","slug":"metal-packaging","status":"publish","type":"page","link":"https:\/\/www.grupoauximara.com\/en\/metal-packaging\/","title":{"rendered":"Metal Packaging"},"content":{"rendered":"\t\t<div data-elementor-type=\"wp-post\" data-elementor-id=\"5697\" class=\"elementor elementor-5697 elementor-4558\" data-elementor-post-type=\"page\">\n\t\t\t\t\t\t<section class=\"elementor-section elementor-top-section elementor-element elementor-element-9b0a56e elementor-section-stretched elementor-section-height-min-height elementor-section-boxed elementor-section-height-default elementor-section-items-middle\" data-id=\"9b0a56e\" data-element_type=\"section\" data-settings=\"{&quot;stretch_section&quot;:&quot;section-stretched&quot;,&quot;background_background&quot;:&quot;classic&quot;}\">\n\t\t\t\t\t\t<div class=\"elementor-container elementor-column-gap-default\">\n\t\t\t\t\t<div class=\"elementor-column elementor-col-100 elementor-top-column elementor-element elementor-element-a6f50af\" data-id=\"a6f50af\" data-element_type=\"column\">\n\t\t\t<div class=\"elementor-widget-wrap elementor-element-populated\">\n\t\t\t\t\t\t<div class=\"elementor-element elementor-element-471fe4f elementor-widget elementor-widget-heading\" data-id=\"471fe4f\" data-element_type=\"widget\" data-widget_type=\"heading.default\">\n\t\t\t\t<div class=\"elementor-widget-container\">\n\t\t\t\t\t<h1 class=\"elementor-heading-title elementor-size-default\"><h1 style=\"border: 0px; margin-bottom: 0px; padding: 4px 10px; font-size: 1.6923em; color: rgb(30, 52, 128); line-height: 26.3999px; font-weight: normal; font-family: AllerRegular, &quot;Trebuchet MS&quot;, Arial, Helvetica, sans-serif; white-space: normal;\"><span style=\"color: rgb(34, 34, 34); font-family: inherit; font-size: 36px; font-weight: 600; white-space: pre-wrap;\">Metal Packaging <\/span><\/h1><\/h1>\t\t\t\t<\/div>\n\t\t\t\t<\/div>\n\t\t\t\t\t<\/div>\n\t\t<\/div>\n\t\t\t\t\t<\/div>\n\t\t<\/section>\n\t\t\t\t<section class=\"elementor-section elementor-top-section elementor-element elementor-element-2efb44a elementor-section-boxed elementor-section-height-default elementor-section-height-default\" data-id=\"2efb44a\" data-element_type=\"section\" data-settings=\"{&quot;background_background&quot;:&quot;classic&quot;}\">\n\t\t\t\t\t\t<div class=\"elementor-container elementor-column-gap-default\">\n\t\t\t\t\t<div class=\"elementor-column elementor-col-100 elementor-top-column elementor-element elementor-element-16df88b\" data-id=\"16df88b\" data-element_type=\"column\">\n\t\t\t<div class=\"elementor-widget-wrap elementor-element-populated\">\n\t\t\t\t\t\t<div class=\"elementor-element elementor-element-10d8625 elementor-widget elementor-widget-spacer\" data-id=\"10d8625\" data-element_type=\"widget\" data-widget_type=\"spacer.default\">\n\t\t\t\t<div class=\"elementor-widget-container\">\n\t\t\t\t\t\t\t<div class=\"elementor-spacer\">\n\t\t\t<div class=\"elementor-spacer-inner\"><\/div>\n\t\t<\/div>\n\t\t\t\t\t\t<\/div>\n\t\t\t\t<\/div>\n\t\t\t\t\t<\/div>\n\t\t<\/div>\n\t\t\t\t\t<\/div>\n\t\t<\/section>\n\t\t\t\t<section class=\"elementor-section elementor-top-section elementor-element elementor-element-d8c9ba7 elementor-reverse-mobile elementor-section-boxed elementor-section-height-default elementor-section-height-default\" data-id=\"d8c9ba7\" data-element_type=\"section\">\n\t\t\t\t\t\t<div class=\"elementor-container elementor-column-gap-default\">\n\t\t\t\t\t<div class=\"elementor-column elementor-col-50 elementor-top-column elementor-element elementor-element-2e37eaa\" data-id=\"2e37eaa\" data-element_type=\"column\">\n\t\t\t<div class=\"elementor-widget-wrap elementor-element-populated\">\n\t\t\t\t\t\t<div class=\"elementor-element elementor-element-e28fbc9 elementor-widget-divider--view-line elementor-widget elementor-widget-divider\" data-id=\"e28fbc9\" data-element_type=\"widget\" data-widget_type=\"divider.default\">\n\t\t\t\t<div class=\"elementor-widget-container\">\n\t\t\t\t\t\t\t<div class=\"elementor-divider\">\n\t\t\t<span class=\"elementor-divider-separator\">\n\t\t\t\t\t\t<\/span>\n\t\t<\/div>\n\t\t\t\t\t\t<\/div>\n\t\t\t\t<\/div>\n\t\t\t\t<div class=\"elementor-element elementor-element-7c9fd30 elementor-widget elementor-widget-text-editor\" data-id=\"7c9fd30\" data-element_type=\"widget\" data-widget_type=\"text-editor.default\">\n\t\t\t\t<div class=\"elementor-widget-container\">\n\t\t\t\t\t\t\t<div class=\"elementor-text-editor elementor-clearfix\"><p><span class=\"titAzul\">Metal packaging<\/span>\u00a0is found in\u00a0<span class=\"titAzul\">all areas of modern life<\/span> owing to its versatility and its overwhelming acceptance by consumers.\u00a0<\/p><p>The sustainability of metal packaging, together with the outstanding qualities described below make it an ideal packaging solution to respond to the changing demands of today&#8217;s society.<\/p><\/div>\n\t\t\t\t\t\t<\/div>\n\t\t\t\t<\/div>\n\t\t\t\t\t<\/div>\n\t\t<\/div>\n\t\t\t\t<div class=\"elementor-column elementor-col-50 elementor-top-column elementor-element elementor-element-6bc3798\" data-id=\"6bc3798\" data-element_type=\"column\">\n\t\t\t<div class=\"elementor-widget-wrap elementor-element-populated\">\n\t\t\t\t\t\t<div class=\"elementor-element elementor-element-d2e4fb8 elementor-widget elementor-widget-image\" data-id=\"d2e4fb8\" data-element_type=\"widget\" data-widget_type=\"image.default\">\n\t\t\t\t<div class=\"elementor-widget-container\">\n\t\t\t\t\t        <div class=\"elementor-image\">\n                                                <img fetchpriority=\"high\" decoding=\"async\" width=\"740\" height=\"410\" src=\"https:\/\/www.grupoauximara.com\/wp-content\/uploads\/2019\/08\/envase-metalico-grupo-auximara.jpg\" class=\"attachment-full size-full wp-image-7092\" alt=\"\" srcset=\"https:\/\/www.grupoauximara.com\/wp-content\/uploads\/2019\/08\/envase-metalico-grupo-auximara.jpg 740w, https:\/\/www.grupoauximara.com\/wp-content\/uploads\/2019\/08\/envase-metalico-grupo-auximara-300x166.jpg 300w, https:\/\/www.grupoauximara.com\/wp-content\/uploads\/2019\/08\/envase-metalico-grupo-auximara-400x222.jpg 400w\" sizes=\"(max-width: 740px) 100vw, 740px\" \/>                                                            <\/div>\n        \t\t\t\t<\/div>\n\t\t\t\t<\/div>\n\t\t\t\t\t<\/div>\n\t\t<\/div>\n\t\t\t\t\t<\/div>\n\t\t<\/section>\n\t\t\t\t<section class=\"elementor-section elementor-top-section elementor-element elementor-element-9a5ef7d elementor-section-boxed elementor-section-height-default elementor-section-height-default\" data-id=\"9a5ef7d\" data-element_type=\"section\">\n\t\t\t\t\t\t<div class=\"elementor-container elementor-column-gap-default\">\n\t\t\t\t\t<div class=\"elementor-column elementor-col-100 elementor-top-column elementor-element elementor-element-0470ad0\" data-id=\"0470ad0\" data-element_type=\"column\">\n\t\t\t<div class=\"elementor-widget-wrap elementor-element-populated\">\n\t\t\t\t\t\t<div class=\"elementor-element elementor-element-fd602aa elementor-widget elementor-widget-text-editor\" data-id=\"fd602aa\" data-element_type=\"widget\" data-widget_type=\"text-editor.default\">\n\t\t\t\t<div class=\"elementor-widget-container\">\n\t\t\t\t\t\t\t<div class=\"elementor-text-editor elementor-clearfix\"><p><strong><span class=\"titAzul\">HERMETIC<\/span><\/strong><br \/>It is the best packaging for food as it preserves freshness and nutritional qualities.\u00a0 It prevents air, oxidation and bacteria from contaminating the product.<\/p><p><strong><span class=\"titAzul\">OPAQUE<\/span><\/strong><br \/>Opaqueness prevents the destruction of vitamins that are affected by light<\/p><p><strong><span class=\"titAzul\">RESISTANT<\/span><\/strong><br \/>Metal offers the best mechanical resistance to impacts.<\/p><p><strong><span class=\"titAzul\">DECORABLE<\/span><\/strong><br \/>Innovative forms and leading-edge design offer customers a more solid brand image and differentiation for their products at point of sale.<\/p><p><strong><span class=\"titAzul\">INVIOLABLE<\/span><\/strong><br \/>Metal packaging cannot be opened without evident signs of manipulation<\/p><p><strong><span class=\"titAzul\">BIODEGRADABLE<\/span><\/strong><br \/>When exposed to the elements, a steel container is degraded in a few months and turned into iron oxide, which is harmless to the soil.<\/p><p><strong><span class=\"titAzul\">MAGNETIC<\/span><\/strong><br \/>This characteristic allows empty tinplate cans to be retrieved by electromagnets, meaning that the selection process for this material in the recycling chain is simpler<\/p><p><strong><span class=\"titAzul\">RECYCLABLE<\/span><\/strong><br \/><span class=\"titAzul\">100% of its material is reused<\/span> for the production of new steel. Tinplate cans are the only packaging product to\u00a0<span class=\"titAzul\">be 100% recycled indefinitely;<\/span> in other words, their raw material can be reused no matter how often they are discarded in order to make new cans, or in other industries such as construction, automotive, home appliances, electronics, decoration, etc.<\/p><\/div>\n\t\t\t\t\t\t<\/div>\n\t\t\t\t<\/div>\n\t\t\t\t\t<\/div>\n\t\t<\/div>\n\t\t\t\t\t<\/div>\n\t\t<\/section>\n\t\t\t\t<section class=\"elementor-section elementor-top-section elementor-element elementor-element-008b858 elementor-section-boxed elementor-section-height-default elementor-section-height-default\" data-id=\"008b858\" data-element_type=\"section\">\n\t\t\t\t\t\t<div class=\"elementor-container elementor-column-gap-default\">\n\t\t\t\t\t<div class=\"elementor-column elementor-col-100 elementor-top-column elementor-element elementor-element-7e1b48d\" data-id=\"7e1b48d\" data-element_type=\"column\">\n\t\t\t<div class=\"elementor-widget-wrap elementor-element-populated\">\n\t\t\t\t\t\t<div class=\"elementor-element elementor-element-04ed02f elementor-widget elementor-widget-spacer\" data-id=\"04ed02f\" data-element_type=\"widget\" data-widget_type=\"spacer.default\">\n\t\t\t\t<div class=\"elementor-widget-container\">\n\t\t\t\t\t\t\t<div class=\"elementor-spacer\">\n\t\t\t<div class=\"elementor-spacer-inner\"><\/div>\n\t\t<\/div>\n\t\t\t\t\t\t<\/div>\n\t\t\t\t<\/div>\n\t\t\t\t\t<\/div>\n\t\t<\/div>\n\t\t\t\t\t<\/div>\n\t\t<\/section>\n\t\t\t\t<section class=\"elementor-section elementor-top-section elementor-element elementor-element-247686e elementor-section-boxed elementor-section-height-default elementor-section-height-default\" data-id=\"247686e\" data-element_type=\"section\">\n\t\t\t\t\t\t<div class=\"elementor-container elementor-column-gap-default\">\n\t\t\t\t\t<div class=\"elementor-column elementor-col-33 elementor-top-column elementor-element elementor-element-0db969d\" data-id=\"0db969d\" data-element_type=\"column\" data-settings=\"{&quot;background_background&quot;:&quot;classic&quot;}\">\n\t\t\t<div class=\"elementor-widget-wrap elementor-element-populated\">\n\t\t\t\t\t\t<div class=\"elementor-element elementor-element-c15777d elementor-widget elementor-widget-heading\" data-id=\"c15777d\" data-element_type=\"widget\" data-widget_type=\"heading.default\">\n\t\t\t\t<div class=\"elementor-widget-container\">\n\t\t\t\t\t<h2 class=\"elementor-heading-title elementor-size-default\"><a href=\"https:\/\/www.grupoauximara.com\/en\/metal-food-containers\/\">Metal food <br>\ncontainers<br><\/a><\/h2>\t\t\t\t<\/div>\n\t\t\t\t<\/div>\n\t\t\t\t<div class=\"elementor-element elementor-element-1952f5a elementor-view-default elementor-widget elementor-widget-icon\" data-id=\"1952f5a\" data-element_type=\"widget\" data-widget_type=\"icon.default\">\n\t\t\t\t<div class=\"elementor-widget-container\">\n\t\t\t\t\t\t\t<div class=\"elementor-icon-wrapper\">\n\t\t\t<a class=\"elementor-icon\" href=\"https:\/\/www.grupoauximara.com\/en\/metal-food-containers\/\">\n\t\t\t<i aria-hidden=\"true\" class=\"opal-icon- opal-icon-right-long\"><\/i>\t\t\t<\/a>\n\t\t<\/div>\n\t\t\t\t\t\t<\/div>\n\t\t\t\t<\/div>\n\t\t\t\t\t<\/div>\n\t\t<\/div>\n\t\t\t\t<div class=\"elementor-column elementor-col-33 elementor-top-column elementor-element elementor-element-90636e9\" data-id=\"90636e9\" data-element_type=\"column\" data-settings=\"{&quot;background_background&quot;:&quot;classic&quot;}\">\n\t\t\t<div class=\"elementor-widget-wrap elementor-element-populated\">\n\t\t\t\t\t\t<div class=\"elementor-element elementor-element-c80c5e8 elementor-widget elementor-widget-heading\" data-id=\"c80c5e8\" data-element_type=\"widget\" data-widget_type=\"heading.default\">\n\t\t\t\t<div class=\"elementor-widget-container\">\n\t\t\t\t\t<h2 class=\"elementor-heading-title elementor-size-default\"><a href=\"https:\/\/www.grupoauximara.com\/en\/product\/oleopack\/\">Oleopack<\/a><\/h2>\t\t\t\t<\/div>\n\t\t\t\t<\/div>\n\t\t\t\t<div class=\"elementor-element elementor-element-a93993e elementor-view-default elementor-widget elementor-widget-icon\" data-id=\"a93993e\" data-element_type=\"widget\" data-widget_type=\"icon.default\">\n\t\t\t\t<div class=\"elementor-widget-container\">\n\t\t\t\t\t\t\t<div class=\"elementor-icon-wrapper\">\n\t\t\t<a class=\"elementor-icon\" href=\"https:\/\/www.grupoauximara.com\/en\/product\/oleopack\/\">\n\t\t\t<i aria-hidden=\"true\" class=\"opal-icon- opal-icon-right-long\"><\/i>\t\t\t<\/a>\n\t\t<\/div>\n\t\t\t\t\t\t<\/div>\n\t\t\t\t<\/div>\n\t\t\t\t\t<\/div>\n\t\t<\/div>\n\t\t\t\t<div class=\"elementor-column elementor-col-33 elementor-top-column elementor-element elementor-element-c3a9754\" data-id=\"c3a9754\" data-element_type=\"column\" data-settings=\"{&quot;background_background&quot;:&quot;classic&quot;}\">\n\t\t\t<div class=\"elementor-widget-wrap elementor-element-populated\">\n\t\t\t\t\t\t<div class=\"elementor-element elementor-element-83dbcdd elementor-widget elementor-widget-heading\" data-id=\"83dbcdd\" data-element_type=\"widget\" data-widget_type=\"heading.default\">\n\t\t\t\t<div class=\"elementor-widget-container\">\n\t\t\t\t\t<h2 class=\"elementor-heading-title elementor-size-default\"><a href=\"https:\/\/www.grupoauximara.com\/en\/packaging-chemical-products\/\">Chemical <br>products <br><\/a><\/h2>\t\t\t\t<\/div>\n\t\t\t\t<\/div>\n\t\t\t\t<div class=\"elementor-element elementor-element-548d142 elementor-view-default elementor-widget elementor-widget-icon\" data-id=\"548d142\" data-element_type=\"widget\" data-widget_type=\"icon.default\">\n\t\t\t\t<div class=\"elementor-widget-container\">\n\t\t\t\t\t\t\t<div class=\"elementor-icon-wrapper\">\n\t\t\t<a class=\"elementor-icon\" href=\"https:\/\/www.grupoauximara.com\/en\/packaging-chemical-products\/\">\n\t\t\t<i aria-hidden=\"true\" class=\"opal-icon- opal-icon-right-long\"><\/i>\t\t\t<\/a>\n\t\t<\/div>\n\t\t\t\t\t\t<\/div>\n\t\t\t\t<\/div>\n\t\t\t\t\t<\/div>\n\t\t<\/div>\n\t\t\t\t\t<\/div>\n\t\t<\/section>\n\t\t\t\t<section class=\"elementor-section elementor-top-section elementor-element elementor-element-dda90b1 elementor-section-boxed elementor-section-height-default elementor-section-height-default\" data-id=\"dda90b1\" data-element_type=\"section\">\n\t\t\t\t\t\t<div class=\"elementor-container elementor-column-gap-default\">\n\t\t\t\t\t<div class=\"elementor-column elementor-col-100 elementor-top-column elementor-element elementor-element-4dfe9c0\" data-id=\"4dfe9c0\" data-element_type=\"column\">\n\t\t\t<div class=\"elementor-widget-wrap elementor-element-populated\">\n\t\t\t\t\t\t<div class=\"elementor-element elementor-element-5a08d99 elementor-widget elementor-widget-spacer\" data-id=\"5a08d99\" data-element_type=\"widget\" data-widget_type=\"spacer.default\">\n\t\t\t\t<div class=\"elementor-widget-container\">\n\t\t\t\t\t\t\t<div class=\"elementor-spacer\">\n\t\t\t<div class=\"elementor-spacer-inner\"><\/div>\n\t\t<\/div>\n\t\t\t\t\t\t<\/div>\n\t\t\t\t<\/div>\n\t\t\t\t\t<\/div>\n\t\t<\/div>\n\t\t\t\t\t<\/div>\n\t\t<\/section>\n\t\t\t\t<\/div>\n\t\t","protected":false},"excerpt":{"rendered":"<p>Metal Packaging Metal packaging\u00a0is found in\u00a0all areas of modern life owing to its versatility and its overwhelming acceptance by consumers.\u00a0 The sustainability of metal packaging, together with the outstanding qualities described below make it an ideal packaging solution to respond to the changing demands of today&#8217;s society. HERMETICIt is the best packaging for food as &hellip; <\/p>\n<p class=\"link-more\"><a href=\"https:\/\/www.grupoauximara.com\/en\/metal-packaging\/\" class=\"more-link\">Read More <span class=\"screen-reader-text\"> &#8220;Metal Packaging&#8221;<\/span><\/a><\/p>\n","protected":false},"author":1,"featured_media":0,"parent":0,"menu_order":0,"comment_status":"closed","ping_status":"closed","template":"","meta":{"inline_featured_image":false,"footnotes":""},"class_list":["post-5697","page","type-page","status-publish","hentry"],"yoast_head":"<!-- This site is optimized with the Yoast SEO plugin v26.4 - https:\/\/yoast.com\/wordpress\/plugins\/seo\/ -->\n<title>Metal Packaging | Grupo Auximara<\/title>\n<meta name=\"description\" content=\"Metal packaging is the best packaging for food as it preserves freshness and nutritional qualities It prevents air, oxidation and bacteria from contaminating the product\" \/>\n<meta name=\"robots\" content=\"index, follow, max-snippet:-1, max-image-preview:large, max-video-preview:-1\" \/>\n<link rel=\"canonical\" href=\"https:\/\/www.grupoauximara.com\/en\/metal-packaging\/\" \/>\n<meta property=\"og:locale\" content=\"en_US\" \/>\n<meta property=\"og:type\" content=\"article\" \/>\n<meta property=\"og:title\" content=\"Metal Packaging | Grupo Auximara\" \/>\n<meta property=\"og:description\" content=\"Metal packaging is the best packaging for food as it preserves freshness and nutritional qualities It prevents air, oxidation and bacteria from contaminating the product\" \/>\n<meta property=\"og:url\" content=\"https:\/\/www.grupoauximara.com\/en\/metal-packaging\/\" \/>\n<meta property=\"og:site_name\" content=\"Auximara\" \/>\n<meta property=\"article:modified_time\" content=\"2019-10-23T09:15:47+00:00\" \/>\n<meta property=\"og:image\" content=\"https:\/\/www.grupoauximara.com\/wp-content\/uploads\/2019\/08\/envase-metalico-grupo-auximara.jpg\" \/>\n<meta name=\"twitter:card\" content=\"summary_large_image\" \/>\n<meta name=\"twitter:label1\" content=\"Est. reading time\" \/>\n\t<meta name=\"twitter:data1\" content=\"1 minute\" \/>\n<script type=\"application\/ld+json\" class=\"yoast-schema-graph\">{\"@context\":\"https:\/\/schema.org\",\"@graph\":[{\"@type\":\"WebPage\",\"@id\":\"https:\/\/www.grupoauximara.com\/en\/metal-packaging\/\",\"url\":\"https:\/\/www.grupoauximara.com\/en\/metal-packaging\/\",\"name\":\"Metal Packaging | Grupo Auximara\",\"isPartOf\":{\"@id\":\"https:\/\/www.grupoauximara.com\/en\/#website\"},\"primaryImageOfPage\":{\"@id\":\"https:\/\/www.grupoauximara.com\/en\/metal-packaging\/#primaryimage\"},\"image\":{\"@id\":\"https:\/\/www.grupoauximara.com\/en\/metal-packaging\/#primaryimage\"},\"thumbnailUrl\":\"https:\/\/www.grupoauximara.com\/wp-content\/uploads\/2019\/08\/envase-metalico-grupo-auximara.jpg\",\"datePublished\":\"2019-05-22T07:37:04+00:00\",\"dateModified\":\"2019-10-23T09:15:47+00:00\",\"description\":\"Metal packaging is the best packaging for food as it preserves freshness and nutritional qualities It prevents air, oxidation and bacteria from contaminating the product\",\"breadcrumb\":{\"@id\":\"https:\/\/www.grupoauximara.com\/en\/metal-packaging\/#breadcrumb\"},\"inLanguage\":\"en-US\",\"potentialAction\":[{\"@type\":\"ReadAction\",\"target\":[\"https:\/\/www.grupoauximara.com\/en\/metal-packaging\/\"]}]},{\"@type\":\"ImageObject\",\"inLanguage\":\"en-US\",\"@id\":\"https:\/\/www.grupoauximara.com\/en\/metal-packaging\/#primaryimage\",\"url\":\"https:\/\/www.grupoauximara.com\/wp-content\/uploads\/2019\/08\/envase-metalico-grupo-auximara.jpg\",\"contentUrl\":\"https:\/\/www.grupoauximara.com\/wp-content\/uploads\/2019\/08\/envase-metalico-grupo-auximara.jpg\"},{\"@type\":\"BreadcrumbList\",\"@id\":\"https:\/\/www.grupoauximara.com\/en\/metal-packaging\/#breadcrumb\",\"itemListElement\":[{\"@type\":\"ListItem\",\"position\":1,\"name\":\"Portada\",\"item\":\"https:\/\/www.grupoauximara.com\/en\/\"},{\"@type\":\"ListItem\",\"position\":2,\"name\":\"Metal Packaging\"}]},{\"@type\":\"WebSite\",\"@id\":\"https:\/\/www.grupoauximara.com\/en\/#website\",\"url\":\"https:\/\/www.grupoauximara.com\/en\/\",\"name\":\"Auximara\",\"description\":\"Empresa dedicada al dise\u00f1o y fabricaci\u00f3n de latas y envases met\u00e1licos litografiados\",\"potentialAction\":[{\"@type\":\"SearchAction\",\"target\":{\"@type\":\"EntryPoint\",\"urlTemplate\":\"https:\/\/www.grupoauximara.com\/en\/?s={search_term_string}\"},\"query-input\":{\"@type\":\"PropertyValueSpecification\",\"valueRequired\":true,\"valueName\":\"search_term_string\"}}],\"inLanguage\":\"en-US\"}]}<\/script>\n<!-- \/ Yoast SEO plugin. -->","yoast_head_json":{"title":"Metal Packaging | Grupo Auximara","description":"Metal packaging is the best packaging for food as it preserves freshness and nutritional qualities It prevents air, oxidation and bacteria from contaminating the product","robots":{"index":"index","follow":"follow","max-snippet":"max-snippet:-1","max-image-preview":"max-image-preview:large","max-video-preview":"max-video-preview:-1"},"canonical":"https:\/\/www.grupoauximara.com\/en\/metal-packaging\/","og_locale":"en_US","og_type":"article","og_title":"Metal Packaging | Grupo Auximara","og_description":"Metal packaging is the best packaging for food as it preserves freshness and nutritional qualities It prevents air, oxidation and bacteria from contaminating the product","og_url":"https:\/\/www.grupoauximara.com\/en\/metal-packaging\/","og_site_name":"Auximara","article_modified_time":"2019-10-23T09:15:47+00:00","og_image":[{"url":"https:\/\/www.grupoauximara.com\/wp-content\/uploads\/2019\/08\/envase-metalico-grupo-auximara.jpg","type":"","width":"","height":""}],"twitter_card":"summary_large_image","twitter_misc":{"Est. reading time":"1 minute"},"schema":{"@context":"https:\/\/schema.org","@graph":[{"@type":"WebPage","@id":"https:\/\/www.grupoauximara.com\/en\/metal-packaging\/","url":"https:\/\/www.grupoauximara.com\/en\/metal-packaging\/","name":"Metal Packaging | Grupo Auximara","isPartOf":{"@id":"https:\/\/www.grupoauximara.com\/en\/#website"},"primaryImageOfPage":{"@id":"https:\/\/www.grupoauximara.com\/en\/metal-packaging\/#primaryimage"},"image":{"@id":"https:\/\/www.grupoauximara.com\/en\/metal-packaging\/#primaryimage"},"thumbnailUrl":"https:\/\/www.grupoauximara.com\/wp-content\/uploads\/2019\/08\/envase-metalico-grupo-auximara.jpg","datePublished":"2019-05-22T07:37:04+00:00","dateModified":"2019-10-23T09:15:47+00:00","description":"Metal packaging is the best packaging for food as it preserves freshness and nutritional qualities It prevents air, oxidation and bacteria from contaminating the product","breadcrumb":{"@id":"https:\/\/www.grupoauximara.com\/en\/metal-packaging\/#breadcrumb"},"inLanguage":"en-US","potentialAction":[{"@type":"ReadAction","target":["https:\/\/www.grupoauximara.com\/en\/metal-packaging\/"]}]},{"@type":"ImageObject","inLanguage":"en-US","@id":"https:\/\/www.grupoauximara.com\/en\/metal-packaging\/#primaryimage","url":"https:\/\/www.grupoauximara.com\/wp-content\/uploads\/2019\/08\/envase-metalico-grupo-auximara.jpg","contentUrl":"https:\/\/www.grupoauximara.com\/wp-content\/uploads\/2019\/08\/envase-metalico-grupo-auximara.jpg"},{"@type":"BreadcrumbList","@id":"https:\/\/www.grupoauximara.com\/en\/metal-packaging\/#breadcrumb","itemListElement":[{"@type":"ListItem","position":1,"name":"Portada","item":"https:\/\/www.grupoauximara.com\/en\/"},{"@type":"ListItem","position":2,"name":"Metal Packaging"}]},{"@type":"WebSite","@id":"https:\/\/www.grupoauximara.com\/en\/#website","url":"https:\/\/www.grupoauximara.com\/en\/","name":"Auximara","description":"Empresa dedicada al dise\u00f1o y fabricaci\u00f3n de latas y envases met\u00e1licos litografiados","potentialAction":[{"@type":"SearchAction","target":{"@type":"EntryPoint","urlTemplate":"https:\/\/www.grupoauximara.com\/en\/?s={search_term_string}"},"query-input":{"@type":"PropertyValueSpecification","valueRequired":true,"valueName":"search_term_string"}}],"inLanguage":"en-US"}]}},"_links":{"self":[{"href":"https:\/\/www.grupoauximara.com\/en\/wp-json\/wp\/v2\/pages\/5697","targetHints":{"allow":["GET"]}}],"collection":[{"href":"https:\/\/www.grupoauximara.com\/en\/wp-json\/wp\/v2\/pages"}],"about":[{"href":"https:\/\/www.grupoauximara.com\/en\/wp-json\/wp\/v2\/types\/page"}],"author":[{"embeddable":true,"href":"https:\/\/www.grupoauximara.com\/en\/wp-json\/wp\/v2\/users\/1"}],"replies":[{"embeddable":true,"href":"https:\/\/www.grupoauximara.com\/en\/wp-json\/wp\/v2\/comments?post=5697"}],"version-history":[{"count":0,"href":"https:\/\/www.grupoauximara.com\/en\/wp-json\/wp\/v2\/pages\/5697\/revisions"}],"wp:attachment":[{"href":"https:\/\/www.grupoauximara.com\/en\/wp-json\/wp\/v2\/media?parent=5697"}],"curies":[{"name":"wp","href":"https:\/\/api.w.org\/{rel}","templated":true}]}}