{"id":5688,"date":"2019-05-22T10:14:55","date_gmt":"2019-05-22T08:14:55","guid":{"rendered":"https:\/\/www.grupoauximara.com\/envases-metalicos-quimicos\/"},"modified":"2019-10-22T17:32:53","modified_gmt":"2019-10-22T15:32:53","slug":"packaging-chemical-products","status":"publish","type":"page","link":"https:\/\/www.grupoauximara.com\/en\/packaging-chemical-products\/","title":{"rendered":"Chemical products"},"content":{"rendered":"\t\t<div data-elementor-type=\"wp-post\" data-elementor-id=\"5688\" class=\"elementor elementor-5688 elementor-4586\" data-elementor-post-type=\"page\">\n\t\t\t\t\t\t<section class=\"elementor-section elementor-top-section elementor-element elementor-element-ab1e59e elementor-section-stretched elementor-section-height-min-height elementor-section-boxed elementor-section-height-default elementor-section-items-middle\" data-id=\"ab1e59e\" data-element_type=\"section\" data-settings=\"{&quot;stretch_section&quot;:&quot;section-stretched&quot;,&quot;background_background&quot;:&quot;classic&quot;}\">\n\t\t\t\t\t\t<div class=\"elementor-container elementor-column-gap-default\">\n\t\t\t\t\t<div class=\"elementor-column elementor-col-100 elementor-top-column elementor-element elementor-element-20a144f\" data-id=\"20a144f\" data-element_type=\"column\">\n\t\t\t<div class=\"elementor-widget-wrap elementor-element-populated\">\n\t\t\t\t\t\t<div class=\"elementor-element elementor-element-f5dfcef elementor-widget elementor-widget-heading\" data-id=\"f5dfcef\" data-element_type=\"widget\" data-widget_type=\"heading.default\">\n\t\t\t\t<div class=\"elementor-widget-container\">\n\t\t\t\t\t<h1 class=\"elementor-heading-title elementor-size-default\">Chemical products<\/h1>\t\t\t\t<\/div>\n\t\t\t\t<\/div>\n\t\t\t\t\t<\/div>\n\t\t<\/div>\n\t\t\t\t\t<\/div>\n\t\t<\/section>\n\t\t\t\t<section class=\"elementor-section elementor-top-section elementor-element elementor-element-424f9b2 elementor-section-boxed elementor-section-height-default elementor-section-height-default\" data-id=\"424f9b2\" data-element_type=\"section\" data-settings=\"{&quot;background_background&quot;:&quot;classic&quot;}\">\n\t\t\t\t\t\t<div class=\"elementor-container elementor-column-gap-default\">\n\t\t\t\t\t<div class=\"elementor-column elementor-col-100 elementor-top-column elementor-element elementor-element-81c2c51\" data-id=\"81c2c51\" data-element_type=\"column\">\n\t\t\t<div class=\"elementor-widget-wrap elementor-element-populated\">\n\t\t\t\t\t\t<div class=\"elementor-element elementor-element-76dd5b6 elementor-widget elementor-widget-text-editor\" data-id=\"76dd5b6\" data-element_type=\"widget\" data-widget_type=\"text-editor.default\">\n\t\t\t\t<div class=\"elementor-widget-container\">\n\t\t\t\t\t\t\t<div class=\"elementor-text-editor elementor-clearfix\"><p><strong>Grupo Auximara<\/strong> has a wide range of rectangular and round metal containers <strong>with ADR \/ RID approval<\/strong> for your chemical products. We have different capacities (from 125ml to 5L), different plugs with precise pouring and exclusive features.<\/p><p>Safety and design in your metal container for chemical products.<\/p><p>Discover all the metal containers for chemical products that we can offer you.<\/p><\/div>\n\t\t\t\t\t\t<\/div>\n\t\t\t\t<\/div>\n\t\t\t\t\t<\/div>\n\t\t<\/div>\n\t\t\t\t\t<\/div>\n\t\t<\/section>\n\t\t\t\t<section class=\"elementor-section elementor-top-section elementor-element elementor-element-367c499 elementor-section-boxed elementor-section-height-default elementor-section-height-default\" data-id=\"367c499\" data-element_type=\"section\">\n\t\t\t\t\t\t<div class=\"elementor-container elementor-column-gap-default\">\n\t\t\t\t\t<div class=\"elementor-column elementor-col-100 elementor-top-column elementor-element elementor-element-c7c45af\" data-id=\"c7c45af\" data-element_type=\"column\">\n\t\t\t<div class=\"elementor-widget-wrap elementor-element-populated\">\n\t\t\t\t\t\t<div class=\"elementor-element elementor-element-feeb2e1 elementor-product-style-1 elementor-widget elementor-widget-opal-products\" data-id=\"feeb2e1\" data-element_type=\"widget\" data-widget_type=\"opal-products.default\">\n\t\t\t\t<div class=\"elementor-widget-container\">\n\t\t\t\t\t        <div data-elementor-columns-tablet=\"3\">\n            <div class=\"woocommerce columns-4 \"><ul class=\"products columns-4\">\n<li class=\"product type-product post-5728 status-publish first instock product_cat-packaging-chemical-products-en has-post-thumbnail shipping-taxable product-type-simple\">\n\t<div class=\"product-block\"><div class=\"product-transition\"><div class=\"product-image\"><img fetchpriority=\"high\" decoding=\"async\" width=\"600\" height=\"600\" src=\"https:\/\/www.grupoauximara.com\/wp-content\/uploads\/2019\/07\/lata-quimicos-rectangular-600x600.jpg\" class=\"attachment-woocommerce_thumbnail size-woocommerce_thumbnail\" alt=\"Lata rectangular qu\u00edmicos\" srcset=\"https:\/\/www.grupoauximara.com\/wp-content\/uploads\/2019\/07\/lata-quimicos-rectangular-600x600.jpg 600w, https:\/\/www.grupoauximara.com\/wp-content\/uploads\/2019\/07\/lata-quimicos-rectangular-150x150.jpg 150w, https:\/\/www.grupoauximara.com\/wp-content\/uploads\/2019\/07\/lata-quimicos-rectangular-400x400.jpg 400w, https:\/\/www.grupoauximara.com\/wp-content\/uploads\/2019\/07\/lata-quimicos-rectangular-100x100.jpg 100w\" sizes=\"(max-width: 600px) 100vw, 600px\" \/><\/div><div class=\"product-caption\"><div class=\"shop-action\">\n<div\n\tclass=\"yith-wcwl-add-to-wishlist add-to-wishlist-5728 yith-wcwl-add-to-wishlist--link-style wishlist-fragment on-first-load\"\n\tdata-fragment-ref=\"5728\"\n\tdata-fragment-options=\"{&quot;base_url&quot;:&quot;&quot;,&quot;product_id&quot;:5728,&quot;parent_product_id&quot;:0,&quot;product_type&quot;:&quot;simple&quot;,&quot;is_single&quot;:false,&quot;in_default_wishlist&quot;:false,&quot;show_view&quot;:false,&quot;browse_wishlist_text&quot;:&quot;Navegar por Lista de Deseos&quot;,&quot;already_in_wishslist_text&quot;:&quot;El producto ya est\\u00e1 en la lista de deseos!&quot;,&quot;product_added_text&quot;:&quot;Producto a\\u00f1adido!&quot;,&quot;available_multi_wishlist&quot;:false,&quot;disable_wishlist&quot;:false,&quot;show_count&quot;:false,&quot;ajax_loading&quot;:false,&quot;loop_position&quot;:false,&quot;item&quot;:&quot;add_to_wishlist&quot;}\"\n>\n\t\t\t\n\t\t\t<!-- ADD TO WISHLIST -->\n\t\t\t\n<div class=\"yith-wcwl-add-button\">\n\t\t<a\n\t\thref=\"?add_to_wishlist=5728&#038;_wpnonce=e6c2eebe5a\"\n\t\tclass=\"add_to_wishlist single_add_to_wishlist\"\n\t\tdata-product-id=\"5728\"\n\t\tdata-product-type=\"simple\"\n\t\tdata-original-product-id=\"0\"\n\t\tdata-title=\"A\u00f1adir a la lista de deseos\"\n\t\trel=\"nofollow\"\n\t>\n\t\t<svg id=\"yith-wcwl-icon-heart-outline\" class=\"yith-wcwl-icon-svg\" fill=\"none\" stroke-width=\"1.5\" stroke=\"currentColor\" viewBox=\"0 0 24 24\" xmlns=\"http:\/\/www.w3.org\/2000\/svg\">\n  <path stroke-linecap=\"round\" stroke-linejoin=\"round\" d=\"M21 8.25c0-2.485-2.099-4.5-4.688-4.5-1.935 0-3.597 1.126-4.312 2.733-.715-1.607-2.377-2.733-4.313-2.733C5.1 3.75 3 5.765 3 8.25c0 7.22 9 12 9 12s9-4.78 9-12Z\"><\/path>\n<\/svg>\t\t<span>A\u00f1adir a la lista de deseos<\/span>\n\t<\/a>\n<\/div>\n\n\t\t\t<!-- COUNT TEXT -->\n\t\t\t\n\t\t\t<\/div>\n<\/div><\/div>\t<span id=\"woocommerce_loop_add_to_cart_link_describedby_5728\" class=\"screen-reader-text\">\n\t\t\t<\/span>\n<a href=\"https:\/\/www.grupoauximara.com\/en\/product\/rectangular-can-chemical-products\/\" class=\"woocommerce-LoopProduct-link woocommerce-loop-product__link\"><\/a><\/div><div class=\"caption\"><h3 class=\"woocommerce-loop-product__title\"><a href=\"https:\/\/www.grupoauximara.com\/en\/product\/rectangular-can-chemical-products\/\">Rectangular can chemical products<\/a><\/h3>\n<\/div><\/div><\/li>\n<li class=\"product type-product post-5727 status-publish instock product_cat-packaging-chemical-products-en product_tag-chemical has-post-thumbnail shipping-taxable product-type-simple\">\n\t<div class=\"product-block\"><div class=\"product-transition\"><div class=\"product-image\"><img decoding=\"async\" width=\"600\" height=\"600\" src=\"https:\/\/www.grupoauximara.com\/wp-content\/uploads\/2019\/07\/lata-quimico-redonda-600x600.jpg\" class=\"attachment-woocommerce_thumbnail size-woocommerce_thumbnail\" alt=\"Lata productos qu\u00edmicos redonda\" srcset=\"https:\/\/www.grupoauximara.com\/wp-content\/uploads\/2019\/07\/lata-quimico-redonda-600x600.jpg 600w, https:\/\/www.grupoauximara.com\/wp-content\/uploads\/2019\/07\/lata-quimico-redonda-150x150.jpg 150w, https:\/\/www.grupoauximara.com\/wp-content\/uploads\/2019\/07\/lata-quimico-redonda-400x400.jpg 400w, https:\/\/www.grupoauximara.com\/wp-content\/uploads\/2019\/07\/lata-quimico-redonda-100x100.jpg 100w\" sizes=\"(max-width: 600px) 100vw, 600px\" \/><\/div><div class=\"product-caption\"><div class=\"shop-action\">\n<div\n\tclass=\"yith-wcwl-add-to-wishlist add-to-wishlist-5727 yith-wcwl-add-to-wishlist--link-style wishlist-fragment on-first-load\"\n\tdata-fragment-ref=\"5727\"\n\tdata-fragment-options=\"{&quot;base_url&quot;:&quot;&quot;,&quot;product_id&quot;:5727,&quot;parent_product_id&quot;:0,&quot;product_type&quot;:&quot;simple&quot;,&quot;is_single&quot;:false,&quot;in_default_wishlist&quot;:false,&quot;show_view&quot;:false,&quot;browse_wishlist_text&quot;:&quot;Navegar por Lista de Deseos&quot;,&quot;already_in_wishslist_text&quot;:&quot;El producto ya est\\u00e1 en la lista de deseos!&quot;,&quot;product_added_text&quot;:&quot;Producto a\\u00f1adido!&quot;,&quot;available_multi_wishlist&quot;:false,&quot;disable_wishlist&quot;:false,&quot;show_count&quot;:false,&quot;ajax_loading&quot;:false,&quot;loop_position&quot;:false,&quot;item&quot;:&quot;add_to_wishlist&quot;}\"\n>\n\t\t\t\n\t\t\t<!-- ADD TO WISHLIST -->\n\t\t\t\n<div class=\"yith-wcwl-add-button\">\n\t\t<a\n\t\thref=\"?add_to_wishlist=5727&#038;_wpnonce=e6c2eebe5a\"\n\t\tclass=\"add_to_wishlist single_add_to_wishlist\"\n\t\tdata-product-id=\"5727\"\n\t\tdata-product-type=\"simple\"\n\t\tdata-original-product-id=\"0\"\n\t\tdata-title=\"A\u00f1adir a la lista de deseos\"\n\t\trel=\"nofollow\"\n\t>\n\t\t<svg id=\"yith-wcwl-icon-heart-outline\" class=\"yith-wcwl-icon-svg\" fill=\"none\" stroke-width=\"1.5\" stroke=\"currentColor\" viewBox=\"0 0 24 24\" xmlns=\"http:\/\/www.w3.org\/2000\/svg\">\n  <path stroke-linecap=\"round\" stroke-linejoin=\"round\" d=\"M21 8.25c0-2.485-2.099-4.5-4.688-4.5-1.935 0-3.597 1.126-4.312 2.733-.715-1.607-2.377-2.733-4.313-2.733C5.1 3.75 3 5.765 3 8.25c0 7.22 9 12 9 12s9-4.78 9-12Z\"><\/path>\n<\/svg>\t\t<span>A\u00f1adir a la lista de deseos<\/span>\n\t<\/a>\n<\/div>\n\n\t\t\t<!-- COUNT TEXT -->\n\t\t\t\n\t\t\t<\/div>\n<\/div><\/div>\t<span id=\"woocommerce_loop_add_to_cart_link_describedby_5727\" class=\"screen-reader-text\">\n\t\t\t<\/span>\n<a href=\"https:\/\/www.grupoauximara.com\/en\/product\/round-can-chemical-products\/\" class=\"woocommerce-LoopProduct-link woocommerce-loop-product__link\"><\/a><\/div><div class=\"caption\"><h3 class=\"woocommerce-loop-product__title\"><a href=\"https:\/\/www.grupoauximara.com\/en\/product\/round-can-chemical-products\/\">Round can chemical products<\/a><\/h3>\n<\/div><\/div><\/li>\n<\/ul>\n<\/div>        <\/div>\n        \t\t\t\t<\/div>\n\t\t\t\t<\/div>\n\t\t\t\t\t<\/div>\n\t\t<\/div>\n\t\t\t\t\t<\/div>\n\t\t<\/section>\n\t\t\t\t<section class=\"elementor-section elementor-top-section elementor-element elementor-element-b637f16 elementor-section-boxed elementor-section-height-default elementor-section-height-default\" data-id=\"b637f16\" data-element_type=\"section\">\n\t\t\t\t\t\t<div class=\"elementor-container elementor-column-gap-default\">\n\t\t\t\t\t<div class=\"elementor-column elementor-col-33 elementor-top-column elementor-element elementor-element-1e5ecaa\" data-id=\"1e5ecaa\" data-element_type=\"column\" data-settings=\"{&quot;background_background&quot;:&quot;classic&quot;}\">\n\t\t\t<div class=\"elementor-widget-wrap elementor-element-populated\">\n\t\t\t\t\t\t<div class=\"elementor-element elementor-element-d3f88af elementor-widget elementor-widget-heading\" data-id=\"d3f88af\" data-element_type=\"widget\" data-widget_type=\"heading.default\">\n\t\t\t\t<div class=\"elementor-widget-container\">\n\t\t\t\t\t<h2 class=\"elementor-heading-title elementor-size-default\">Other categories<\/h2>\t\t\t\t<\/div>\n\t\t\t\t<\/div>\n\t\t\t\t<div class=\"elementor-element elementor-element-0156819 elementor-widget-divider--view-line elementor-widget elementor-widget-divider\" data-id=\"0156819\" data-element_type=\"widget\" data-widget_type=\"divider.default\">\n\t\t\t\t<div class=\"elementor-widget-container\">\n\t\t\t\t\t\t\t<div class=\"elementor-divider\">\n\t\t\t<span class=\"elementor-divider-separator\">\n\t\t\t\t\t\t<\/span>\n\t\t<\/div>\n\t\t\t\t\t\t<\/div>\n\t\t\t\t<\/div>\n\t\t\t\t\t<\/div>\n\t\t<\/div>\n\t\t\t\t<div class=\"elementor-column elementor-col-33 elementor-top-column elementor-element elementor-element-f56cbe4\" data-id=\"f56cbe4\" data-element_type=\"column\" data-settings=\"{&quot;background_background&quot;:&quot;classic&quot;}\">\n\t\t\t<div class=\"elementor-widget-wrap elementor-element-populated\">\n\t\t\t\t\t\t<div class=\"elementor-element elementor-element-8785d4e elementor-widget elementor-widget-heading\" data-id=\"8785d4e\" data-element_type=\"widget\" data-widget_type=\"heading.default\">\n\t\t\t\t<div class=\"elementor-widget-container\">\n\t\t\t\t\t<h2 class=\"elementor-heading-title elementor-size-default\"><a href=\"https:\/\/www.grupoauximara.com\/en\/producto\/oleopack\/\">Oleopack<\/a><\/h2>\t\t\t\t<\/div>\n\t\t\t\t<\/div>\n\t\t\t\t<div class=\"elementor-element elementor-element-c7a55b6 elementor-view-default elementor-widget elementor-widget-icon\" data-id=\"c7a55b6\" data-element_type=\"widget\" data-widget_type=\"icon.default\">\n\t\t\t\t<div class=\"elementor-widget-container\">\n\t\t\t\t\t\t\t<div class=\"elementor-icon-wrapper\">\n\t\t\t<a class=\"elementor-icon\" href=\"https:\/\/www.grupoauximara.com\/en\/producto\/oleopack\/\">\n\t\t\t<i aria-hidden=\"true\" class=\"opal-icon- opal-icon-right-long\"><\/i>\t\t\t<\/a>\n\t\t<\/div>\n\t\t\t\t\t\t<\/div>\n\t\t\t\t<\/div>\n\t\t\t\t\t<\/div>\n\t\t<\/div>\n\t\t\t\t<div class=\"elementor-column elementor-col-33 elementor-top-column elementor-element elementor-element-68b7b65\" data-id=\"68b7b65\" data-element_type=\"column\" data-settings=\"{&quot;background_background&quot;:&quot;classic&quot;}\">\n\t\t\t<div class=\"elementor-widget-wrap elementor-element-populated\">\n\t\t\t\t\t\t<div class=\"elementor-element elementor-element-339eb73 elementor-widget elementor-widget-heading\" data-id=\"339eb73\" data-element_type=\"widget\" data-widget_type=\"heading.default\">\n\t\t\t\t<div class=\"elementor-widget-container\">\n\t\t\t\t\t<h2 class=\"elementor-heading-title elementor-size-default\"><a href=\"https:\/\/www.grupoauximara.com\/en\/metal-food-containers\/\">Metal food<br>\ncontainer <br><\/a><\/h2>\t\t\t\t<\/div>\n\t\t\t\t<\/div>\n\t\t\t\t<div class=\"elementor-element elementor-element-6e30526 elementor-view-default elementor-widget elementor-widget-icon\" data-id=\"6e30526\" data-element_type=\"widget\" data-widget_type=\"icon.default\">\n\t\t\t\t<div class=\"elementor-widget-container\">\n\t\t\t\t\t\t\t<div class=\"elementor-icon-wrapper\">\n\t\t\t<a class=\"elementor-icon\" href=\"https:\/\/www.grupoauximara.com\/en\/metal-food-containers\/\">\n\t\t\t<i aria-hidden=\"true\" class=\"opal-icon- opal-icon-right-long\"><\/i>\t\t\t<\/a>\n\t\t<\/div>\n\t\t\t\t\t\t<\/div>\n\t\t\t\t<\/div>\n\t\t\t\t\t<\/div>\n\t\t<\/div>\n\t\t\t\t\t<\/div>\n\t\t<\/section>\n\t\t\t\t<section class=\"elementor-section elementor-top-section elementor-element elementor-element-77e10a7 elementor-section-boxed elementor-section-height-default elementor-section-height-default\" data-id=\"77e10a7\" data-element_type=\"section\">\n\t\t\t\t\t\t<div class=\"elementor-container elementor-column-gap-default\">\n\t\t\t\t\t<div class=\"elementor-column elementor-col-100 elementor-top-column elementor-element elementor-element-111598f\" data-id=\"111598f\" data-element_type=\"column\">\n\t\t\t<div class=\"elementor-widget-wrap elementor-element-populated\">\n\t\t\t\t\t\t<div class=\"elementor-element elementor-element-ef12211 elementor-widget elementor-widget-spacer\" data-id=\"ef12211\" data-element_type=\"widget\" data-widget_type=\"spacer.default\">\n\t\t\t\t<div class=\"elementor-widget-container\">\n\t\t\t\t\t\t\t<div class=\"elementor-spacer\">\n\t\t\t<div class=\"elementor-spacer-inner\"><\/div>\n\t\t<\/div>\n\t\t\t\t\t\t<\/div>\n\t\t\t\t<\/div>\n\t\t\t\t\t<\/div>\n\t\t<\/div>\n\t\t\t\t\t<\/div>\n\t\t<\/section>\n\t\t\t\t<\/div>\n\t\t","protected":false},"excerpt":{"rendered":"<p>Grupo Auximara has a wide range of rectangular and round metal containers with ADR \/ RID approval for your chemical products. We have different capacities (from 125ml to 5L), different plugs with precise pouring and exclusive features. Safety and design in your metal container for chemical products. Discover all the metal containers for chemical products &hellip; <\/p>\n<p class=\"link-more\"><a href=\"https:\/\/www.grupoauximara.com\/en\/packaging-chemical-products\/\" class=\"more-link\">Read More <span class=\"screen-reader-text\"> &#8220;Chemical products&#8221;<\/span><\/a><\/p>\n","protected":false},"author":1,"featured_media":0,"parent":0,"menu_order":0,"comment_status":"closed","ping_status":"closed","template":"","meta":{"inline_featured_image":false,"footnotes":""},"class_list":["post-5688","page","type-page","status-publish","hentry"],"yoast_head":"<!-- This site is optimized with the Yoast SEO plugin v26.4 - https:\/\/yoast.com\/wordpress\/plugins\/seo\/ -->\n<title>Packaging for Chemical Products | Grupo Auximara<\/title>\n<meta name=\"description\" content=\"Packagin for chemical products with wide range of ADR \/ RID-certified rectangular and cylindrical cans. Safety, hygiene and design\" \/>\n<meta name=\"robots\" content=\"index, follow, max-snippet:-1, max-image-preview:large, max-video-preview:-1\" \/>\n<link rel=\"canonical\" href=\"https:\/\/www.grupoauximara.com\/en\/packaging-chemical-products\/\" \/>\n<meta property=\"og:locale\" content=\"en_US\" \/>\n<meta property=\"og:type\" content=\"article\" \/>\n<meta property=\"og:title\" content=\"Packaging for Chemical Products | Grupo Auximara\" \/>\n<meta property=\"og:description\" content=\"Packagin for chemical products with wide range of ADR \/ RID-certified rectangular and cylindrical cans. Safety, hygiene and design\" \/>\n<meta property=\"og:url\" content=\"https:\/\/www.grupoauximara.com\/en\/packaging-chemical-products\/\" \/>\n<meta property=\"og:site_name\" content=\"Auximara\" \/>\n<meta property=\"article:modified_time\" content=\"2019-10-22T15:32:53+00:00\" \/>\n<meta property=\"og:image\" content=\"https:\/\/www.grupoauximara.com\/wp-content\/uploads\/2019\/07\/lata-quimicos-rectangular-600x600.jpg\" \/>\n<meta name=\"twitter:card\" content=\"summary_large_image\" \/>\n<script type=\"application\/ld+json\" class=\"yoast-schema-graph\">{\"@context\":\"https:\/\/schema.org\",\"@graph\":[{\"@type\":\"WebPage\",\"@id\":\"https:\/\/www.grupoauximara.com\/en\/packaging-chemical-products\/\",\"url\":\"https:\/\/www.grupoauximara.com\/en\/packaging-chemical-products\/\",\"name\":\"Packaging for Chemical Products | Grupo Auximara\",\"isPartOf\":{\"@id\":\"https:\/\/www.grupoauximara.com\/en\/#website\"},\"primaryImageOfPage\":{\"@id\":\"https:\/\/www.grupoauximara.com\/en\/packaging-chemical-products\/#primaryimage\"},\"image\":{\"@id\":\"https:\/\/www.grupoauximara.com\/en\/packaging-chemical-products\/#primaryimage\"},\"thumbnailUrl\":\"https:\/\/www.grupoauximara.com\/wp-content\/uploads\/2019\/07\/lata-quimicos-rectangular-600x600.jpg\",\"datePublished\":\"2019-05-22T08:14:55+00:00\",\"dateModified\":\"2019-10-22T15:32:53+00:00\",\"description\":\"Packagin for chemical products with wide range of ADR \/ RID-certified rectangular and cylindrical cans. Safety, hygiene and design\",\"breadcrumb\":{\"@id\":\"https:\/\/www.grupoauximara.com\/en\/packaging-chemical-products\/#breadcrumb\"},\"inLanguage\":\"en-US\",\"potentialAction\":[{\"@type\":\"ReadAction\",\"target\":[\"https:\/\/www.grupoauximara.com\/en\/packaging-chemical-products\/\"]}]},{\"@type\":\"ImageObject\",\"inLanguage\":\"en-US\",\"@id\":\"https:\/\/www.grupoauximara.com\/en\/packaging-chemical-products\/#primaryimage\",\"url\":\"https:\/\/www.grupoauximara.com\/wp-content\/uploads\/2019\/07\/lata-quimicos-rectangular-600x600.jpg\",\"contentUrl\":\"https:\/\/www.grupoauximara.com\/wp-content\/uploads\/2019\/07\/lata-quimicos-rectangular-600x600.jpg\"},{\"@type\":\"BreadcrumbList\",\"@id\":\"https:\/\/www.grupoauximara.com\/en\/packaging-chemical-products\/#breadcrumb\",\"itemListElement\":[{\"@type\":\"ListItem\",\"position\":1,\"name\":\"Portada\",\"item\":\"https:\/\/www.grupoauximara.com\/en\/\"},{\"@type\":\"ListItem\",\"position\":2,\"name\":\"Chemical products\"}]},{\"@type\":\"WebSite\",\"@id\":\"https:\/\/www.grupoauximara.com\/en\/#website\",\"url\":\"https:\/\/www.grupoauximara.com\/en\/\",\"name\":\"Auximara\",\"description\":\"Empresa dedicada al dise\u00f1o y fabricaci\u00f3n de latas y envases met\u00e1licos litografiados\",\"potentialAction\":[{\"@type\":\"SearchAction\",\"target\":{\"@type\":\"EntryPoint\",\"urlTemplate\":\"https:\/\/www.grupoauximara.com\/en\/?s={search_term_string}\"},\"query-input\":{\"@type\":\"PropertyValueSpecification\",\"valueRequired\":true,\"valueName\":\"search_term_string\"}}],\"inLanguage\":\"en-US\"}]}<\/script>\n<!-- \/ Yoast SEO plugin. -->","yoast_head_json":{"title":"Packaging for Chemical Products | Grupo Auximara","description":"Packagin for chemical products with wide range of ADR \/ RID-certified rectangular and cylindrical cans. Safety, hygiene and design","robots":{"index":"index","follow":"follow","max-snippet":"max-snippet:-1","max-image-preview":"max-image-preview:large","max-video-preview":"max-video-preview:-1"},"canonical":"https:\/\/www.grupoauximara.com\/en\/packaging-chemical-products\/","og_locale":"en_US","og_type":"article","og_title":"Packaging for Chemical Products | Grupo Auximara","og_description":"Packagin for chemical products with wide range of ADR \/ RID-certified rectangular and cylindrical cans. Safety, hygiene and design","og_url":"https:\/\/www.grupoauximara.com\/en\/packaging-chemical-products\/","og_site_name":"Auximara","article_modified_time":"2019-10-22T15:32:53+00:00","og_image":[{"url":"https:\/\/www.grupoauximara.com\/wp-content\/uploads\/2019\/07\/lata-quimicos-rectangular-600x600.jpg","type":"","width":"","height":""}],"twitter_card":"summary_large_image","schema":{"@context":"https:\/\/schema.org","@graph":[{"@type":"WebPage","@id":"https:\/\/www.grupoauximara.com\/en\/packaging-chemical-products\/","url":"https:\/\/www.grupoauximara.com\/en\/packaging-chemical-products\/","name":"Packaging for Chemical Products | Grupo Auximara","isPartOf":{"@id":"https:\/\/www.grupoauximara.com\/en\/#website"},"primaryImageOfPage":{"@id":"https:\/\/www.grupoauximara.com\/en\/packaging-chemical-products\/#primaryimage"},"image":{"@id":"https:\/\/www.grupoauximara.com\/en\/packaging-chemical-products\/#primaryimage"},"thumbnailUrl":"https:\/\/www.grupoauximara.com\/wp-content\/uploads\/2019\/07\/lata-quimicos-rectangular-600x600.jpg","datePublished":"2019-05-22T08:14:55+00:00","dateModified":"2019-10-22T15:32:53+00:00","description":"Packagin for chemical products with wide range of ADR \/ RID-certified rectangular and cylindrical cans. Safety, hygiene and design","breadcrumb":{"@id":"https:\/\/www.grupoauximara.com\/en\/packaging-chemical-products\/#breadcrumb"},"inLanguage":"en-US","potentialAction":[{"@type":"ReadAction","target":["https:\/\/www.grupoauximara.com\/en\/packaging-chemical-products\/"]}]},{"@type":"ImageObject","inLanguage":"en-US","@id":"https:\/\/www.grupoauximara.com\/en\/packaging-chemical-products\/#primaryimage","url":"https:\/\/www.grupoauximara.com\/wp-content\/uploads\/2019\/07\/lata-quimicos-rectangular-600x600.jpg","contentUrl":"https:\/\/www.grupoauximara.com\/wp-content\/uploads\/2019\/07\/lata-quimicos-rectangular-600x600.jpg"},{"@type":"BreadcrumbList","@id":"https:\/\/www.grupoauximara.com\/en\/packaging-chemical-products\/#breadcrumb","itemListElement":[{"@type":"ListItem","position":1,"name":"Portada","item":"https:\/\/www.grupoauximara.com\/en\/"},{"@type":"ListItem","position":2,"name":"Chemical products"}]},{"@type":"WebSite","@id":"https:\/\/www.grupoauximara.com\/en\/#website","url":"https:\/\/www.grupoauximara.com\/en\/","name":"Auximara","description":"Empresa dedicada al dise\u00f1o y fabricaci\u00f3n de latas y envases met\u00e1licos litografiados","potentialAction":[{"@type":"SearchAction","target":{"@type":"EntryPoint","urlTemplate":"https:\/\/www.grupoauximara.com\/en\/?s={search_term_string}"},"query-input":{"@type":"PropertyValueSpecification","valueRequired":true,"valueName":"search_term_string"}}],"inLanguage":"en-US"}]}},"_links":{"self":[{"href":"https:\/\/www.grupoauximara.com\/en\/wp-json\/wp\/v2\/pages\/5688","targetHints":{"allow":["GET"]}}],"collection":[{"href":"https:\/\/www.grupoauximara.com\/en\/wp-json\/wp\/v2\/pages"}],"about":[{"href":"https:\/\/www.grupoauximara.com\/en\/wp-json\/wp\/v2\/types\/page"}],"author":[{"embeddable":true,"href":"https:\/\/www.grupoauximara.com\/en\/wp-json\/wp\/v2\/users\/1"}],"replies":[{"embeddable":true,"href":"https:\/\/www.grupoauximara.com\/en\/wp-json\/wp\/v2\/comments?post=5688"}],"version-history":[{"count":0,"href":"https:\/\/www.grupoauximara.com\/en\/wp-json\/wp\/v2\/pages\/5688\/revisions"}],"wp:attachment":[{"href":"https:\/\/www.grupoauximara.com\/en\/wp-json\/wp\/v2\/media?parent=5688"}],"curies":[{"name":"wp","href":"https:\/\/api.w.org\/{rel}","templated":true}]}}