{"id":5686,"date":"2019-05-22T10:15:36","date_gmt":"2019-05-22T08:15:36","guid":{"rendered":"https:\/\/www.grupoauximara.com\/noticias\/"},"modified":"2019-08-09T16:08:13","modified_gmt":"2019-08-09T14:08:13","slug":"news","status":"publish","type":"page","link":"https:\/\/www.grupoauximara.com\/en\/news\/","title":{"rendered":"News"},"content":{"rendered":"\t\t<div data-elementor-type=\"wp-post\" data-elementor-id=\"5686\" class=\"elementor elementor-5686 elementor-4589\" data-elementor-post-type=\"page\">\n\t\t\t\t\t\t<section class=\"elementor-section elementor-top-section elementor-element elementor-element-33f5101 elementor-section-stretched elementor-section-height-min-height elementor-section-boxed elementor-section-height-default elementor-section-items-middle\" data-id=\"33f5101\" data-element_type=\"section\" data-settings=\"{&quot;stretch_section&quot;:&quot;section-stretched&quot;,&quot;background_background&quot;:&quot;classic&quot;}\">\n\t\t\t\t\t\t<div class=\"elementor-container elementor-column-gap-default\">\n\t\t\t\t\t<div class=\"elementor-column elementor-col-100 elementor-top-column elementor-element elementor-element-a443012\" data-id=\"a443012\" data-element_type=\"column\">\n\t\t\t<div class=\"elementor-widget-wrap elementor-element-populated\">\n\t\t\t\t\t\t<div class=\"elementor-element elementor-element-fb802ad elementor-widget elementor-widget-heading\" data-id=\"fb802ad\" data-element_type=\"widget\" data-widget_type=\"heading.default\">\n\t\t\t\t<div class=\"elementor-widget-container\">\n\t\t\t\t\t<h1 class=\"elementor-heading-title elementor-size-default\">News<\/h1>\t\t\t\t<\/div>\n\t\t\t\t<\/div>\n\t\t\t\t\t<\/div>\n\t\t<\/div>\n\t\t\t\t\t<\/div>\n\t\t<\/section>\n\t\t\t\t<section class=\"elementor-section elementor-top-section elementor-element elementor-element-8833ca1 elementor-section-boxed elementor-section-height-default elementor-section-height-default\" data-id=\"8833ca1\" data-element_type=\"section\">\n\t\t\t\t\t\t<div class=\"elementor-container elementor-column-gap-default\">\n\t\t\t\t\t<div class=\"elementor-column elementor-col-100 elementor-top-column elementor-element elementor-element-d68c3c4\" data-id=\"d68c3c4\" data-element_type=\"column\">\n\t\t\t<div class=\"elementor-widget-wrap elementor-element-populated\">\n\t\t\t\t\t\t<div class=\"elementor-element elementor-element-b067bdd elementor-widget elementor-widget-spacer\" data-id=\"b067bdd\" data-element_type=\"widget\" data-widget_type=\"spacer.default\">\n\t\t\t\t<div class=\"elementor-widget-container\">\n\t\t\t\t\t\t\t<div class=\"elementor-spacer\">\n\t\t\t<div class=\"elementor-spacer-inner\"><\/div>\n\t\t<\/div>\n\t\t\t\t\t\t<\/div>\n\t\t\t\t<\/div>\n\t\t\t\t\t<\/div>\n\t\t<\/div>\n\t\t\t\t\t<\/div>\n\t\t<\/section>\n\t\t\t\t<section class=\"elementor-section elementor-top-section elementor-element elementor-element-c4ec53d elementor-section-boxed elementor-section-height-default elementor-section-height-default\" data-id=\"c4ec53d\" data-element_type=\"section\">\n\t\t\t\t\t\t<div class=\"elementor-container elementor-column-gap-default\">\n\t\t\t\t\t<div class=\"elementor-column elementor-col-100 elementor-top-column elementor-element elementor-element-ecaf556\" data-id=\"ecaf556\" data-element_type=\"column\">\n\t\t\t<div class=\"elementor-widget-wrap elementor-element-populated\">\n\t\t\t\t\t\t<div class=\"elementor-element elementor-element-39cf822 elementor-widget elementor-widget-opal-post-grid\" data-id=\"39cf822\" data-element_type=\"widget\" data-widget_type=\"opal-post-grid.default\">\n\t\t\t\t<div class=\"elementor-widget-container\">\n\t\t\t\t\t        <div class=\"elementor-post-wrapper\">\n            <div class=\"row\" data-elementor-columns=\"3\">\n\n                <div class=\"column-item post-style-2\">\n    <div class=\"post-inner\" style=\"background-image: url(https:\/\/www.grupoauximara.com\/wp-content\/uploads\/2018\/09\/premios-aove-destacado.jpg)\">\n\n        <div class=\"post-content\">\n            <div class=\"entry-category \"><a href=\"https:\/\/www.grupoauximara.com\/en\/category\/noticias-en\/\" rel=\"category tag\">Noticias<\/a><\/div>\n            <h3 class=\"entry-title\"><a href=\"https:\/\/www.grupoauximara.com\/en\/oile-by-dehesa-de-bular\/\">Oil\u00e9 by Dehesa de B\u00falar wins a bronze medal at the Evooleum 2018 Packaging Awards<\/a><\/h3>\n            <div class=\"post-date\">11 September, 2018<\/div>\n        <\/div>\n\n    <\/div>\n<\/div><div class=\"column-item post-style-2\">\n    <div class=\"post-inner\" style=\"background-image: url(https:\/\/www.grupoauximara.com\/wp-content\/uploads\/2019\/07\/premio-oleopack-lata-aceite-oliva-800x600.jpg)\">\n\n        <div class=\"post-content\">\n            <div class=\"entry-category \"><a href=\"https:\/\/www.grupoauximara.com\/en\/category\/noticias-en\/\" rel=\"category tag\">Noticias<\/a><\/div>\n            <h3 class=\"entry-title\"><a href=\"https:\/\/www.grupoauximara.com\/en\/marques-de-oliva-gold-medal-best-packaging\/\">Marqu\u00e9s de Oliva, Gold Medal for Best Branding Packaging at the Best Awards 2016<\/a><\/h3>\n            <div class=\"post-date\">10 May, 2016<\/div>\n        <\/div>\n\n    <\/div>\n<\/div><div class=\"column-item post-style-2\">\n    <div class=\"post-inner\" style=\"background-image: url(https:\/\/www.grupoauximara.com\/wp-content\/uploads\/2019\/07\/restaurante-londres-latas.jpg)\">\n\n        <div class=\"post-content\">\n            <div class=\"entry-category \"><a href=\"https:\/\/www.grupoauximara.com\/en\/category\/noticias-en\/\" rel=\"category tag\">Noticias<\/a><\/div>\n            <h3 class=\"entry-title\"><a href=\"https:\/\/www.grupoauximara.com\/en\/can-themed-restaurants-london\/\">Can-themed restaurants in London<\/a><\/h3>\n            <div class=\"post-date\">11 March, 2015<\/div>\n        <\/div>\n\n    <\/div>\n<\/div><div class=\"column-item post-style-2\">\n    <div class=\"post-inner\" style=\"background-image: url(https:\/\/www.grupoauximara.com\/wp-content\/uploads\/2019\/07\/marketing-experiencial-packaging-metalico.jpg)\">\n\n        <div class=\"post-content\">\n            <div class=\"entry-category \"><a href=\"https:\/\/www.grupoauximara.com\/en\/category\/noticias-en\/\" rel=\"category tag\">Noticias<\/a><\/div>\n            <h3 class=\"entry-title\"><a href=\"https:\/\/www.grupoauximara.com\/en\/engagement-marketing-reaches-restaurant-kitchens\/\">Engagement marketing reaches restaurant kitchens by incorporating cans in their dishes<\/a><\/h3>\n            <div class=\"post-date\">11 December, 2014<\/div>\n        <\/div>\n\n    <\/div>\n<\/div><div class=\"column-item post-style-2\">\n    <div class=\"post-inner\" style=\"background-image: url(https:\/\/www.grupoauximara.com\/wp-content\/uploads\/2019\/07\/simulacion-virtual-latas.jpg)\">\n\n        <div class=\"post-content\">\n            <div class=\"entry-category \"><a href=\"https:\/\/www.grupoauximara.com\/en\/category\/noticias-en\/\" rel=\"category tag\">Noticias<\/a><\/div>\n            <h3 class=\"entry-title\"><a href=\"https:\/\/www.grupoauximara.com\/en\/your-can-in-3d\/\">Your new tin can will look like this. Exactly like this! See your can in 3D before being manufactured<\/a><\/h3>\n            <div class=\"post-date\">11 October, 2014<\/div>\n        <\/div>\n\n    <\/div>\n<\/div><div class=\"column-item post-style-2\">\n    <div class=\"post-inner\" style=\"background-image: url(https:\/\/www.grupoauximara.com\/wp-content\/uploads\/2019\/07\/olivaria-2014.jpg)\">\n\n        <div class=\"post-content\">\n            <div class=\"entry-category \"><a href=\"https:\/\/www.grupoauximara.com\/en\/category\/noticias-en\/\" rel=\"category tag\">Noticias<\/a><\/div>\n            <h3 class=\"entry-title\"><a href=\"https:\/\/www.grupoauximara.com\/en\/olivaria-2014\/\">Olivaria 2014 &#8211; benchmark exhibition for Spanish olive oil<\/a><\/h3>\n            <div class=\"post-date\">20 March, 2014<\/div>\n        <\/div>\n\n    <\/div>\n<\/div><div class=\"column-item post-style-2\">\n    <div class=\"post-inner\" style=\"background-image: url(https:\/\/www.grupoauximara.com\/wp-content\/uploads\/2019\/07\/importancia-envase-alimentacion.jpg)\">\n\n        <div class=\"post-content\">\n            <div class=\"entry-category \"><a href=\"https:\/\/www.grupoauximara.com\/en\/category\/noticias-en\/\" rel=\"category tag\">Noticias<\/a><\/div>\n            <h3 class=\"entry-title\"><a href=\"https:\/\/www.grupoauximara.com\/en\/the-importance-of-packaging\/\">The importance of packaging<\/a><\/h3>\n            <div class=\"post-date\">3 March, 2014<\/div>\n        <\/div>\n\n    <\/div>\n<\/div><div class=\"column-item post-style-2\">\n    <div class=\"post-inner\" style=\"background-image: url(https:\/\/www.grupoauximara.com\/wp-content\/uploads\/2019\/07\/lata-irrellenable-aceite-oliva.jpg)\">\n\n        <div class=\"post-content\">\n            <div class=\"entry-category \"><a href=\"https:\/\/www.grupoauximara.com\/en\/category\/noticias-en\/\" rel=\"category tag\">Noticias<\/a><\/div>\n            <h3 class=\"entry-title\"><a href=\"https:\/\/www.grupoauximara.com\/en\/non-refillable-can-olive-oil\/\">Non-refillable can: an alternative to the oil bottle for the hotel and catering industry (HORECA)<\/a><\/h3>\n            <div class=\"post-date\">20 February, 2014<\/div>\n        <\/div>\n\n    <\/div>\n<\/div><div class=\"column-item post-style-2\">\n    <div class=\"post-inner\" style=\"background-image: url(https:\/\/www.grupoauximara.com\/wp-content\/uploads\/2019\/07\/certificacion-iso-brc-auximara.jpg)\">\n\n        <div class=\"post-content\">\n            <div class=\"entry-category \"><a href=\"https:\/\/www.grupoauximara.com\/en\/category\/noticias-en\/\" rel=\"category tag\">Noticias<\/a><\/div>\n            <h3 class=\"entry-title\"><a href=\"https:\/\/www.grupoauximara.com\/en\/certification-iso-brc-metalgrafica-sur\/\">METALGR\u00c1FICA DEL SUR obtain ISO-9001 and BRC IoP certification<\/a><\/h3>\n            <div class=\"post-date\">14 November, 2013<\/div>\n        <\/div>\n\n    <\/div>\n<\/div><div class=\"column-item post-style-2\">\n    <div class=\"post-inner\" style=\"background-image: url(https:\/\/www.grupoauximara.com\/wp-content\/uploads\/2019\/07\/plataforma-por-la-sostenibilidad-y-el-envase.jpg)\">\n\n        <div class=\"post-content\">\n            <div class=\"entry-category \"><a href=\"https:\/\/www.grupoauximara.com\/en\/category\/noticias-en\/\" rel=\"category tag\">Noticias<\/a><\/div>\n            <h3 class=\"entry-title\"><a href=\"https:\/\/www.grupoauximara.com\/en\/platform-for-sustainable-packaging\/\">The Platform for Sustainable Packaging created<\/a><\/h3>\n            <div class=\"post-date\">11 October, 2013<\/div>\n        <\/div>\n\n    <\/div>\n<\/div><div class=\"column-item post-style-2\">\n    <div class=\"post-inner\" style=\"background-image: url(https:\/\/www.grupoauximara.com\/wp-content\/uploads\/2019\/07\/reciclar-envases-metalicos.jpg)\">\n\n        <div class=\"post-content\">\n            <div class=\"entry-category \"><a href=\"https:\/\/www.grupoauximara.com\/en\/category\/noticias-en\/\" rel=\"category tag\">Noticias<\/a><\/div>\n            <h3 class=\"entry-title\"><a href=\"https:\/\/www.grupoauximara.com\/en\/the-importance-of-recycling-metal-packaging\/\">The importance of recycling metal packaging<\/a><\/h3>\n            <div class=\"post-date\">11 September, 2013<\/div>\n        <\/div>\n\n    <\/div>\n<\/div><div class=\"column-item post-style-2\">\n    <div class=\"post-inner\" style=\"background-image: url(https:\/\/www.grupoauximara.com\/wp-content\/uploads\/2019\/07\/aceitereas-irrellenables-para-horeca.jpg)\">\n\n        <div class=\"post-content\">\n            <div class=\"entry-category \"><a href=\"https:\/\/www.grupoauximara.com\/en\/category\/noticias-en\/\" rel=\"category tag\">Noticias<\/a><\/div>\n            <h3 class=\"entry-title\"><a href=\"https:\/\/www.grupoauximara.com\/en\/refillable-oil-bottles-to-disappear\/\">Refillable olive oil bottles to disappear<\/a><\/h3>\n            <div class=\"post-date\">11 July, 2013<\/div>\n        <\/div>\n\n    <\/div>\n<\/div>            <\/div>\n\n                            <div class=\"pagination\">\n                                    <\/div>\n                    <\/div>\n        \t\t\t\t<\/div>\n\t\t\t\t<\/div>\n\t\t\t\t\t<\/div>\n\t\t<\/div>\n\t\t\t\t\t<\/div>\n\t\t<\/section>\n\t\t\t\t<\/div>\n\t\t","protected":false},"excerpt":{"rendered":"<p>News Noticias Oil\u00e9 by Dehesa de B\u00falar wins a bronze medal at the Evooleum 2018 Packaging Awards 11 septiembre, 2018 Noticias Marqu\u00e9s de Oliva, Gold Medal for Best Branding Packaging at the Best Awards 2016 10 mayo, 2016 Noticias Can-themed restaurants in London 11 marzo, 2015 Noticias Engagement marketing reaches restaurant kitchens by incorporating cans &hellip; <\/p>\n<p class=\"link-more\"><a href=\"https:\/\/www.grupoauximara.com\/en\/refillable-oil-bottles-to-disappear\/\" class=\"more-link\">Read More <span class=\"screen-reader-text\"> &#8220;Refillable olive oil bottles to disappear&#8221;<\/span><\/a><\/p>\n","protected":false},"author":1,"featured_media":0,"parent":0,"menu_order":0,"comment_status":"closed","ping_status":"closed","template":"","meta":{"inline_featured_image":false,"footnotes":""},"class_list":["post-5686","page","type-page","status-publish","hentry"],"yoast_head":"<!-- This site is optimized with the Yoast SEO plugin v26.4 - https:\/\/yoast.com\/wordpress\/plugins\/seo\/ -->\n<title>Latest News of metal packaging | Grupo Auximara<\/title>\n<meta name=\"description\" content=\"Discover the latest news related to packaging and metal packaging. Do not miss all the news of the can sector. Keep reading.\" \/>\n<meta name=\"robots\" content=\"index, follow, max-snippet:-1, max-image-preview:large, max-video-preview:-1\" \/>\n<link rel=\"canonical\" href=\"https:\/\/www.grupoauximara.com\/en\/news\/\" \/>\n<meta property=\"og:locale\" content=\"en_US\" \/>\n<meta property=\"og:type\" content=\"article\" \/>\n<meta property=\"og:title\" content=\"Latest News of metal packaging | Grupo Auximara\" \/>\n<meta property=\"og:description\" content=\"Discover the latest news related to packaging and metal packaging. Do not miss all the news of the can sector. Keep reading.\" \/>\n<meta property=\"og:url\" content=\"https:\/\/www.grupoauximara.com\/en\/news\/\" \/>\n<meta property=\"og:site_name\" content=\"Auximara\" \/>\n<meta property=\"article:modified_time\" content=\"2019-08-09T14:08:13+00:00\" \/>\n<meta name=\"twitter:card\" content=\"summary_large_image\" \/>\n<meta name=\"twitter:label1\" content=\"Est. reading time\" \/>\n\t<meta name=\"twitter:data1\" content=\"1 minute\" \/>\n<script type=\"application\/ld+json\" class=\"yoast-schema-graph\">{\"@context\":\"https:\/\/schema.org\",\"@graph\":[{\"@type\":\"WebPage\",\"@id\":\"https:\/\/www.grupoauximara.com\/en\/news\/\",\"url\":\"https:\/\/www.grupoauximara.com\/en\/news\/\",\"name\":\"Latest News of metal packaging | Grupo Auximara\",\"isPartOf\":{\"@id\":\"https:\/\/www.grupoauximara.com\/en\/#website\"},\"datePublished\":\"2019-05-22T08:15:36+00:00\",\"dateModified\":\"2019-08-09T14:08:13+00:00\",\"description\":\"Discover the latest news related to packaging and metal packaging. Do not miss all the news of the can sector. Keep reading.\",\"breadcrumb\":{\"@id\":\"https:\/\/www.grupoauximara.com\/en\/news\/#breadcrumb\"},\"inLanguage\":\"en-US\",\"potentialAction\":[{\"@type\":\"ReadAction\",\"target\":[\"https:\/\/www.grupoauximara.com\/en\/news\/\"]}]},{\"@type\":\"BreadcrumbList\",\"@id\":\"https:\/\/www.grupoauximara.com\/en\/news\/#breadcrumb\",\"itemListElement\":[{\"@type\":\"ListItem\",\"position\":1,\"name\":\"Portada\",\"item\":\"https:\/\/www.grupoauximara.com\/en\/\"},{\"@type\":\"ListItem\",\"position\":2,\"name\":\"News\"}]},{\"@type\":\"WebSite\",\"@id\":\"https:\/\/www.grupoauximara.com\/en\/#website\",\"url\":\"https:\/\/www.grupoauximara.com\/en\/\",\"name\":\"Auximara\",\"description\":\"Empresa dedicada al dise\u00f1o y fabricaci\u00f3n de latas y envases met\u00e1licos litografiados\",\"potentialAction\":[{\"@type\":\"SearchAction\",\"target\":{\"@type\":\"EntryPoint\",\"urlTemplate\":\"https:\/\/www.grupoauximara.com\/en\/?s={search_term_string}\"},\"query-input\":{\"@type\":\"PropertyValueSpecification\",\"valueRequired\":true,\"valueName\":\"search_term_string\"}}],\"inLanguage\":\"en-US\"}]}<\/script>\n<!-- \/ Yoast SEO plugin. -->","yoast_head_json":{"title":"Latest News of metal packaging | Grupo Auximara","description":"Discover the latest news related to packaging and metal packaging. Do not miss all the news of the can sector. Keep reading.","robots":{"index":"index","follow":"follow","max-snippet":"max-snippet:-1","max-image-preview":"max-image-preview:large","max-video-preview":"max-video-preview:-1"},"canonical":"https:\/\/www.grupoauximara.com\/en\/news\/","og_locale":"en_US","og_type":"article","og_title":"Latest News of metal packaging | Grupo Auximara","og_description":"Discover the latest news related to packaging and metal packaging. Do not miss all the news of the can sector. Keep reading.","og_url":"https:\/\/www.grupoauximara.com\/en\/news\/","og_site_name":"Auximara","article_modified_time":"2019-08-09T14:08:13+00:00","twitter_card":"summary_large_image","twitter_misc":{"Est. reading time":"1 minute"},"schema":{"@context":"https:\/\/schema.org","@graph":[{"@type":"WebPage","@id":"https:\/\/www.grupoauximara.com\/en\/news\/","url":"https:\/\/www.grupoauximara.com\/en\/news\/","name":"Latest News of metal packaging | Grupo Auximara","isPartOf":{"@id":"https:\/\/www.grupoauximara.com\/en\/#website"},"datePublished":"2019-05-22T08:15:36+00:00","dateModified":"2019-08-09T14:08:13+00:00","description":"Discover the latest news related to packaging and metal packaging. Do not miss all the news of the can sector. Keep reading.","breadcrumb":{"@id":"https:\/\/www.grupoauximara.com\/en\/news\/#breadcrumb"},"inLanguage":"en-US","potentialAction":[{"@type":"ReadAction","target":["https:\/\/www.grupoauximara.com\/en\/news\/"]}]},{"@type":"BreadcrumbList","@id":"https:\/\/www.grupoauximara.com\/en\/news\/#breadcrumb","itemListElement":[{"@type":"ListItem","position":1,"name":"Portada","item":"https:\/\/www.grupoauximara.com\/en\/"},{"@type":"ListItem","position":2,"name":"News"}]},{"@type":"WebSite","@id":"https:\/\/www.grupoauximara.com\/en\/#website","url":"https:\/\/www.grupoauximara.com\/en\/","name":"Auximara","description":"Empresa dedicada al dise\u00f1o y fabricaci\u00f3n de latas y envases met\u00e1licos litografiados","potentialAction":[{"@type":"SearchAction","target":{"@type":"EntryPoint","urlTemplate":"https:\/\/www.grupoauximara.com\/en\/?s={search_term_string}"},"query-input":{"@type":"PropertyValueSpecification","valueRequired":true,"valueName":"search_term_string"}}],"inLanguage":"en-US"}]}},"_links":{"self":[{"href":"https:\/\/www.grupoauximara.com\/en\/wp-json\/wp\/v2\/pages\/5686","targetHints":{"allow":["GET"]}}],"collection":[{"href":"https:\/\/www.grupoauximara.com\/en\/wp-json\/wp\/v2\/pages"}],"about":[{"href":"https:\/\/www.grupoauximara.com\/en\/wp-json\/wp\/v2\/types\/page"}],"author":[{"embeddable":true,"href":"https:\/\/www.grupoauximara.com\/en\/wp-json\/wp\/v2\/users\/1"}],"replies":[{"embeddable":true,"href":"https:\/\/www.grupoauximara.com\/en\/wp-json\/wp\/v2\/comments?post=5686"}],"version-history":[{"count":0,"href":"https:\/\/www.grupoauximara.com\/en\/wp-json\/wp\/v2\/pages\/5686\/revisions"}],"wp:attachment":[{"href":"https:\/\/www.grupoauximara.com\/en\/wp-json\/wp\/v2\/media?parent=5686"}],"curies":[{"name":"wp","href":"https:\/\/api.w.org\/{rel}","templated":true}]}}