{"id":5671,"date":"2019-07-09T17:28:56","date_gmt":"2019-07-09T15:28:56","guid":{"rendered":"https:\/\/www.grupoauximara.com\/latas-dulce-de-membrillo\/"},"modified":"2019-10-23T10:23:41","modified_gmt":"2019-10-23T08:23:41","slug":"quince-jelly","status":"publish","type":"page","link":"https:\/\/www.grupoauximara.com\/en\/metal-food-containers\/quince-jelly\/","title":{"rendered":"Quince jelly"},"content":{"rendered":"\t\t<div data-elementor-type=\"wp-post\" data-elementor-id=\"5671\" class=\"elementor elementor-5671 elementor-5385\" data-elementor-post-type=\"page\">\n\t\t\t\t\t\t<section class=\"elementor-section elementor-top-section elementor-element elementor-element-99437e2 elementor-section-stretched elementor-section-height-min-height elementor-section-boxed elementor-section-height-default elementor-section-items-middle\" data-id=\"99437e2\" data-element_type=\"section\" data-settings=\"{&quot;stretch_section&quot;:&quot;section-stretched&quot;,&quot;background_background&quot;:&quot;classic&quot;}\">\n\t\t\t\t\t\t<div class=\"elementor-container elementor-column-gap-default\">\n\t\t\t\t\t<div class=\"elementor-column elementor-col-100 elementor-top-column elementor-element elementor-element-76106b0\" data-id=\"76106b0\" data-element_type=\"column\">\n\t\t\t<div class=\"elementor-widget-wrap elementor-element-populated\">\n\t\t\t\t\t\t<div class=\"elementor-element elementor-element-4bc88f4 elementor-widget elementor-widget-heading\" data-id=\"4bc88f4\" data-element_type=\"widget\" data-widget_type=\"heading.default\">\n\t\t\t\t<div class=\"elementor-widget-container\">\n\t\t\t\t\t<h1 class=\"elementor-heading-title elementor-size-default\">Quince jelly<\/h1>\t\t\t\t<\/div>\n\t\t\t\t<\/div>\n\t\t\t\t\t<\/div>\n\t\t<\/div>\n\t\t\t\t\t<\/div>\n\t\t<\/section>\n\t\t\t\t<section class=\"elementor-section elementor-top-section elementor-element elementor-element-df52710 elementor-section-boxed elementor-section-height-default elementor-section-height-default\" data-id=\"df52710\" data-element_type=\"section\" data-settings=\"{&quot;background_background&quot;:&quot;classic&quot;}\">\n\t\t\t\t\t\t<div class=\"elementor-container elementor-column-gap-default\">\n\t\t\t\t\t<div class=\"elementor-column elementor-col-100 elementor-top-column elementor-element elementor-element-eab4b33\" data-id=\"eab4b33\" data-element_type=\"column\">\n\t\t\t<div class=\"elementor-widget-wrap elementor-element-populated\">\n\t\t\t\t\t\t<div class=\"elementor-element elementor-element-de967fd elementor-widget elementor-widget-text-editor\" data-id=\"de967fd\" data-element_type=\"widget\" data-widget_type=\"text-editor.default\">\n\t\t\t\t<div class=\"elementor-widget-container\">\n\t\t\t\t\t\t\t<div class=\"elementor-text-editor elementor-clearfix\"><p><strong><span style=\"color: #000000;\">Grupo Auximara<\/span> <\/strong>specializes in the manufacture and custom design of cans for quince jam. Thanks to our metallic containers, the quince jam preserves all its properties and the authentic flavor.<\/p><p>Choose the size and capacity of metal container you want for your product, we have a great variety.<\/p><\/div>\n\t\t\t\t\t\t<\/div>\n\t\t\t\t<\/div>\n\t\t\t\t\t<\/div>\n\t\t<\/div>\n\t\t\t\t\t<\/div>\n\t\t<\/section>\n\t\t\t\t<section class=\"elementor-section elementor-top-section elementor-element elementor-element-9dfac50 elementor-section-boxed elementor-section-height-default elementor-section-height-default\" data-id=\"9dfac50\" data-element_type=\"section\">\n\t\t\t\t\t\t<div class=\"elementor-container elementor-column-gap-default\">\n\t\t\t\t\t<div class=\"elementor-column elementor-col-100 elementor-top-column elementor-element elementor-element-0b7809e\" data-id=\"0b7809e\" data-element_type=\"column\">\n\t\t\t<div class=\"elementor-widget-wrap elementor-element-populated\">\n\t\t\t\t\t\t<div class=\"elementor-element elementor-element-1a5bdf1 elementor-product-style-1 elementor-widget elementor-widget-opal-products\" data-id=\"1a5bdf1\" data-element_type=\"widget\" data-widget_type=\"opal-products.default\">\n\t\t\t\t<div class=\"elementor-widget-container\">\n\t\t\t\t\t        <div data-elementor-columns-tablet=\"3\">\n            <div class=\"woocommerce columns-4 \"><ul class=\"products columns-4\">\n<li class=\"product type-product post-5731 status-publish first instock product_cat-metal-food-containers-en product_cat-quince-jelly-en product_tag-jelly has-post-thumbnail shipping-taxable product-type-simple\">\n\t<div class=\"product-block\"><div class=\"product-transition\"><div class=\"product-image\"><img fetchpriority=\"high\" decoding=\"async\" width=\"600\" height=\"600\" src=\"https:\/\/www.grupoauximara.com\/wp-content\/uploads\/2019\/09\/lata-membrillo-600x600.jpg\" class=\"attachment-woocommerce_thumbnail size-woocommerce_thumbnail\" alt=\"Rectangular can quince jelly\" srcset=\"https:\/\/www.grupoauximara.com\/wp-content\/uploads\/2019\/09\/lata-membrillo-600x600.jpg 600w, https:\/\/www.grupoauximara.com\/wp-content\/uploads\/2019\/09\/lata-membrillo-150x150.jpg 150w, https:\/\/www.grupoauximara.com\/wp-content\/uploads\/2019\/09\/lata-membrillo-400x400.jpg 400w, https:\/\/www.grupoauximara.com\/wp-content\/uploads\/2019\/09\/lata-membrillo-100x100.jpg 100w\" sizes=\"(max-width: 600px) 100vw, 600px\" \/><\/div><div class=\"product-caption\"><div class=\"shop-action\">\n<div\n\tclass=\"yith-wcwl-add-to-wishlist add-to-wishlist-5731 yith-wcwl-add-to-wishlist--link-style wishlist-fragment on-first-load\"\n\tdata-fragment-ref=\"5731\"\n\tdata-fragment-options=\"{&quot;base_url&quot;:&quot;&quot;,&quot;product_id&quot;:5731,&quot;parent_product_id&quot;:0,&quot;product_type&quot;:&quot;simple&quot;,&quot;is_single&quot;:false,&quot;in_default_wishlist&quot;:false,&quot;show_view&quot;:false,&quot;browse_wishlist_text&quot;:&quot;Navegar por Lista de Deseos&quot;,&quot;already_in_wishslist_text&quot;:&quot;El producto ya est\\u00e1 en la lista de deseos!&quot;,&quot;product_added_text&quot;:&quot;Producto a\\u00f1adido!&quot;,&quot;available_multi_wishlist&quot;:false,&quot;disable_wishlist&quot;:false,&quot;show_count&quot;:false,&quot;ajax_loading&quot;:false,&quot;loop_position&quot;:false,&quot;item&quot;:&quot;add_to_wishlist&quot;}\"\n>\n\t\t\t\n\t\t\t<!-- ADD TO WISHLIST -->\n\t\t\t\n<div class=\"yith-wcwl-add-button\">\n\t\t<a\n\t\thref=\"?add_to_wishlist=5731&#038;_wpnonce=9ab7c0807a\"\n\t\tclass=\"add_to_wishlist single_add_to_wishlist\"\n\t\tdata-product-id=\"5731\"\n\t\tdata-product-type=\"simple\"\n\t\tdata-original-product-id=\"0\"\n\t\tdata-title=\"A\u00f1adir a la lista de deseos\"\n\t\trel=\"nofollow\"\n\t>\n\t\t<svg id=\"yith-wcwl-icon-heart-outline\" class=\"yith-wcwl-icon-svg\" fill=\"none\" stroke-width=\"1.5\" stroke=\"currentColor\" viewBox=\"0 0 24 24\" xmlns=\"http:\/\/www.w3.org\/2000\/svg\">\n  <path stroke-linecap=\"round\" stroke-linejoin=\"round\" d=\"M21 8.25c0-2.485-2.099-4.5-4.688-4.5-1.935 0-3.597 1.126-4.312 2.733-.715-1.607-2.377-2.733-4.313-2.733C5.1 3.75 3 5.765 3 8.25c0 7.22 9 12 9 12s9-4.78 9-12Z\"><\/path>\n<\/svg>\t\t<span>A\u00f1adir a la lista de deseos<\/span>\n\t<\/a>\n<\/div>\n\n\t\t\t<!-- COUNT TEXT -->\n\t\t\t\n\t\t\t<\/div>\n<\/div><\/div>\t<span id=\"woocommerce_loop_add_to_cart_link_describedby_5731\" class=\"screen-reader-text\">\n\t\t\t<\/span>\n<a href=\"https:\/\/www.grupoauximara.com\/en\/product\/rectangular-can-quince-jelly\/\" class=\"woocommerce-LoopProduct-link woocommerce-loop-product__link\"><\/a><\/div><div class=\"caption\"><h3 class=\"woocommerce-loop-product__title\"><a href=\"https:\/\/www.grupoauximara.com\/en\/product\/rectangular-can-quince-jelly\/\">Rectangular can quince jelly<\/a><\/h3>\n<\/div><\/div><\/li>\n<\/ul>\n<\/div>        <\/div>\n        \t\t\t\t<\/div>\n\t\t\t\t<\/div>\n\t\t\t\t\t<\/div>\n\t\t<\/div>\n\t\t\t\t\t<\/div>\n\t\t<\/section>\n\t\t\t\t<section class=\"elementor-section elementor-top-section elementor-element elementor-element-a3a4e0a elementor-section-boxed elementor-section-height-default elementor-section-height-default\" data-id=\"a3a4e0a\" data-element_type=\"section\">\n\t\t\t\t\t\t<div class=\"elementor-container elementor-column-gap-default\">\n\t\t\t\t\t<div class=\"elementor-column elementor-col-100 elementor-top-column elementor-element elementor-element-60965c5\" data-id=\"60965c5\" data-element_type=\"column\">\n\t\t\t<div class=\"elementor-widget-wrap elementor-element-populated\">\n\t\t\t\t\t\t<div class=\"elementor-element elementor-element-f5be146 elementor-widget elementor-widget-spacer\" data-id=\"f5be146\" data-element_type=\"widget\" data-widget_type=\"spacer.default\">\n\t\t\t\t<div class=\"elementor-widget-container\">\n\t\t\t\t\t\t\t<div class=\"elementor-spacer\">\n\t\t\t<div class=\"elementor-spacer-inner\"><\/div>\n\t\t<\/div>\n\t\t\t\t\t\t<\/div>\n\t\t\t\t<\/div>\n\t\t\t\t\t<\/div>\n\t\t<\/div>\n\t\t\t\t\t<\/div>\n\t\t<\/section>\n\t\t\t\t<section class=\"elementor-section elementor-top-section elementor-element elementor-element-3d338ac elementor-section-boxed elementor-section-height-default elementor-section-height-default\" data-id=\"3d338ac\" data-element_type=\"section\">\n\t\t\t\t\t\t<div class=\"elementor-container elementor-column-gap-default\">\n\t\t\t\t\t<div class=\"elementor-column elementor-col-33 elementor-top-column elementor-element elementor-element-22a323b\" data-id=\"22a323b\" data-element_type=\"column\" data-settings=\"{&quot;background_background&quot;:&quot;classic&quot;}\">\n\t\t\t<div class=\"elementor-widget-wrap elementor-element-populated\">\n\t\t\t\t\t\t<div class=\"elementor-element elementor-element-f101ebd elementor-widget elementor-widget-heading\" data-id=\"f101ebd\" data-element_type=\"widget\" data-widget_type=\"heading.default\">\n\t\t\t\t<div class=\"elementor-widget-container\">\n\t\t\t\t\t<h2 class=\"elementor-heading-title elementor-size-default\">Other categories<\/h2>\t\t\t\t<\/div>\n\t\t\t\t<\/div>\n\t\t\t\t<div class=\"elementor-element elementor-element-f3707a4 elementor-widget-divider--view-line elementor-widget elementor-widget-divider\" data-id=\"f3707a4\" data-element_type=\"widget\" data-widget_type=\"divider.default\">\n\t\t\t\t<div class=\"elementor-widget-container\">\n\t\t\t\t\t\t\t<div class=\"elementor-divider\">\n\t\t\t<span class=\"elementor-divider-separator\">\n\t\t\t\t\t\t<\/span>\n\t\t<\/div>\n\t\t\t\t\t\t<\/div>\n\t\t\t\t<\/div>\n\t\t\t\t\t<\/div>\n\t\t<\/div>\n\t\t\t\t<div class=\"elementor-column elementor-col-33 elementor-top-column elementor-element elementor-element-af516f5\" data-id=\"af516f5\" data-element_type=\"column\" data-settings=\"{&quot;background_background&quot;:&quot;classic&quot;}\">\n\t\t\t<div class=\"elementor-widget-wrap elementor-element-populated\">\n\t\t\t\t\t\t<div class=\"elementor-element elementor-element-28817ae elementor-widget elementor-widget-heading\" data-id=\"28817ae\" data-element_type=\"widget\" data-widget_type=\"heading.default\">\n\t\t\t\t<div class=\"elementor-widget-container\">\n\t\t\t\t\t<h2 class=\"elementor-heading-title elementor-size-default\"><a href=\"https:\/\/www.grupoauximara.com\/en\/product\/oleopack\/\">Oleopack<\/a><\/h2>\t\t\t\t<\/div>\n\t\t\t\t<\/div>\n\t\t\t\t<div class=\"elementor-element elementor-element-251fd34 elementor-view-default elementor-widget elementor-widget-icon\" data-id=\"251fd34\" data-element_type=\"widget\" data-widget_type=\"icon.default\">\n\t\t\t\t<div class=\"elementor-widget-container\">\n\t\t\t\t\t\t\t<div class=\"elementor-icon-wrapper\">\n\t\t\t<a class=\"elementor-icon\" href=\"https:\/\/www.grupoauximara.com\/en\/product\/oleopack\/\">\n\t\t\t<i aria-hidden=\"true\" class=\"opal-icon- opal-icon-right-long\"><\/i>\t\t\t<\/a>\n\t\t<\/div>\n\t\t\t\t\t\t<\/div>\n\t\t\t\t<\/div>\n\t\t\t\t\t<\/div>\n\t\t<\/div>\n\t\t\t\t<div class=\"elementor-column elementor-col-33 elementor-top-column elementor-element elementor-element-bbe58b6\" data-id=\"bbe58b6\" data-element_type=\"column\" data-settings=\"{&quot;background_background&quot;:&quot;classic&quot;}\">\n\t\t\t<div class=\"elementor-widget-wrap elementor-element-populated\">\n\t\t\t\t\t\t<div class=\"elementor-element elementor-element-4f5d59a elementor-widget elementor-widget-heading\" data-id=\"4f5d59a\" data-element_type=\"widget\" data-widget_type=\"heading.default\">\n\t\t\t\t<div class=\"elementor-widget-container\">\n\t\t\t\t\t<h2 class=\"elementor-heading-title elementor-size-default\"><a href=\"https:\/\/www.grupoauximara.com\/en\/packaging-chemical-products\/\">Chemical <br>products <br><\/a><\/h2>\t\t\t\t<\/div>\n\t\t\t\t<\/div>\n\t\t\t\t<div class=\"elementor-element elementor-element-461f896 elementor-view-default elementor-widget elementor-widget-icon\" data-id=\"461f896\" data-element_type=\"widget\" data-widget_type=\"icon.default\">\n\t\t\t\t<div class=\"elementor-widget-container\">\n\t\t\t\t\t\t\t<div class=\"elementor-icon-wrapper\">\n\t\t\t<a class=\"elementor-icon\" href=\"https:\/\/www.grupoauximara.com\/en\/packaging-chemical-products\/\">\n\t\t\t<i aria-hidden=\"true\" class=\"opal-icon- opal-icon-right-long\"><\/i>\t\t\t<\/a>\n\t\t<\/div>\n\t\t\t\t\t\t<\/div>\n\t\t\t\t<\/div>\n\t\t\t\t\t<\/div>\n\t\t<\/div>\n\t\t\t\t\t<\/div>\n\t\t<\/section>\n\t\t\t\t<section class=\"elementor-section elementor-top-section elementor-element elementor-element-296da60 elementor-section-boxed elementor-section-height-default elementor-section-height-default\" data-id=\"296da60\" data-element_type=\"section\">\n\t\t\t\t\t\t<div class=\"elementor-container elementor-column-gap-default\">\n\t\t\t\t\t<div class=\"elementor-column elementor-col-100 elementor-top-column elementor-element elementor-element-04fa4d4\" data-id=\"04fa4d4\" data-element_type=\"column\">\n\t\t\t<div class=\"elementor-widget-wrap elementor-element-populated\">\n\t\t\t\t\t\t<div class=\"elementor-element elementor-element-eeab518 elementor-widget elementor-widget-spacer\" data-id=\"eeab518\" data-element_type=\"widget\" data-widget_type=\"spacer.default\">\n\t\t\t\t<div class=\"elementor-widget-container\">\n\t\t\t\t\t\t\t<div class=\"elementor-spacer\">\n\t\t\t<div class=\"elementor-spacer-inner\"><\/div>\n\t\t<\/div>\n\t\t\t\t\t\t<\/div>\n\t\t\t\t<\/div>\n\t\t\t\t\t<\/div>\n\t\t<\/div>\n\t\t\t\t\t<\/div>\n\t\t<\/section>\n\t\t\t\t<\/div>\n\t\t","protected":false},"excerpt":{"rendered":"<p>Grupo Auximara specializes in the manufacture and custom design of cans for quince jam. Thanks to our metallic containers, the quince jam preserves all its properties and the authentic flavor. Choose the size and capacity of metal container you want for your product, we have a great variety. Rectangular can quince jelly Other categories Oleopack &hellip; <\/p>\n<p class=\"link-more\"><a href=\"https:\/\/www.grupoauximara.com\/en\/metal-food-containers\/quince-jelly\/\" class=\"more-link\">Read More <span class=\"screen-reader-text\"> &#8220;Quince jelly&#8221;<\/span><\/a><\/p>\n","protected":false},"author":1,"featured_media":0,"parent":5695,"menu_order":0,"comment_status":"closed","ping_status":"closed","template":"","meta":{"inline_featured_image":false,"footnotes":""},"class_list":["post-5671","page","type-page","status-publish","hentry"],"yoast_head":"<!-- This site is optimized with the Yoast SEO plugin v26.4 - https:\/\/yoast.com\/wordpress\/plugins\/seo\/ -->\n<title>Quince jelly Packaging | Grupo Auximara<\/title>\n<meta name=\"description\" content=\"Specialists in the manufacture and design of cans for quince jelly . The best metal containers for food. Get information here.\" \/>\n<meta name=\"robots\" content=\"index, follow, max-snippet:-1, max-image-preview:large, max-video-preview:-1\" \/>\n<link rel=\"canonical\" href=\"https:\/\/www.grupoauximara.com\/en\/metal-food-containers\/quince-jelly\/\" \/>\n<meta property=\"og:locale\" content=\"en_US\" \/>\n<meta property=\"og:type\" content=\"article\" \/>\n<meta property=\"og:title\" content=\"Quince jelly Packaging | Grupo Auximara\" \/>\n<meta property=\"og:description\" content=\"Specialists in the manufacture and design of cans for quince jelly . The best metal containers for food. Get information here.\" \/>\n<meta property=\"og:url\" content=\"https:\/\/www.grupoauximara.com\/en\/metal-food-containers\/quince-jelly\/\" \/>\n<meta property=\"og:site_name\" content=\"Auximara\" \/>\n<meta property=\"article:modified_time\" content=\"2019-10-23T08:23:41+00:00\" \/>\n<meta property=\"og:image\" content=\"https:\/\/www.grupoauximara.com\/wp-content\/uploads\/2019\/09\/lata-membrillo-600x600.jpg\" \/>\n<meta name=\"twitter:card\" content=\"summary_large_image\" \/>\n<script type=\"application\/ld+json\" class=\"yoast-schema-graph\">{\"@context\":\"https:\/\/schema.org\",\"@graph\":[{\"@type\":\"WebPage\",\"@id\":\"https:\/\/www.grupoauximara.com\/en\/metal-food-containers\/quince-jelly\/\",\"url\":\"https:\/\/www.grupoauximara.com\/en\/metal-food-containers\/quince-jelly\/\",\"name\":\"Quince jelly Packaging | Grupo Auximara\",\"isPartOf\":{\"@id\":\"https:\/\/www.grupoauximara.com\/en\/#website\"},\"primaryImageOfPage\":{\"@id\":\"https:\/\/www.grupoauximara.com\/en\/metal-food-containers\/quince-jelly\/#primaryimage\"},\"image\":{\"@id\":\"https:\/\/www.grupoauximara.com\/en\/metal-food-containers\/quince-jelly\/#primaryimage\"},\"thumbnailUrl\":\"https:\/\/www.grupoauximara.com\/wp-content\/uploads\/2019\/09\/lata-membrillo-600x600.jpg\",\"datePublished\":\"2019-07-09T15:28:56+00:00\",\"dateModified\":\"2019-10-23T08:23:41+00:00\",\"description\":\"Specialists in the manufacture and design of cans for quince jelly . The best metal containers for food. Get information here.\",\"breadcrumb\":{\"@id\":\"https:\/\/www.grupoauximara.com\/en\/metal-food-containers\/quince-jelly\/#breadcrumb\"},\"inLanguage\":\"en-US\",\"potentialAction\":[{\"@type\":\"ReadAction\",\"target\":[\"https:\/\/www.grupoauximara.com\/en\/metal-food-containers\/quince-jelly\/\"]}]},{\"@type\":\"ImageObject\",\"inLanguage\":\"en-US\",\"@id\":\"https:\/\/www.grupoauximara.com\/en\/metal-food-containers\/quince-jelly\/#primaryimage\",\"url\":\"https:\/\/www.grupoauximara.com\/wp-content\/uploads\/2019\/09\/lata-membrillo-600x600.jpg\",\"contentUrl\":\"https:\/\/www.grupoauximara.com\/wp-content\/uploads\/2019\/09\/lata-membrillo-600x600.jpg\"},{\"@type\":\"BreadcrumbList\",\"@id\":\"https:\/\/www.grupoauximara.com\/en\/metal-food-containers\/quince-jelly\/#breadcrumb\",\"itemListElement\":[{\"@type\":\"ListItem\",\"position\":1,\"name\":\"Portada\",\"item\":\"https:\/\/www.grupoauximara.com\/en\/\"},{\"@type\":\"ListItem\",\"position\":2,\"name\":\"Metal food containers\",\"item\":\"https:\/\/www.grupoauximara.com\/en\/metal-food-containers\/\"},{\"@type\":\"ListItem\",\"position\":3,\"name\":\"Quince jelly\"}]},{\"@type\":\"WebSite\",\"@id\":\"https:\/\/www.grupoauximara.com\/en\/#website\",\"url\":\"https:\/\/www.grupoauximara.com\/en\/\",\"name\":\"Auximara\",\"description\":\"Empresa dedicada al dise\u00f1o y fabricaci\u00f3n de latas y envases met\u00e1licos litografiados\",\"potentialAction\":[{\"@type\":\"SearchAction\",\"target\":{\"@type\":\"EntryPoint\",\"urlTemplate\":\"https:\/\/www.grupoauximara.com\/en\/?s={search_term_string}\"},\"query-input\":{\"@type\":\"PropertyValueSpecification\",\"valueRequired\":true,\"valueName\":\"search_term_string\"}}],\"inLanguage\":\"en-US\"}]}<\/script>\n<!-- \/ Yoast SEO plugin. -->","yoast_head_json":{"title":"Quince jelly Packaging | Grupo Auximara","description":"Specialists in the manufacture and design of cans for quince jelly . The best metal containers for food. Get information here.","robots":{"index":"index","follow":"follow","max-snippet":"max-snippet:-1","max-image-preview":"max-image-preview:large","max-video-preview":"max-video-preview:-1"},"canonical":"https:\/\/www.grupoauximara.com\/en\/metal-food-containers\/quince-jelly\/","og_locale":"en_US","og_type":"article","og_title":"Quince jelly Packaging | Grupo Auximara","og_description":"Specialists in the manufacture and design of cans for quince jelly . The best metal containers for food. Get information here.","og_url":"https:\/\/www.grupoauximara.com\/en\/metal-food-containers\/quince-jelly\/","og_site_name":"Auximara","article_modified_time":"2019-10-23T08:23:41+00:00","og_image":[{"url":"https:\/\/www.grupoauximara.com\/wp-content\/uploads\/2019\/09\/lata-membrillo-600x600.jpg","type":"","width":"","height":""}],"twitter_card":"summary_large_image","schema":{"@context":"https:\/\/schema.org","@graph":[{"@type":"WebPage","@id":"https:\/\/www.grupoauximara.com\/en\/metal-food-containers\/quince-jelly\/","url":"https:\/\/www.grupoauximara.com\/en\/metal-food-containers\/quince-jelly\/","name":"Quince jelly Packaging | Grupo Auximara","isPartOf":{"@id":"https:\/\/www.grupoauximara.com\/en\/#website"},"primaryImageOfPage":{"@id":"https:\/\/www.grupoauximara.com\/en\/metal-food-containers\/quince-jelly\/#primaryimage"},"image":{"@id":"https:\/\/www.grupoauximara.com\/en\/metal-food-containers\/quince-jelly\/#primaryimage"},"thumbnailUrl":"https:\/\/www.grupoauximara.com\/wp-content\/uploads\/2019\/09\/lata-membrillo-600x600.jpg","datePublished":"2019-07-09T15:28:56+00:00","dateModified":"2019-10-23T08:23:41+00:00","description":"Specialists in the manufacture and design of cans for quince jelly . The best metal containers for food. Get information here.","breadcrumb":{"@id":"https:\/\/www.grupoauximara.com\/en\/metal-food-containers\/quince-jelly\/#breadcrumb"},"inLanguage":"en-US","potentialAction":[{"@type":"ReadAction","target":["https:\/\/www.grupoauximara.com\/en\/metal-food-containers\/quince-jelly\/"]}]},{"@type":"ImageObject","inLanguage":"en-US","@id":"https:\/\/www.grupoauximara.com\/en\/metal-food-containers\/quince-jelly\/#primaryimage","url":"https:\/\/www.grupoauximara.com\/wp-content\/uploads\/2019\/09\/lata-membrillo-600x600.jpg","contentUrl":"https:\/\/www.grupoauximara.com\/wp-content\/uploads\/2019\/09\/lata-membrillo-600x600.jpg"},{"@type":"BreadcrumbList","@id":"https:\/\/www.grupoauximara.com\/en\/metal-food-containers\/quince-jelly\/#breadcrumb","itemListElement":[{"@type":"ListItem","position":1,"name":"Portada","item":"https:\/\/www.grupoauximara.com\/en\/"},{"@type":"ListItem","position":2,"name":"Metal food containers","item":"https:\/\/www.grupoauximara.com\/en\/metal-food-containers\/"},{"@type":"ListItem","position":3,"name":"Quince jelly"}]},{"@type":"WebSite","@id":"https:\/\/www.grupoauximara.com\/en\/#website","url":"https:\/\/www.grupoauximara.com\/en\/","name":"Auximara","description":"Empresa dedicada al dise\u00f1o y fabricaci\u00f3n de latas y envases met\u00e1licos litografiados","potentialAction":[{"@type":"SearchAction","target":{"@type":"EntryPoint","urlTemplate":"https:\/\/www.grupoauximara.com\/en\/?s={search_term_string}"},"query-input":{"@type":"PropertyValueSpecification","valueRequired":true,"valueName":"search_term_string"}}],"inLanguage":"en-US"}]}},"_links":{"self":[{"href":"https:\/\/www.grupoauximara.com\/en\/wp-json\/wp\/v2\/pages\/5671","targetHints":{"allow":["GET"]}}],"collection":[{"href":"https:\/\/www.grupoauximara.com\/en\/wp-json\/wp\/v2\/pages"}],"about":[{"href":"https:\/\/www.grupoauximara.com\/en\/wp-json\/wp\/v2\/types\/page"}],"author":[{"embeddable":true,"href":"https:\/\/www.grupoauximara.com\/en\/wp-json\/wp\/v2\/users\/1"}],"replies":[{"embeddable":true,"href":"https:\/\/www.grupoauximara.com\/en\/wp-json\/wp\/v2\/comments?post=5671"}],"version-history":[{"count":0,"href":"https:\/\/www.grupoauximara.com\/en\/wp-json\/wp\/v2\/pages\/5671\/revisions"}],"up":[{"embeddable":true,"href":"https:\/\/www.grupoauximara.com\/en\/wp-json\/wp\/v2\/pages\/5695"}],"wp:attachment":[{"href":"https:\/\/www.grupoauximara.com\/en\/wp-json\/wp\/v2\/media?parent=5671"}],"curies":[{"name":"wp","href":"https:\/\/api.w.org\/{rel}","templated":true}]}}