{"id":5669,"date":"2019-07-09T17:30:08","date_gmt":"2019-07-09T15:30:08","guid":{"rendered":"https:\/\/www.grupoauximara.com\/latas-pimenton\/"},"modified":"2019-10-23T10:22:45","modified_gmt":"2019-10-23T08:22:45","slug":"paprika-spices","status":"publish","type":"page","link":"https:\/\/www.grupoauximara.com\/en\/metal-food-containers\/paprika-spices\/","title":{"rendered":"Paprika and spices"},"content":{"rendered":"\t\t<div data-elementor-type=\"wp-post\" data-elementor-id=\"5669\" class=\"elementor elementor-5669 elementor-5387\" data-elementor-post-type=\"page\">\n\t\t\t\t\t\t<section class=\"elementor-section elementor-top-section elementor-element elementor-element-e4ec41c elementor-section-stretched elementor-section-height-min-height elementor-section-boxed elementor-section-height-default elementor-section-items-middle\" data-id=\"e4ec41c\" data-element_type=\"section\" data-settings=\"{&quot;stretch_section&quot;:&quot;section-stretched&quot;,&quot;background_background&quot;:&quot;classic&quot;}\">\n\t\t\t\t\t\t<div class=\"elementor-container elementor-column-gap-default\">\n\t\t\t\t\t<div class=\"elementor-column elementor-col-100 elementor-top-column elementor-element elementor-element-960cc16\" data-id=\"960cc16\" data-element_type=\"column\">\n\t\t\t<div class=\"elementor-widget-wrap elementor-element-populated\">\n\t\t\t\t\t\t<div class=\"elementor-element elementor-element-8667f5e elementor-widget elementor-widget-heading\" data-id=\"8667f5e\" data-element_type=\"widget\" data-widget_type=\"heading.default\">\n\t\t\t\t<div class=\"elementor-widget-container\">\n\t\t\t\t\t<h1 class=\"elementor-heading-title elementor-size-default\">Paprika and spices<\/h1>\t\t\t\t<\/div>\n\t\t\t\t<\/div>\n\t\t\t\t\t<\/div>\n\t\t<\/div>\n\t\t\t\t\t<\/div>\n\t\t<\/section>\n\t\t\t\t<section class=\"elementor-section elementor-top-section elementor-element elementor-element-8beb966 elementor-section-boxed elementor-section-height-default elementor-section-height-default\" data-id=\"8beb966\" data-element_type=\"section\" data-settings=\"{&quot;background_background&quot;:&quot;classic&quot;}\">\n\t\t\t\t\t\t<div class=\"elementor-container elementor-column-gap-default\">\n\t\t\t\t\t<div class=\"elementor-column elementor-col-100 elementor-top-column elementor-element elementor-element-befe1cc\" data-id=\"befe1cc\" data-element_type=\"column\">\n\t\t\t<div class=\"elementor-widget-wrap elementor-element-populated\">\n\t\t\t\t\t\t<div class=\"elementor-element elementor-element-c498c7e elementor-widget elementor-widget-text-editor\" data-id=\"c498c7e\" data-element_type=\"widget\" data-widget_type=\"text-editor.default\">\n\t\t\t\t<div class=\"elementor-widget-container\">\n\t\t\t\t\t\t\t<div class=\"elementor-text-editor elementor-clearfix\"><p>Paprika is a seasoning obtained from the drying and grinding of certain varieties of red peppers, especially the lady and paprika.<\/p><p>This type of product requires special care in its packaging, so at Grupo Auximara we only put at your disposal the metallic paprika containers that keep the product in the ideal conditions for your enjoyment.<\/p><p>Choose if you prefer the metal cover or plastic ones.<\/p><\/div>\n\t\t\t\t\t\t<\/div>\n\t\t\t\t<\/div>\n\t\t\t\t\t<\/div>\n\t\t<\/div>\n\t\t\t\t\t<\/div>\n\t\t<\/section>\n\t\t\t\t<section class=\"elementor-section elementor-top-section elementor-element elementor-element-25c3047 elementor-section-boxed elementor-section-height-default elementor-section-height-default\" data-id=\"25c3047\" data-element_type=\"section\">\n\t\t\t\t\t\t<div class=\"elementor-container elementor-column-gap-default\">\n\t\t\t\t\t<div class=\"elementor-column elementor-col-100 elementor-top-column elementor-element elementor-element-863ad56\" data-id=\"863ad56\" data-element_type=\"column\">\n\t\t\t<div class=\"elementor-widget-wrap elementor-element-populated\">\n\t\t\t\t\t\t<div class=\"elementor-element elementor-element-26ba490 elementor-product-style-1 elementor-widget elementor-widget-opal-products\" data-id=\"26ba490\" data-element_type=\"widget\" data-widget_type=\"opal-products.default\">\n\t\t\t\t<div class=\"elementor-widget-container\">\n\t\t\t\t\t        <div data-elementor-columns-tablet=\"3\">\n            <div class=\"woocommerce columns-4 \"><ul class=\"products columns-4\">\n<li class=\"product type-product post-5730 status-publish first instock product_cat-metal-food-containers-en product_cat-paprika-spices-en product_tag-papr has-post-thumbnail shipping-taxable product-type-simple\">\n\t<div class=\"product-block\"><div class=\"product-transition\"><div class=\"product-image\"><img fetchpriority=\"high\" decoding=\"async\" width=\"600\" height=\"600\" src=\"https:\/\/www.grupoauximara.com\/wp-content\/uploads\/2019\/07\/lata-pimenton-tapa-plastico-600x600.jpg\" class=\"attachment-woocommerce_thumbnail size-woocommerce_thumbnail\" alt=\"Lata piment\u00f3n tapa de pl\u00e1stico\" srcset=\"https:\/\/www.grupoauximara.com\/wp-content\/uploads\/2019\/07\/lata-pimenton-tapa-plastico-600x600.jpg 600w, https:\/\/www.grupoauximara.com\/wp-content\/uploads\/2019\/07\/lata-pimenton-tapa-plastico-150x150.jpg 150w, https:\/\/www.grupoauximara.com\/wp-content\/uploads\/2019\/07\/lata-pimenton-tapa-plastico-400x400.jpg 400w, https:\/\/www.grupoauximara.com\/wp-content\/uploads\/2019\/07\/lata-pimenton-tapa-plastico-100x100.jpg 100w\" sizes=\"(max-width: 600px) 100vw, 600px\" \/><\/div><div class=\"product-caption\"><div class=\"shop-action\">\n<div\n\tclass=\"yith-wcwl-add-to-wishlist add-to-wishlist-5730 yith-wcwl-add-to-wishlist--link-style wishlist-fragment on-first-load\"\n\tdata-fragment-ref=\"5730\"\n\tdata-fragment-options=\"{&quot;base_url&quot;:&quot;&quot;,&quot;product_id&quot;:5730,&quot;parent_product_id&quot;:0,&quot;product_type&quot;:&quot;simple&quot;,&quot;is_single&quot;:false,&quot;in_default_wishlist&quot;:false,&quot;show_view&quot;:false,&quot;browse_wishlist_text&quot;:&quot;Navegar por Lista de Deseos&quot;,&quot;already_in_wishslist_text&quot;:&quot;El producto ya est\\u00e1 en la lista de deseos!&quot;,&quot;product_added_text&quot;:&quot;Producto a\\u00f1adido!&quot;,&quot;available_multi_wishlist&quot;:false,&quot;disable_wishlist&quot;:false,&quot;show_count&quot;:false,&quot;ajax_loading&quot;:false,&quot;loop_position&quot;:false,&quot;item&quot;:&quot;add_to_wishlist&quot;}\"\n>\n\t\t\t\n\t\t\t<!-- ADD TO WISHLIST -->\n\t\t\t\n<div class=\"yith-wcwl-add-button\">\n\t\t<a\n\t\thref=\"?add_to_wishlist=5730&#038;_wpnonce=4371db9897\"\n\t\tclass=\"add_to_wishlist single_add_to_wishlist\"\n\t\tdata-product-id=\"5730\"\n\t\tdata-product-type=\"simple\"\n\t\tdata-original-product-id=\"0\"\n\t\tdata-title=\"A\u00f1adir a la lista de deseos\"\n\t\trel=\"nofollow\"\n\t>\n\t\t<svg id=\"yith-wcwl-icon-heart-outline\" class=\"yith-wcwl-icon-svg\" fill=\"none\" stroke-width=\"1.5\" stroke=\"currentColor\" viewBox=\"0 0 24 24\" xmlns=\"http:\/\/www.w3.org\/2000\/svg\">\n  <path stroke-linecap=\"round\" stroke-linejoin=\"round\" d=\"M21 8.25c0-2.485-2.099-4.5-4.688-4.5-1.935 0-3.597 1.126-4.312 2.733-.715-1.607-2.377-2.733-4.313-2.733C5.1 3.75 3 5.765 3 8.25c0 7.22 9 12 9 12s9-4.78 9-12Z\"><\/path>\n<\/svg>\t\t<span>A\u00f1adir a la lista de deseos<\/span>\n\t<\/a>\n<\/div>\n\n\t\t\t<!-- COUNT TEXT -->\n\t\t\t\n\t\t\t<\/div>\n<\/div><\/div>\t<span id=\"woocommerce_loop_add_to_cart_link_describedby_5730\" class=\"screen-reader-text\">\n\t\t\t<\/span>\n<a href=\"https:\/\/www.grupoauximara.com\/en\/product\/can-paprika-plastic-double-use-lid\/\" class=\"woocommerce-LoopProduct-link woocommerce-loop-product__link\"><\/a><\/div><div class=\"caption\"><h3 class=\"woocommerce-loop-product__title\"><a href=\"https:\/\/www.grupoauximara.com\/en\/product\/can-paprika-plastic-double-use-lid\/\">Can paprika plastic double use lid<\/a><\/h3>\n<\/div><\/div><\/li>\n<li class=\"product type-product post-5729 status-publish instock product_cat-metal-food-containers-en product_cat-paprika-spices-en product_tag-paprika has-post-thumbnail shipping-taxable product-type-simple\">\n\t<div class=\"product-block\"><div class=\"product-transition\"><div class=\"product-image\"><img decoding=\"async\" width=\"600\" height=\"600\" src=\"https:\/\/www.grupoauximara.com\/wp-content\/uploads\/2019\/09\/lata-pimenton-tapa-metal-600x600.jpg\" class=\"attachment-woocommerce_thumbnail size-woocommerce_thumbnail\" alt=\"Can paprika metal lid\" srcset=\"https:\/\/www.grupoauximara.com\/wp-content\/uploads\/2019\/09\/lata-pimenton-tapa-metal-600x600.jpg 600w, https:\/\/www.grupoauximara.com\/wp-content\/uploads\/2019\/09\/lata-pimenton-tapa-metal-150x150.jpg 150w, https:\/\/www.grupoauximara.com\/wp-content\/uploads\/2019\/09\/lata-pimenton-tapa-metal-400x400.jpg 400w, https:\/\/www.grupoauximara.com\/wp-content\/uploads\/2019\/09\/lata-pimenton-tapa-metal-100x100.jpg 100w\" sizes=\"(max-width: 600px) 100vw, 600px\" \/><\/div><div class=\"product-caption\"><div class=\"shop-action\">\n<div\n\tclass=\"yith-wcwl-add-to-wishlist add-to-wishlist-5729 yith-wcwl-add-to-wishlist--link-style wishlist-fragment on-first-load\"\n\tdata-fragment-ref=\"5729\"\n\tdata-fragment-options=\"{&quot;base_url&quot;:&quot;&quot;,&quot;product_id&quot;:5729,&quot;parent_product_id&quot;:0,&quot;product_type&quot;:&quot;simple&quot;,&quot;is_single&quot;:false,&quot;in_default_wishlist&quot;:false,&quot;show_view&quot;:false,&quot;browse_wishlist_text&quot;:&quot;Navegar por Lista de Deseos&quot;,&quot;already_in_wishslist_text&quot;:&quot;El producto ya est\\u00e1 en la lista de deseos!&quot;,&quot;product_added_text&quot;:&quot;Producto a\\u00f1adido!&quot;,&quot;available_multi_wishlist&quot;:false,&quot;disable_wishlist&quot;:false,&quot;show_count&quot;:false,&quot;ajax_loading&quot;:false,&quot;loop_position&quot;:false,&quot;item&quot;:&quot;add_to_wishlist&quot;}\"\n>\n\t\t\t\n\t\t\t<!-- ADD TO WISHLIST -->\n\t\t\t\n<div class=\"yith-wcwl-add-button\">\n\t\t<a\n\t\thref=\"?add_to_wishlist=5729&#038;_wpnonce=4371db9897\"\n\t\tclass=\"add_to_wishlist single_add_to_wishlist\"\n\t\tdata-product-id=\"5729\"\n\t\tdata-product-type=\"simple\"\n\t\tdata-original-product-id=\"0\"\n\t\tdata-title=\"A\u00f1adir a la lista de deseos\"\n\t\trel=\"nofollow\"\n\t>\n\t\t<svg id=\"yith-wcwl-icon-heart-outline\" class=\"yith-wcwl-icon-svg\" fill=\"none\" stroke-width=\"1.5\" stroke=\"currentColor\" viewBox=\"0 0 24 24\" xmlns=\"http:\/\/www.w3.org\/2000\/svg\">\n  <path stroke-linecap=\"round\" stroke-linejoin=\"round\" d=\"M21 8.25c0-2.485-2.099-4.5-4.688-4.5-1.935 0-3.597 1.126-4.312 2.733-.715-1.607-2.377-2.733-4.313-2.733C5.1 3.75 3 5.765 3 8.25c0 7.22 9 12 9 12s9-4.78 9-12Z\"><\/path>\n<\/svg>\t\t<span>A\u00f1adir a la lista de deseos<\/span>\n\t<\/a>\n<\/div>\n\n\t\t\t<!-- COUNT TEXT -->\n\t\t\t\n\t\t\t<\/div>\n<\/div><\/div>\t<span id=\"woocommerce_loop_add_to_cart_link_describedby_5729\" class=\"screen-reader-text\">\n\t\t\t<\/span>\n<a href=\"https:\/\/www.grupoauximara.com\/en\/product\/can-paprika-metal-lid\/\" class=\"woocommerce-LoopProduct-link woocommerce-loop-product__link\"><\/a><\/div><div class=\"caption\"><h3 class=\"woocommerce-loop-product__title\"><a href=\"https:\/\/www.grupoauximara.com\/en\/product\/can-paprika-metal-lid\/\">Can paprika metal lid<\/a><\/h3>\n<\/div><\/div><\/li>\n<\/ul>\n<\/div>        <\/div>\n        \t\t\t\t<\/div>\n\t\t\t\t<\/div>\n\t\t\t\t\t<\/div>\n\t\t<\/div>\n\t\t\t\t\t<\/div>\n\t\t<\/section>\n\t\t\t\t<section class=\"elementor-section elementor-top-section elementor-element elementor-element-282a9f6 elementor-section-boxed elementor-section-height-default elementor-section-height-default\" data-id=\"282a9f6\" data-element_type=\"section\">\n\t\t\t\t\t\t<div class=\"elementor-container elementor-column-gap-default\">\n\t\t\t\t\t<div class=\"elementor-column elementor-col-100 elementor-top-column elementor-element elementor-element-e7bc42e\" data-id=\"e7bc42e\" data-element_type=\"column\">\n\t\t\t<div class=\"elementor-widget-wrap elementor-element-populated\">\n\t\t\t\t\t\t<div class=\"elementor-element elementor-element-8d44228 elementor-widget elementor-widget-spacer\" data-id=\"8d44228\" data-element_type=\"widget\" data-widget_type=\"spacer.default\">\n\t\t\t\t<div class=\"elementor-widget-container\">\n\t\t\t\t\t\t\t<div class=\"elementor-spacer\">\n\t\t\t<div class=\"elementor-spacer-inner\"><\/div>\n\t\t<\/div>\n\t\t\t\t\t\t<\/div>\n\t\t\t\t<\/div>\n\t\t\t\t\t<\/div>\n\t\t<\/div>\n\t\t\t\t\t<\/div>\n\t\t<\/section>\n\t\t\t\t<section class=\"elementor-section elementor-top-section elementor-element elementor-element-42fb52e elementor-section-boxed elementor-section-height-default elementor-section-height-default\" data-id=\"42fb52e\" data-element_type=\"section\">\n\t\t\t\t\t\t<div class=\"elementor-container elementor-column-gap-default\">\n\t\t\t\t\t<div class=\"elementor-column elementor-col-33 elementor-top-column elementor-element elementor-element-6728fbe\" data-id=\"6728fbe\" data-element_type=\"column\" data-settings=\"{&quot;background_background&quot;:&quot;classic&quot;}\">\n\t\t\t<div class=\"elementor-widget-wrap elementor-element-populated\">\n\t\t\t\t\t\t<div class=\"elementor-element elementor-element-7ae62eb elementor-widget elementor-widget-heading\" data-id=\"7ae62eb\" data-element_type=\"widget\" data-widget_type=\"heading.default\">\n\t\t\t\t<div class=\"elementor-widget-container\">\n\t\t\t\t\t<h2 class=\"elementor-heading-title elementor-size-default\">Other categories<\/h2>\t\t\t\t<\/div>\n\t\t\t\t<\/div>\n\t\t\t\t<div class=\"elementor-element elementor-element-79ddf0c elementor-widget-divider--view-line elementor-widget elementor-widget-divider\" data-id=\"79ddf0c\" data-element_type=\"widget\" data-widget_type=\"divider.default\">\n\t\t\t\t<div class=\"elementor-widget-container\">\n\t\t\t\t\t\t\t<div class=\"elementor-divider\">\n\t\t\t<span class=\"elementor-divider-separator\">\n\t\t\t\t\t\t<\/span>\n\t\t<\/div>\n\t\t\t\t\t\t<\/div>\n\t\t\t\t<\/div>\n\t\t\t\t\t<\/div>\n\t\t<\/div>\n\t\t\t\t<div class=\"elementor-column elementor-col-33 elementor-top-column elementor-element elementor-element-5b1ca2b\" data-id=\"5b1ca2b\" data-element_type=\"column\" data-settings=\"{&quot;background_background&quot;:&quot;classic&quot;}\">\n\t\t\t<div class=\"elementor-widget-wrap elementor-element-populated\">\n\t\t\t\t\t\t<div class=\"elementor-element elementor-element-5ad082f elementor-widget elementor-widget-heading\" data-id=\"5ad082f\" data-element_type=\"widget\" data-widget_type=\"heading.default\">\n\t\t\t\t<div class=\"elementor-widget-container\">\n\t\t\t\t\t<h2 class=\"elementor-heading-title elementor-size-default\"><a href=\"https:\/\/www.grupoauximara.com\/en\/product\/oleopack\/\">Oleopack<\/a><\/h2>\t\t\t\t<\/div>\n\t\t\t\t<\/div>\n\t\t\t\t<div class=\"elementor-element elementor-element-3251e06 elementor-view-default elementor-widget elementor-widget-icon\" data-id=\"3251e06\" data-element_type=\"widget\" data-widget_type=\"icon.default\">\n\t\t\t\t<div class=\"elementor-widget-container\">\n\t\t\t\t\t\t\t<div class=\"elementor-icon-wrapper\">\n\t\t\t<a class=\"elementor-icon\" href=\"https:\/\/www.grupoauximara.com\/en\/product\/oleopack\/\">\n\t\t\t<i aria-hidden=\"true\" class=\"opal-icon- opal-icon-right-long\"><\/i>\t\t\t<\/a>\n\t\t<\/div>\n\t\t\t\t\t\t<\/div>\n\t\t\t\t<\/div>\n\t\t\t\t\t<\/div>\n\t\t<\/div>\n\t\t\t\t<div class=\"elementor-column elementor-col-33 elementor-top-column elementor-element elementor-element-f36c1d3\" data-id=\"f36c1d3\" data-element_type=\"column\" data-settings=\"{&quot;background_background&quot;:&quot;classic&quot;}\">\n\t\t\t<div class=\"elementor-widget-wrap elementor-element-populated\">\n\t\t\t\t\t\t<div class=\"elementor-element elementor-element-2820e9d elementor-widget elementor-widget-heading\" data-id=\"2820e9d\" data-element_type=\"widget\" data-widget_type=\"heading.default\">\n\t\t\t\t<div class=\"elementor-widget-container\">\n\t\t\t\t\t<h2 class=\"elementor-heading-title elementor-size-default\"><a href=\"https:\/\/www.grupoauximara.com\/en\/packaging-chemical-products\/\">Chemical <br>products <br><\/a><\/h2>\t\t\t\t<\/div>\n\t\t\t\t<\/div>\n\t\t\t\t<div class=\"elementor-element elementor-element-3038a9d elementor-view-default elementor-widget elementor-widget-icon\" data-id=\"3038a9d\" data-element_type=\"widget\" data-widget_type=\"icon.default\">\n\t\t\t\t<div class=\"elementor-widget-container\">\n\t\t\t\t\t\t\t<div class=\"elementor-icon-wrapper\">\n\t\t\t<a class=\"elementor-icon\" href=\"https:\/\/www.grupoauximara.com\/en\/packaging-chemical-products\/\">\n\t\t\t<i aria-hidden=\"true\" class=\"opal-icon- opal-icon-right-long\"><\/i>\t\t\t<\/a>\n\t\t<\/div>\n\t\t\t\t\t\t<\/div>\n\t\t\t\t<\/div>\n\t\t\t\t\t<\/div>\n\t\t<\/div>\n\t\t\t\t\t<\/div>\n\t\t<\/section>\n\t\t\t\t<section class=\"elementor-section elementor-top-section elementor-element elementor-element-8e83fa2 elementor-section-boxed elementor-section-height-default elementor-section-height-default\" data-id=\"8e83fa2\" data-element_type=\"section\">\n\t\t\t\t\t\t<div class=\"elementor-container elementor-column-gap-default\">\n\t\t\t\t\t<div class=\"elementor-column elementor-col-100 elementor-top-column elementor-element elementor-element-d5320c9\" data-id=\"d5320c9\" data-element_type=\"column\">\n\t\t\t<div class=\"elementor-widget-wrap elementor-element-populated\">\n\t\t\t\t\t\t<div class=\"elementor-element elementor-element-7defd64 elementor-widget elementor-widget-spacer\" data-id=\"7defd64\" data-element_type=\"widget\" data-widget_type=\"spacer.default\">\n\t\t\t\t<div class=\"elementor-widget-container\">\n\t\t\t\t\t\t\t<div class=\"elementor-spacer\">\n\t\t\t<div class=\"elementor-spacer-inner\"><\/div>\n\t\t<\/div>\n\t\t\t\t\t\t<\/div>\n\t\t\t\t<\/div>\n\t\t\t\t\t<\/div>\n\t\t<\/div>\n\t\t\t\t\t<\/div>\n\t\t<\/section>\n\t\t\t\t<\/div>\n\t\t","protected":false},"excerpt":{"rendered":"<p>Paprika is a seasoning obtained from the drying and grinding of certain varieties of red peppers, especially the lady and paprika. This type of product requires special care in its packaging, so at Grupo Auximara we only put at your disposal the metallic paprika containers that keep the product in the ideal conditions for your &hellip; <\/p>\n<p class=\"link-more\"><a href=\"https:\/\/www.grupoauximara.com\/en\/metal-food-containers\/paprika-spices\/\" class=\"more-link\">Read More <span class=\"screen-reader-text\"> &#8220;Paprika and spices&#8221;<\/span><\/a><\/p>\n","protected":false},"author":1,"featured_media":0,"parent":5695,"menu_order":0,"comment_status":"closed","ping_status":"closed","template":"","meta":{"inline_featured_image":false,"footnotes":""},"class_list":["post-5669","page","type-page","status-publish","hentry"],"yoast_head":"<!-- This site is optimized with the Yoast SEO plugin v26.4 - https:\/\/yoast.com\/wordpress\/plugins\/seo\/ -->\n<title>Paprika and spices |Metal Packaging | Grupo Auximara<\/title>\n<meta name=\"description\" content=\"Our metal packaging, is the best solution for selling paprika and spices. Especially designed to guarantee the quality of the products.\" \/>\n<meta name=\"robots\" content=\"index, follow, max-snippet:-1, max-image-preview:large, max-video-preview:-1\" \/>\n<link rel=\"canonical\" href=\"https:\/\/www.grupoauximara.com\/en\/metal-food-containers\/paprika-spices\/\" \/>\n<meta property=\"og:locale\" content=\"en_US\" \/>\n<meta property=\"og:type\" content=\"article\" \/>\n<meta property=\"og:title\" content=\"Paprika and spices |Metal Packaging | Grupo Auximara\" \/>\n<meta property=\"og:description\" content=\"Our metal packaging, is the best solution for selling paprika and spices. Especially designed to guarantee the quality of the products.\" \/>\n<meta property=\"og:url\" content=\"https:\/\/www.grupoauximara.com\/en\/metal-food-containers\/paprika-spices\/\" \/>\n<meta property=\"og:site_name\" content=\"Auximara\" \/>\n<meta property=\"article:modified_time\" content=\"2019-10-23T08:22:45+00:00\" \/>\n<meta property=\"og:image\" content=\"https:\/\/www.grupoauximara.com\/wp-content\/uploads\/2019\/07\/lata-pimenton-tapa-plastico-600x600.jpg\" \/>\n<meta name=\"twitter:card\" content=\"summary_large_image\" \/>\n<script type=\"application\/ld+json\" class=\"yoast-schema-graph\">{\"@context\":\"https:\/\/schema.org\",\"@graph\":[{\"@type\":\"WebPage\",\"@id\":\"https:\/\/www.grupoauximara.com\/en\/metal-food-containers\/paprika-spices\/\",\"url\":\"https:\/\/www.grupoauximara.com\/en\/metal-food-containers\/paprika-spices\/\",\"name\":\"Paprika and spices |Metal Packaging | Grupo Auximara\",\"isPartOf\":{\"@id\":\"https:\/\/www.grupoauximara.com\/en\/#website\"},\"primaryImageOfPage\":{\"@id\":\"https:\/\/www.grupoauximara.com\/en\/metal-food-containers\/paprika-spices\/#primaryimage\"},\"image\":{\"@id\":\"https:\/\/www.grupoauximara.com\/en\/metal-food-containers\/paprika-spices\/#primaryimage\"},\"thumbnailUrl\":\"https:\/\/www.grupoauximara.com\/wp-content\/uploads\/2019\/07\/lata-pimenton-tapa-plastico-600x600.jpg\",\"datePublished\":\"2019-07-09T15:30:08+00:00\",\"dateModified\":\"2019-10-23T08:22:45+00:00\",\"description\":\"Our metal packaging, is the best solution for selling paprika and spices. Especially designed to guarantee the quality of the products.\",\"breadcrumb\":{\"@id\":\"https:\/\/www.grupoauximara.com\/en\/metal-food-containers\/paprika-spices\/#breadcrumb\"},\"inLanguage\":\"en-US\",\"potentialAction\":[{\"@type\":\"ReadAction\",\"target\":[\"https:\/\/www.grupoauximara.com\/en\/metal-food-containers\/paprika-spices\/\"]}]},{\"@type\":\"ImageObject\",\"inLanguage\":\"en-US\",\"@id\":\"https:\/\/www.grupoauximara.com\/en\/metal-food-containers\/paprika-spices\/#primaryimage\",\"url\":\"https:\/\/www.grupoauximara.com\/wp-content\/uploads\/2019\/07\/lata-pimenton-tapa-plastico-600x600.jpg\",\"contentUrl\":\"https:\/\/www.grupoauximara.com\/wp-content\/uploads\/2019\/07\/lata-pimenton-tapa-plastico-600x600.jpg\"},{\"@type\":\"BreadcrumbList\",\"@id\":\"https:\/\/www.grupoauximara.com\/en\/metal-food-containers\/paprika-spices\/#breadcrumb\",\"itemListElement\":[{\"@type\":\"ListItem\",\"position\":1,\"name\":\"Portada\",\"item\":\"https:\/\/www.grupoauximara.com\/en\/\"},{\"@type\":\"ListItem\",\"position\":2,\"name\":\"Metal food containers\",\"item\":\"https:\/\/www.grupoauximara.com\/en\/metal-food-containers\/\"},{\"@type\":\"ListItem\",\"position\":3,\"name\":\"Paprika and spices\"}]},{\"@type\":\"WebSite\",\"@id\":\"https:\/\/www.grupoauximara.com\/en\/#website\",\"url\":\"https:\/\/www.grupoauximara.com\/en\/\",\"name\":\"Auximara\",\"description\":\"Empresa dedicada al dise\u00f1o y fabricaci\u00f3n de latas y envases met\u00e1licos litografiados\",\"potentialAction\":[{\"@type\":\"SearchAction\",\"target\":{\"@type\":\"EntryPoint\",\"urlTemplate\":\"https:\/\/www.grupoauximara.com\/en\/?s={search_term_string}\"},\"query-input\":{\"@type\":\"PropertyValueSpecification\",\"valueRequired\":true,\"valueName\":\"search_term_string\"}}],\"inLanguage\":\"en-US\"}]}<\/script>\n<!-- \/ Yoast SEO plugin. -->","yoast_head_json":{"title":"Paprika and spices |Metal Packaging | Grupo Auximara","description":"Our metal packaging, is the best solution for selling paprika and spices. Especially designed to guarantee the quality of the products.","robots":{"index":"index","follow":"follow","max-snippet":"max-snippet:-1","max-image-preview":"max-image-preview:large","max-video-preview":"max-video-preview:-1"},"canonical":"https:\/\/www.grupoauximara.com\/en\/metal-food-containers\/paprika-spices\/","og_locale":"en_US","og_type":"article","og_title":"Paprika and spices |Metal Packaging | Grupo Auximara","og_description":"Our metal packaging, is the best solution for selling paprika and spices. Especially designed to guarantee the quality of the products.","og_url":"https:\/\/www.grupoauximara.com\/en\/metal-food-containers\/paprika-spices\/","og_site_name":"Auximara","article_modified_time":"2019-10-23T08:22:45+00:00","og_image":[{"url":"https:\/\/www.grupoauximara.com\/wp-content\/uploads\/2019\/07\/lata-pimenton-tapa-plastico-600x600.jpg","type":"","width":"","height":""}],"twitter_card":"summary_large_image","schema":{"@context":"https:\/\/schema.org","@graph":[{"@type":"WebPage","@id":"https:\/\/www.grupoauximara.com\/en\/metal-food-containers\/paprika-spices\/","url":"https:\/\/www.grupoauximara.com\/en\/metal-food-containers\/paprika-spices\/","name":"Paprika and spices |Metal Packaging | Grupo Auximara","isPartOf":{"@id":"https:\/\/www.grupoauximara.com\/en\/#website"},"primaryImageOfPage":{"@id":"https:\/\/www.grupoauximara.com\/en\/metal-food-containers\/paprika-spices\/#primaryimage"},"image":{"@id":"https:\/\/www.grupoauximara.com\/en\/metal-food-containers\/paprika-spices\/#primaryimage"},"thumbnailUrl":"https:\/\/www.grupoauximara.com\/wp-content\/uploads\/2019\/07\/lata-pimenton-tapa-plastico-600x600.jpg","datePublished":"2019-07-09T15:30:08+00:00","dateModified":"2019-10-23T08:22:45+00:00","description":"Our metal packaging, is the best solution for selling paprika and spices. Especially designed to guarantee the quality of the products.","breadcrumb":{"@id":"https:\/\/www.grupoauximara.com\/en\/metal-food-containers\/paprika-spices\/#breadcrumb"},"inLanguage":"en-US","potentialAction":[{"@type":"ReadAction","target":["https:\/\/www.grupoauximara.com\/en\/metal-food-containers\/paprika-spices\/"]}]},{"@type":"ImageObject","inLanguage":"en-US","@id":"https:\/\/www.grupoauximara.com\/en\/metal-food-containers\/paprika-spices\/#primaryimage","url":"https:\/\/www.grupoauximara.com\/wp-content\/uploads\/2019\/07\/lata-pimenton-tapa-plastico-600x600.jpg","contentUrl":"https:\/\/www.grupoauximara.com\/wp-content\/uploads\/2019\/07\/lata-pimenton-tapa-plastico-600x600.jpg"},{"@type":"BreadcrumbList","@id":"https:\/\/www.grupoauximara.com\/en\/metal-food-containers\/paprika-spices\/#breadcrumb","itemListElement":[{"@type":"ListItem","position":1,"name":"Portada","item":"https:\/\/www.grupoauximara.com\/en\/"},{"@type":"ListItem","position":2,"name":"Metal food containers","item":"https:\/\/www.grupoauximara.com\/en\/metal-food-containers\/"},{"@type":"ListItem","position":3,"name":"Paprika and spices"}]},{"@type":"WebSite","@id":"https:\/\/www.grupoauximara.com\/en\/#website","url":"https:\/\/www.grupoauximara.com\/en\/","name":"Auximara","description":"Empresa dedicada al dise\u00f1o y fabricaci\u00f3n de latas y envases met\u00e1licos litografiados","potentialAction":[{"@type":"SearchAction","target":{"@type":"EntryPoint","urlTemplate":"https:\/\/www.grupoauximara.com\/en\/?s={search_term_string}"},"query-input":{"@type":"PropertyValueSpecification","valueRequired":true,"valueName":"search_term_string"}}],"inLanguage":"en-US"}]}},"_links":{"self":[{"href":"https:\/\/www.grupoauximara.com\/en\/wp-json\/wp\/v2\/pages\/5669","targetHints":{"allow":["GET"]}}],"collection":[{"href":"https:\/\/www.grupoauximara.com\/en\/wp-json\/wp\/v2\/pages"}],"about":[{"href":"https:\/\/www.grupoauximara.com\/en\/wp-json\/wp\/v2\/types\/page"}],"author":[{"embeddable":true,"href":"https:\/\/www.grupoauximara.com\/en\/wp-json\/wp\/v2\/users\/1"}],"replies":[{"embeddable":true,"href":"https:\/\/www.grupoauximara.com\/en\/wp-json\/wp\/v2\/comments?post=5669"}],"version-history":[{"count":0,"href":"https:\/\/www.grupoauximara.com\/en\/wp-json\/wp\/v2\/pages\/5669\/revisions"}],"up":[{"embeddable":true,"href":"https:\/\/www.grupoauximara.com\/en\/wp-json\/wp\/v2\/pages\/5695"}],"wp:attachment":[{"href":"https:\/\/www.grupoauximara.com\/en\/wp-json\/wp\/v2\/media?parent=5669"}],"curies":[{"name":"wp","href":"https:\/\/api.w.org\/{rel}","templated":true}]}}